{"id":753558,"date":"2025-08-28T05:46:27","date_gmt":"2025-08-28T02:46:27","guid":{"rendered":"https:\/\/roveyayinevi.com.tr\/index.php\/urun\/modernizm\/"},"modified":"2026-04-16T03:06:50","modified_gmt":"2026-04-16T00:06:50","slug":"modernizm","status":"publish","type":"product","link":"https:\/\/roveyayinevi.com.tr\/index.php\/urun\/modernizm\/","title":{"rendered":"Modernizm"},"content":{"rendered":"<p>Robin Walz&#8217;un Modernizm kitab\u0131, \u00f6nemli birincil kaynaklar\u0131, konuya geri d\u00f6nen ya da ilk kez \u00e7al\u0131\u015facak \u00f6\u011frenciler i\u00e7in daha eri\u015filebilir hale getirecek \u00f6zellikleri i\u00e7eriyor.Yirminci y\u00fczy\u0131l, iki d\u00fcnya sava\u015f\u0131na, kom\u00fcnizmin y\u00fckseli\u015fine ve \u00e7\u00f6k\u00fc\u015f\u00fcne, k\u00fcresel bir ekonominin kurulmas\u0131na, k\u00fcresel \u0131s\u0131nman\u0131n ba\u015flang\u0131c\u0131na ve d\u00fcnyan\u0131n b\u00fcy\u00fck bir b\u00f6l\u00fcm\u00fcnde kad\u0131nlar\u0131n stat\u00fcs\u00fcn\u00fcn tamamen tersine d\u00f6nmesine tan\u0131kl\u0131k eden k\u00fcresel \u00f6l\u00e7ekte sismik bir de\u011fi\u015fim d\u00f6nemiydi.Yirminci y\u00fczy\u0131l\u0131n ba\u015flar\u0131ndaki modernist hareketler, bug\u00fcn i\u00e7inde ya\u015fad\u0131\u011f\u0131m\u0131z multimedya odakl\u0131 d\u00fcnya olmadan d\u00fc\u015f\u00fcn\u00fclemeyecek bir k\u00fclt\u00fcrel devrim ba\u015flatt\u0131.  Bug\u00fcn modernizm, sanat galerilerinde ve \u00fcniversite derslerinde y\u00fcceltiliyor.  Soyutlama ve montaj teknikleriyle yenilik ve \u015fok yaratma d\u00fcrt\u00fcs\u00fc, ticari reklamc\u0131l\u0131\u011f\u0131n, sinema filmlerinin, televizyonun ve bilgisayarda \u00fcretilen grafiklerin temelini olu\u015fturuyor.Robin Walz, bu k\u0131sa k\u00fclt\u00fcr tarihinde modernizmin devrimci y\u00f6n\u00fcn\u00fc canl\u0131 bir \u015fekilde yeniden ele al\u0131yor.  K\u00fcbizm ve Bauhaus&#8217;tan Soyut D\u0131\u015favurumculuk ve Pop Art&#8217;a kadar \u00e7e\u015fitli k\u00fclt\u00fcrel hareketlerden do\u011fan ve sanat, edebiyat, m\u00fczik, tasar\u0131m ve mimari alanlar\u0131nda farkl\u0131 \u015fekillerde i\u015fleyen estetik bir kavram\u0131n, \u00f6nce Avrupa&#8217;da sonra da t\u00fcm d\u00fcnyada entelekt\u00fcel ve k\u00fclt\u00fcrel hayat\u0131 ve varsay\u0131mlar\u0131 nas\u0131l alt\u00fcst etti\u011fini g\u00f6steriyor.Modernizmin on dokuzuncu y\u00fczy\u0131ldaki k\u00f6kenlerinden postmodern miraslar\u0131na uzanan bu kitap, okuyucuya dinamik bir tarihsel s\u00fcre\u00e7 ve g\u00fcn\u00fcm\u00fcze h\u00e2l\u00e2 hitap eden tamamlanmam\u0131\u015f bir proje olarak modernizmin b\u00fcy\u00fck resmine eri\u015fim f\u0131rsat\u0131 sunuyor.   <\/p>\n","protected":false},"excerpt":{"rendered":"<p>Robin Walz&#8217;un Modernizm kitab\u0131, \u00f6nemli birincil kaynaklar\u0131, konuya geri d\u00f6nen ya da ilk kez \u00e7al\u0131\u015facak \u00f6\u011frenciler i\u00e7in daha eri\u015filebilir hale getirecek \u00f6zellikleri i\u00e7eriyor.Yirminci y\u00fczy\u0131l, iki d\u00fcnya<span class=\"excerpt-hellip\"> [\u2026]<\/span><\/p>\n","protected":false},"featured_media":0,"template":"","meta":{"_monsterinsights_skip_tracking":false,"_monsterinsights_sitenote_active":false,"_monsterinsights_sitenote_note":"","_monsterinsights_sitenote_category":0},"product_brand":[],"product_cat":[13548,12408],"product_tag":[],"class_list":{"0":"post-753558","1":"product","2":"type-product","3":"status-publish","5":"product_cat-kuram","6":"product_cat-sanat","7":"pa_cilt-ciltsiz","8":"pa_tur-kitap","9":"pa_yayinevi-nika-yayinevi","10":"pa_yazar-robin-walz","12":"first","13":"instock","14":"sale","15":"shipping-taxable","16":"purchasable","17":"product-type-simple"},"_links":{"self":[{"href":"https:\/\/roveyayinevi.com.tr\/index.php\/wp-json\/wp\/v2\/product\/753558","targetHints":{"allow":["GET"]}}],"collection":[{"href":"https:\/\/roveyayinevi.com.tr\/index.php\/wp-json\/wp\/v2\/product"}],"about":[{"href":"https:\/\/roveyayinevi.com.tr\/index.php\/wp-json\/wp\/v2\/types\/product"}],"wp:attachment":[{"href":"https:\/\/roveyayinevi.com.tr\/index.php\/wp-json\/wp\/v2\/media?parent=753558"}],"wp:term":[{"taxonomy":"product_brand","embeddable":true,"href":"https:\/\/roveyayinevi.com.tr\/index.php\/wp-json\/wp\/v2\/product_brand?post=753558"},{"taxonomy":"product_cat","embeddable":true,"href":"https:\/\/roveyayinevi.com.tr\/index.php\/wp-json\/wp\/v2\/product_cat?post=753558"},{"taxonomy":"product_tag","embeddable":true,"href":"https:\/\/roveyayinevi.com.tr\/index.php\/wp-json\/wp\/v2\/product_tag?post=753558"}],"curies":[{"name":"wp","href":"https:\/\/api.w.org\/{rel}","templated":true}]}}