{"id":753556,"date":"2025-08-28T05:46:24","date_gmt":"2025-08-28T02:46:24","guid":{"rendered":"https:\/\/roveyayinevi.com.tr\/index.php\/urun\/tinsel-kopus\/"},"modified":"2026-04-16T03:06:50","modified_gmt":"2026-04-16T00:06:50","slug":"tinsel-kopus","status":"publish","type":"product","link":"https:\/\/roveyayinevi.com.tr\/index.php\/urun\/tinsel-kopus\/","title":{"rendered":"Tinsel Kopu\u015f"},"content":{"rendered":"<p>Evren var oldu\u011fu g\u00fcnden bu yana insano\u011flunun kafas\u0131n\u0131 kurcalayan; ben kimim, ya\u015fam\u0131n bir anlam\u0131 ve amac\u0131 var m\u0131, bu d\u00fcnyaya geli\u015f amac\u0131m\u0131z nedir, evrenin bir sahibi var m\u0131, ruh nedir, ger\u00e7e\u011fe ula\u015fmak m\u00fcmk\u00fcn m\u00fc? gibi sorulara roman tekni\u011fiyle yan\u0131t vermeye \u00e7al\u0131\u015fan bu kitapta, Affan\u2019\u0131n gizemli d\u00fcnyas\u0131nda derin bir yolculu\u011fa \u00e7\u0131kacaks\u0131n\u0131z.<\/p>\n","protected":false},"excerpt":{"rendered":"<p>Evren var oldu\u011fu g\u00fcnden bu yana insano\u011flunun kafas\u0131n\u0131 kurcalayan; ben kimim, ya\u015fam\u0131n bir anlam\u0131 ve amac\u0131 var m\u0131, bu d\u00fcnyaya geli\u015f amac\u0131m\u0131z nedir, evrenin bir sahibi<span class=\"excerpt-hellip\"> [\u2026]<\/span><\/p>\n","protected":false},"featured_media":0,"template":"","meta":{"_monsterinsights_skip_tracking":false,"_monsterinsights_sitenote_active":false,"_monsterinsights_sitenote_note":"","_monsterinsights_sitenote_category":0},"product_brand":[],"product_cat":[12803,12291],"product_tag":[],"class_list":{"0":"post-753556","1":"product","2":"type-product","3":"status-publish","5":"product_cat-aksiyon-macera","6":"product_cat-edebiyat","7":"pa_cilt-ciltsiz","8":"pa_tur-kitap","9":"pa_yayinevi-kitap-muptelasi-yayinlari","10":"pa_yazar-selami-cinarci","12":"first","13":"instock","14":"sale","15":"shipping-taxable","16":"purchasable","17":"product-type-simple"},"_links":{"self":[{"href":"https:\/\/roveyayinevi.com.tr\/index.php\/wp-json\/wp\/v2\/product\/753556","targetHints":{"allow":["GET"]}}],"collection":[{"href":"https:\/\/roveyayinevi.com.tr\/index.php\/wp-json\/wp\/v2\/product"}],"about":[{"href":"https:\/\/roveyayinevi.com.tr\/index.php\/wp-json\/wp\/v2\/types\/product"}],"wp:attachment":[{"href":"https:\/\/roveyayinevi.com.tr\/index.php\/wp-json\/wp\/v2\/media?parent=753556"}],"wp:term":[{"taxonomy":"product_brand","embeddable":true,"href":"https:\/\/roveyayinevi.com.tr\/index.php\/wp-json\/wp\/v2\/product_brand?post=753556"},{"taxonomy":"product_cat","embeddable":true,"href":"https:\/\/roveyayinevi.com.tr\/index.php\/wp-json\/wp\/v2\/product_cat?post=753556"},{"taxonomy":"product_tag","embeddable":true,"href":"https:\/\/roveyayinevi.com.tr\/index.php\/wp-json\/wp\/v2\/product_tag?post=753556"}],"curies":[{"name":"wp","href":"https:\/\/api.w.org\/{rel}","templated":true}]}}