{"id":753555,"date":"2025-08-28T05:46:22","date_gmt":"2025-08-28T02:46:22","guid":{"rendered":"https:\/\/roveyayinevi.com.tr\/index.php\/urun\/gizemsiz\/"},"modified":"2026-04-16T03:06:50","modified_gmt":"2026-04-16T00:06:50","slug":"gizemsiz","status":"publish","type":"product","link":"https:\/\/roveyayinevi.com.tr\/index.php\/urun\/gizemsiz\/","title":{"rendered":"Gizemsiz"},"content":{"rendered":"<p>Farkl\u0131 hayatlar\u0131n paydas\u0131nda pusu kuran Cellat, kesi\u015fme noktalar\u0131nda de\u011fi\u015ftiriyor her birinin kaderini\u2026 Kaderlerini de\u011fi\u015ftirmeye \u00e7al\u0131\u015fanlar, di\u011ferlerine ger\u00e7e\u011fi s\u00f6yleyebilselerdi herkes i\u00e7in ne de\u011fi\u015firdi? Gizemsiz, birbirini hi\u00e7 tan\u0131mayan s\u0131radan insanlar\u0131n, fark\u0131nda olmadan kesi\u015fen ya\u015famlar\u0131n\u0131n nas\u0131l de\u011fi\u015fti\u011fini ya da son buldu\u011funu anlat\u0131yor. Bir \u00e7\u0131k\u0131\u015f yolu ararken, kendisini \u00f6l\u00fcm\u00fcn k\u0131y\u0131s\u0131nda bulanlar ve uzun zaman \u00f6nce kaderine raz\u0131 olanlar, birbirine yard\u0131m edebilir mi\u2026 <\/p>\n","protected":false},"excerpt":{"rendered":"<p>Farkl\u0131 hayatlar\u0131n paydas\u0131nda pusu kuran Cellat, kesi\u015fme noktalar\u0131nda de\u011fi\u015ftiriyor her birinin kaderini\u2026 Kaderlerini de\u011fi\u015ftirmeye \u00e7al\u0131\u015fanlar, di\u011ferlerine ger\u00e7e\u011fi s\u00f6yleyebilselerdi herkes i\u00e7in ne de\u011fi\u015firdi? Gizemsiz, birbirini hi\u00e7 tan\u0131mayan<span class=\"excerpt-hellip\"> [\u2026]<\/span><\/p>\n","protected":false},"featured_media":0,"template":"","meta":{"_monsterinsights_skip_tracking":false,"_monsterinsights_sitenote_active":false,"_monsterinsights_sitenote_note":"","_monsterinsights_sitenote_category":0},"product_brand":[],"product_cat":[12291,12711],"product_tag":[],"class_list":{"0":"post-753555","1":"product","2":"type-product","3":"status-publish","5":"product_cat-edebiyat","6":"product_cat-roman-oyku","7":"pa_cilt-ciltsiz","8":"pa_tur-kitap","9":"pa_yayinevi-kitap-muptelasi-yayinlari","10":"pa_yazar-ender-arslan","12":"first","13":"instock","14":"sale","15":"shipping-taxable","16":"purchasable","17":"product-type-simple"},"_links":{"self":[{"href":"https:\/\/roveyayinevi.com.tr\/index.php\/wp-json\/wp\/v2\/product\/753555","targetHints":{"allow":["GET"]}}],"collection":[{"href":"https:\/\/roveyayinevi.com.tr\/index.php\/wp-json\/wp\/v2\/product"}],"about":[{"href":"https:\/\/roveyayinevi.com.tr\/index.php\/wp-json\/wp\/v2\/types\/product"}],"wp:attachment":[{"href":"https:\/\/roveyayinevi.com.tr\/index.php\/wp-json\/wp\/v2\/media?parent=753555"}],"wp:term":[{"taxonomy":"product_brand","embeddable":true,"href":"https:\/\/roveyayinevi.com.tr\/index.php\/wp-json\/wp\/v2\/product_brand?post=753555"},{"taxonomy":"product_cat","embeddable":true,"href":"https:\/\/roveyayinevi.com.tr\/index.php\/wp-json\/wp\/v2\/product_cat?post=753555"},{"taxonomy":"product_tag","embeddable":true,"href":"https:\/\/roveyayinevi.com.tr\/index.php\/wp-json\/wp\/v2\/product_tag?post=753555"}],"curies":[{"name":"wp","href":"https:\/\/api.w.org\/{rel}","templated":true}]}}