{"id":753554,"date":"2025-08-28T05:46:21","date_gmt":"2025-08-28T02:46:21","guid":{"rendered":"https:\/\/roveyayinevi.com.tr\/index.php\/urun\/biz-buram-buram-siir-kokariz\/"},"modified":"2026-04-16T03:06:50","modified_gmt":"2026-04-16T00:06:50","slug":"biz-buram-buram-siir-kokariz","status":"publish","type":"product","link":"https:\/\/roveyayinevi.com.tr\/index.php\/urun\/biz-buram-buram-siir-kokariz\/","title":{"rendered":"Biz Buram Buram \u015eiir Kokar\u0131z"},"content":{"rendered":"<p>\u201cSessizli\u011fim \u015fiirler verdi bana. \u015eiirlerim ise dinginlik. Yazd\u0131k\u00e7a hafifledim ben. \u015eifaland\u0131m. B\u0131rak\u0131n d\u00fc\u015f\u00fcversin defne kokulu \u015fiirlerim \u00fczerinize. Sizi de \u015fifaland\u0131rs\u0131n.\u201d<\/p>\n","protected":false},"excerpt":{"rendered":"<p>\u201cSessizli\u011fim \u015fiirler verdi bana. \u015eiirlerim ise dinginlik. Yazd\u0131k\u00e7a hafifledim ben. \u015eifaland\u0131m. B\u0131rak\u0131n d\u00fc\u015f\u00fcversin defne kokulu \u015fiirlerim \u00fczerinize. Sizi de \u015fifaland\u0131rs\u0131n.\u201d<\/p>\n","protected":false},"featured_media":0,"template":"","meta":{"_monsterinsights_skip_tracking":false,"_monsterinsights_sitenote_active":false,"_monsterinsights_sitenote_note":"","_monsterinsights_sitenote_category":0},"product_brand":[],"product_cat":[12291,12509],"product_tag":[],"class_list":{"0":"post-753554","1":"product","2":"type-product","3":"status-publish","5":"product_cat-edebiyat","6":"product_cat-siir","7":"pa_cilt-ciltsiz","8":"pa_tur-kitap","9":"pa_yayinevi-kitap-muptelasi-yayinlari","10":"pa_yazar-gokce-akoz-kahraman","12":"first","13":"instock","14":"sale","15":"shipping-taxable","16":"purchasable","17":"product-type-simple"},"_links":{"self":[{"href":"https:\/\/roveyayinevi.com.tr\/index.php\/wp-json\/wp\/v2\/product\/753554","targetHints":{"allow":["GET"]}}],"collection":[{"href":"https:\/\/roveyayinevi.com.tr\/index.php\/wp-json\/wp\/v2\/product"}],"about":[{"href":"https:\/\/roveyayinevi.com.tr\/index.php\/wp-json\/wp\/v2\/types\/product"}],"wp:attachment":[{"href":"https:\/\/roveyayinevi.com.tr\/index.php\/wp-json\/wp\/v2\/media?parent=753554"}],"wp:term":[{"taxonomy":"product_brand","embeddable":true,"href":"https:\/\/roveyayinevi.com.tr\/index.php\/wp-json\/wp\/v2\/product_brand?post=753554"},{"taxonomy":"product_cat","embeddable":true,"href":"https:\/\/roveyayinevi.com.tr\/index.php\/wp-json\/wp\/v2\/product_cat?post=753554"},{"taxonomy":"product_tag","embeddable":true,"href":"https:\/\/roveyayinevi.com.tr\/index.php\/wp-json\/wp\/v2\/product_tag?post=753554"}],"curies":[{"name":"wp","href":"https:\/\/api.w.org\/{rel}","templated":true}]}}