{"id":753550,"date":"2025-08-28T05:46:15","date_gmt":"2025-08-28T02:46:15","guid":{"rendered":"https:\/\/roveyayinevi.com.tr\/index.php\/urun\/iktisat-ve-toplum-dergisi-155-sayi-ab-turkiye-ne-seninle-ne-sensiz\/"},"modified":"2026-04-16T03:06:50","modified_gmt":"2026-04-16T00:06:50","slug":"iktisat-ve-toplum-dergisi-155-sayi-ab-turkiye-ne-seninle-ne-sensiz","status":"publish","type":"product","link":"https:\/\/roveyayinevi.com.tr\/index.php\/urun\/iktisat-ve-toplum-dergisi-155-sayi-ab-turkiye-ne-seninle-ne-sensiz\/","title":{"rendered":"\u0130ktisat ve Toplum Dergisi 155. Say\u0131: AB-T\u00fcrkiye: Ne Seninle Ne Sensiz"},"content":{"rendered":"<p>Bu say\u0131da: Rubikon Kural\u0131 ve T\u00fcrkiye\u2019nin Durumu &#8211; Mahfi E\u011filmez Se\u00e7im Sonras\u0131 Ekonomi Politikas\u0131 &#8211; Selva Demiralp KKM&#8217;nin Kaybedenleri ile Kazananlar\u0131 Kim ve Sona Ererse Ne Olur? -Ege Yazgan Unutulan B\u00f6lgeler ve T\u00fcrkiye\u2019de AB \u00dcyeli\u011fine Destek &#8211; Burhan Can Karahasan T\u00fcrkiye\u2019nin \u0130hracat Destinasyonundaki Eksen Kaymas\u0131 ve Avrupa Birli\u011fi &#8211; Suat Tuysuz T\u00fcrkiye\u2019de Demokratik Se\u00e7im Yap(ama)ma Sorunu &#8211; Ersin Kalayc\u0131o\u011flu \u201cKader Olarak\u201d: T\u00fcrkiye\u2019de Afet ve Felaket &#8211; Ay\u00e7a Tekin-Koru T\u00fcrkiye\u2019de Depremler ve Depremlerin Konut Fiyatlar\u0131na Etkileri -Burcu T\u00fcrkcan, G\u00fcl \u015e. Huyug\u00fczel K\u0131\u015fla, \u00c7a\u011fla Bucak Afet ve Kad\u0131n: Kad\u0131nlar\u0131n Depremle \u0130mtihan\u0131 &#8211; Ay\u015fe Ka\u015f\u0131k\u0131r\u0131k Sosyal Bilimciler Konu\u015fuyor: G\u00fcney I\u015f\u0131kara Parayla Saadet Olur Mu? &#8211; R. Funda Barbaros T\u00fcrkiye\u2019de Devlet Giri\u015fimci Olabilir Mi? &#8211; \u0130brahim Semih Ak\u00e7omak Teknoloji Transferinde E\u015fle\u015fme Problemi: T\u00fcrkiye i\u00e7in \u00d6neriler &#8211; \u0130brahim \u00c7i\u00e7ekli, Do\u011fu Sever \u0130klim De\u011fi\u015fimi ve G\u00f6\u00e7 &#8211; M. Aykut Attar \u0130ktisat ve Toplum: \u0130ktisat Sosyolojisi &#8211; Arda Tunca Avrupa Birli\u011fi Mar\u015f\u0131 ve Beethoven &#8211; G\u00fcl\u00e7in Elif Y\u00fccel <\/p>\n","protected":false},"excerpt":{"rendered":"<p>Bu say\u0131da: Rubikon Kural\u0131 ve T\u00fcrkiye\u2019nin Durumu &#8211; Mahfi E\u011filmez Se\u00e7im Sonras\u0131 Ekonomi Politikas\u0131 &#8211; Selva Demiralp KKM&#8217;nin Kaybedenleri ile Kazananlar\u0131 Kim ve Sona Ererse Ne<span class=\"excerpt-hellip\"> [\u2026]<\/span><\/p>\n","protected":false},"featured_media":0,"template":"","meta":{"_monsterinsights_skip_tracking":false,"_monsterinsights_sitenote_active":false,"_monsterinsights_sitenote_note":"","_monsterinsights_sitenote_category":0},"product_brand":[],"product_cat":[13527],"product_tag":[],"class_list":{"0":"post-753550","1":"product","2":"type-product","3":"status-publish","5":"product_cat-sureli-yayinlar","6":"pa_cilt-ciltsiz","7":"pa_tur-dergi","8":"pa_yayinevi-efil-yayinevi-dergi","9":"pa_yazar-kolektif","11":"first","12":"instock","13":"sale","14":"shipping-taxable","15":"purchasable","16":"product-type-simple"},"_links":{"self":[{"href":"https:\/\/roveyayinevi.com.tr\/index.php\/wp-json\/wp\/v2\/product\/753550","targetHints":{"allow":["GET"]}}],"collection":[{"href":"https:\/\/roveyayinevi.com.tr\/index.php\/wp-json\/wp\/v2\/product"}],"about":[{"href":"https:\/\/roveyayinevi.com.tr\/index.php\/wp-json\/wp\/v2\/types\/product"}],"wp:attachment":[{"href":"https:\/\/roveyayinevi.com.tr\/index.php\/wp-json\/wp\/v2\/media?parent=753550"}],"wp:term":[{"taxonomy":"product_brand","embeddable":true,"href":"https:\/\/roveyayinevi.com.tr\/index.php\/wp-json\/wp\/v2\/product_brand?post=753550"},{"taxonomy":"product_cat","embeddable":true,"href":"https:\/\/roveyayinevi.com.tr\/index.php\/wp-json\/wp\/v2\/product_cat?post=753550"},{"taxonomy":"product_tag","embeddable":true,"href":"https:\/\/roveyayinevi.com.tr\/index.php\/wp-json\/wp\/v2\/product_tag?post=753550"}],"curies":[{"name":"wp","href":"https:\/\/api.w.org\/{rel}","templated":true}]}}