{"id":753548,"date":"2025-08-28T05:46:12","date_gmt":"2025-08-28T02:46:12","guid":{"rendered":"https:\/\/roveyayinevi.com.tr\/index.php\/urun\/minecraft-son\/"},"modified":"2026-04-16T03:06:50","modified_gmt":"2026-04-16T00:06:50","slug":"minecraft-son","status":"publish","type":"product","link":"https:\/\/roveyayinevi.com.tr\/index.php\/urun\/minecraft-son\/","title":{"rendered":"Minecraft &#8211; Son"},"content":{"rendered":"<p>\u0130kiz Enderman karde\u015fler Fin ve Mo, gizemli Son diyar\u0131nda ya\u015f\u0131yorlard\u0131. G\u00f6rkemli Enderman kenti Telos\u2019ta ihtiya\u00e7lar\u0131 olan her \u015fey vard\u0131, d\u00fcnyalar\u0131 hakk\u0131nda her \u015feyi biliyorlard\u0131. En az\u0131ndan \u00f6yle san\u0131yorlard\u0131; g\u00fcn\u00fcn birinde ba\u015fka boyuttan yabanc\u0131lar d\u00fcnyalar\u0131na gelinceye dek\u2026 \u0130nsan denen bu yabanc\u0131lar\u0131n tek bir amac\u0131 vard\u0131: K\u0131ymetli e\u015fyalar\u0131n\u0131 \u00e7al\u0131p Ender Ejderhas\u0131\u2019n\u0131 \u00f6ld\u00fcrmek! Fin ve Mo evlerini sald\u0131rganlara kar\u015f\u0131 korumaya haz\u0131rd\u0131. Ama k\u0131sa s\u00fcrede, sava\u015f\u0131n sand\u0131klar\u0131 kadar kolay olmad\u0131\u011f\u0131n\u0131 anlad\u0131lar. Endermanlarla insanlar aras\u0131nda kald\u0131klar\u0131nda hangi taraf\u0131 se\u00e7eceklerine karar vermeleri gerekecekti. <\/p>\n","protected":false},"excerpt":{"rendered":"<p>\u0130kiz Enderman karde\u015fler Fin ve Mo, gizemli Son diyar\u0131nda ya\u015f\u0131yorlard\u0131. G\u00f6rkemli Enderman kenti Telos\u2019ta ihtiya\u00e7lar\u0131 olan her \u015fey vard\u0131, d\u00fcnyalar\u0131 hakk\u0131nda her \u015feyi biliyorlard\u0131. En az\u0131ndan<span class=\"excerpt-hellip\"> [\u2026]<\/span><\/p>\n","protected":false},"featured_media":0,"template":"","meta":{"_monsterinsights_skip_tracking":false,"_monsterinsights_sitenote_active":false,"_monsterinsights_sitenote_note":"","_monsterinsights_sitenote_category":0},"product_brand":[],"product_cat":[12291,12711],"product_tag":[],"class_list":{"0":"post-753548","1":"product","2":"type-product","3":"status-publish","5":"product_cat-edebiyat","6":"product_cat-roman-oyku","7":"pa_cilt-ciltsiz","8":"pa_tur-kitap","9":"pa_yayinevi-x-libris","10":"pa_yazar-catherynne-m-valente","12":"first","13":"instock","14":"sale","15":"shipping-taxable","16":"purchasable","17":"product-type-simple"},"_links":{"self":[{"href":"https:\/\/roveyayinevi.com.tr\/index.php\/wp-json\/wp\/v2\/product\/753548","targetHints":{"allow":["GET"]}}],"collection":[{"href":"https:\/\/roveyayinevi.com.tr\/index.php\/wp-json\/wp\/v2\/product"}],"about":[{"href":"https:\/\/roveyayinevi.com.tr\/index.php\/wp-json\/wp\/v2\/types\/product"}],"wp:attachment":[{"href":"https:\/\/roveyayinevi.com.tr\/index.php\/wp-json\/wp\/v2\/media?parent=753548"}],"wp:term":[{"taxonomy":"product_brand","embeddable":true,"href":"https:\/\/roveyayinevi.com.tr\/index.php\/wp-json\/wp\/v2\/product_brand?post=753548"},{"taxonomy":"product_cat","embeddable":true,"href":"https:\/\/roveyayinevi.com.tr\/index.php\/wp-json\/wp\/v2\/product_cat?post=753548"},{"taxonomy":"product_tag","embeddable":true,"href":"https:\/\/roveyayinevi.com.tr\/index.php\/wp-json\/wp\/v2\/product_tag?post=753548"}],"curies":[{"name":"wp","href":"https:\/\/api.w.org\/{rel}","templated":true}]}}