{"id":753544,"date":"2025-08-28T05:46:06","date_gmt":"2025-08-28T02:46:06","guid":{"rendered":"https:\/\/roveyayinevi.com.tr\/index.php\/urun\/ilk-sayilarim-1-5\/"},"modified":"2026-04-16T03:06:50","modified_gmt":"2026-04-16T00:06:50","slug":"ilk-sayilarim-1-5","status":"publish","type":"product","link":"https:\/\/roveyayinevi.com.tr\/index.php\/urun\/ilk-sayilarim-1-5\/","title":{"rendered":"\u0130lk Say\u0131lar\u0131m 1-5"},"content":{"rendered":"<p>ekilli Kesim, y\u0131rt\u0131lmaz kal\u0131n sayfal\u0131 say\u0131lar kitab\u0131m!   Bir, \u0130ki, \u00dc\u00e7, D\u00f6rt, Be\u015f\u2026Say\u0131lar\u0131 dokunarak ke\u015ffet!Her bir sayfada bir dostumuz kar\u015f\u0131layacak seni.Haydi ba\u015fla saymaya, say\u0131alrGiderek artacak unutma\u2026 Dokun hisset, say\u0131lar\u0131 ke\u015ffet!<\/p>\n","protected":false},"excerpt":{"rendered":"<p>ekilli Kesim, y\u0131rt\u0131lmaz kal\u0131n sayfal\u0131 say\u0131lar kitab\u0131m! Bir, \u0130ki, \u00dc\u00e7, D\u00f6rt, Be\u015f\u2026Say\u0131lar\u0131 dokunarak ke\u015ffet!Her bir sayfada bir dostumuz kar\u015f\u0131layacak seni.Haydi ba\u015fla saymaya, say\u0131alrGiderek artacak unutma\u2026 Dokun<span class=\"excerpt-hellip\"> [\u2026]<\/span><\/p>\n","protected":false},"featured_media":0,"template":"","meta":{"_monsterinsights_skip_tracking":false,"_monsterinsights_sitenote_active":false,"_monsterinsights_sitenote_note":"","_monsterinsights_sitenote_category":0},"product_brand":[],"product_cat":[12274,12518],"product_tag":[],"class_list":{"0":"post-753544","1":"product","2":"type-product","3":"status-publish","5":"product_cat-cocuk-ve-genclik-kitaplari","6":"product_cat-okul-oncesi-kitaplar","7":"pa_cilt-ciltsiz","8":"pa_tur-kitap","9":"pa_yayinevi-ucan-fil-yayinlari","10":"pa_yazar-kolektif","12":"first","13":"instock","14":"sale","15":"shipping-taxable","16":"purchasable","17":"product-type-simple"},"_links":{"self":[{"href":"https:\/\/roveyayinevi.com.tr\/index.php\/wp-json\/wp\/v2\/product\/753544","targetHints":{"allow":["GET"]}}],"collection":[{"href":"https:\/\/roveyayinevi.com.tr\/index.php\/wp-json\/wp\/v2\/product"}],"about":[{"href":"https:\/\/roveyayinevi.com.tr\/index.php\/wp-json\/wp\/v2\/types\/product"}],"wp:attachment":[{"href":"https:\/\/roveyayinevi.com.tr\/index.php\/wp-json\/wp\/v2\/media?parent=753544"}],"wp:term":[{"taxonomy":"product_brand","embeddable":true,"href":"https:\/\/roveyayinevi.com.tr\/index.php\/wp-json\/wp\/v2\/product_brand?post=753544"},{"taxonomy":"product_cat","embeddable":true,"href":"https:\/\/roveyayinevi.com.tr\/index.php\/wp-json\/wp\/v2\/product_cat?post=753544"},{"taxonomy":"product_tag","embeddable":true,"href":"https:\/\/roveyayinevi.com.tr\/index.php\/wp-json\/wp\/v2\/product_tag?post=753544"}],"curies":[{"name":"wp","href":"https:\/\/api.w.org\/{rel}","templated":true}]}}