{"id":753543,"date":"2025-08-28T05:46:05","date_gmt":"2025-08-28T02:46:05","guid":{"rendered":"https:\/\/roveyayinevi.com.tr\/index.php\/urun\/zorla-guzellik-olur\/"},"modified":"2026-04-16T03:06:50","modified_gmt":"2026-04-16T00:06:50","slug":"zorla-guzellik-olur","status":"publish","type":"product","link":"https:\/\/roveyayinevi.com.tr\/index.php\/urun\/zorla-guzellik-olur\/","title":{"rendered":"Zorla G\u00fczellik Olur"},"content":{"rendered":"<p>\u201cBu kitapta sizlere ilham olabilecek ba\u015far\u0131 hik\u00e2yemi ve hayattaki yolumu anlataca\u011f\u0131m.G\u00fczellik sekt\u00f6r\u00fcne girmeye karar verdi\u011fimde elimden tutan, beni destekleyen olmad\u0131. Ama ben ne yapt\u0131m? Kimseyi dinlemedim, sadece kendime inand\u0131m. Ger\u00e7ekten istersem her \u015feyi ba\u015farabilece\u011fimi biliyordum.En dipten zirveye uzanan yolculu\u011fumda T\u00fcrkiye, Avrupa ve Orta Do\u011fu\u2019da 88 \u015fube say\u0131s\u0131na ula\u015ft\u0131m. Haydi \u015fimdi hayallerinizin pe\u015finden ko\u015farken ba\u015far\u0131ya giden yolda neler yapabilece\u011finizi konu\u015fal\u0131m.\u201d<\/p>\n","protected":false},"excerpt":{"rendered":"<p>\u201cBu kitapta sizlere ilham olabilecek ba\u015far\u0131 hik\u00e2yemi ve hayattaki yolumu anlataca\u011f\u0131m.G\u00fczellik sekt\u00f6r\u00fcne girmeye karar verdi\u011fimde elimden tutan, beni destekleyen olmad\u0131. Ama ben ne yapt\u0131m? Kimseyi dinlemedim,<span class=\"excerpt-hellip\"> [\u2026]<\/span><\/p>\n","protected":false},"featured_media":0,"template":"","meta":{"_monsterinsights_skip_tracking":false,"_monsterinsights_sitenote_active":false,"_monsterinsights_sitenote_note":"","_monsterinsights_sitenote_category":0},"product_brand":[],"product_cat":[12364,12376],"product_tag":[],"class_list":{"0":"post-753543","1":"product","2":"type-product","3":"status-publish","5":"product_cat-genel-konular","6":"product_cat-kisisel-gelisim","7":"pa_cilt-ciltsiz","8":"pa_tur-kitap","9":"pa_yayinevi-daha-kitap","10":"pa_yazar-neslim-gungen","12":"first","13":"instock","14":"sale","15":"shipping-taxable","16":"purchasable","17":"product-type-simple"},"_links":{"self":[{"href":"https:\/\/roveyayinevi.com.tr\/index.php\/wp-json\/wp\/v2\/product\/753543","targetHints":{"allow":["GET"]}}],"collection":[{"href":"https:\/\/roveyayinevi.com.tr\/index.php\/wp-json\/wp\/v2\/product"}],"about":[{"href":"https:\/\/roveyayinevi.com.tr\/index.php\/wp-json\/wp\/v2\/types\/product"}],"wp:attachment":[{"href":"https:\/\/roveyayinevi.com.tr\/index.php\/wp-json\/wp\/v2\/media?parent=753543"}],"wp:term":[{"taxonomy":"product_brand","embeddable":true,"href":"https:\/\/roveyayinevi.com.tr\/index.php\/wp-json\/wp\/v2\/product_brand?post=753543"},{"taxonomy":"product_cat","embeddable":true,"href":"https:\/\/roveyayinevi.com.tr\/index.php\/wp-json\/wp\/v2\/product_cat?post=753543"},{"taxonomy":"product_tag","embeddable":true,"href":"https:\/\/roveyayinevi.com.tr\/index.php\/wp-json\/wp\/v2\/product_tag?post=753543"}],"curies":[{"name":"wp","href":"https:\/\/api.w.org\/{rel}","templated":true}]}}