{"id":753542,"date":"2025-08-28T05:46:03","date_gmt":"2025-08-28T02:46:03","guid":{"rendered":"https:\/\/roveyayinevi.com.tr\/index.php\/urun\/yasayinca-gecmeyen\/"},"modified":"2026-04-16T03:06:50","modified_gmt":"2026-04-16T00:06:50","slug":"yasayinca-gecmeyen","status":"publish","type":"product","link":"https:\/\/roveyayinevi.com.tr\/index.php\/urun\/yasayinca-gecmeyen\/","title":{"rendered":"Ya\u015fay\u0131nca Ge\u00e7meyen"},"content":{"rendered":"<p>Senin Yorgunlu\u011funa Hangi Ad\u0131 VermeliyimBilmiyorum Nerden Ba\u015flan\u0131r Bir Foto\u011frafta A\u011flamayaHep \u00dc\u015f\u00fcr Gibi, Hep Yorgun, Hep Ezberini Unutmu\u015fKu\u015flar\u0131n Kondu\u011fu Ellerine Hangi R\u00fczg\u00e2r\u0131 S\u00fcrmeliyim<\/p>\n","protected":false},"excerpt":{"rendered":"<p>Senin Yorgunlu\u011funa Hangi Ad\u0131 VermeliyimBilmiyorum Nerden Ba\u015flan\u0131r Bir Foto\u011frafta A\u011flamayaHep \u00dc\u015f\u00fcr Gibi, Hep Yorgun, Hep Ezberini Unutmu\u015fKu\u015flar\u0131n Kondu\u011fu Ellerine Hangi R\u00fczg\u00e2r\u0131 S\u00fcrmeliyim<\/p>\n","protected":false},"featured_media":0,"template":"","meta":{"_monsterinsights_skip_tracking":false,"_monsterinsights_sitenote_active":false,"_monsterinsights_sitenote_note":"","_monsterinsights_sitenote_category":0},"product_brand":[],"product_cat":[12291,12509],"product_tag":[],"class_list":{"0":"post-753542","1":"product","2":"type-product","3":"status-publish","5":"product_cat-edebiyat","6":"product_cat-siir","7":"pa_cilt-ciltsiz","8":"pa_tur-kitap","9":"pa_yayinevi-muhit-kitap","10":"pa_yazar-mehmet-tepe","12":"first","13":"instock","14":"sale","15":"shipping-taxable","16":"purchasable","17":"product-type-simple"},"_links":{"self":[{"href":"https:\/\/roveyayinevi.com.tr\/index.php\/wp-json\/wp\/v2\/product\/753542","targetHints":{"allow":["GET"]}}],"collection":[{"href":"https:\/\/roveyayinevi.com.tr\/index.php\/wp-json\/wp\/v2\/product"}],"about":[{"href":"https:\/\/roveyayinevi.com.tr\/index.php\/wp-json\/wp\/v2\/types\/product"}],"wp:attachment":[{"href":"https:\/\/roveyayinevi.com.tr\/index.php\/wp-json\/wp\/v2\/media?parent=753542"}],"wp:term":[{"taxonomy":"product_brand","embeddable":true,"href":"https:\/\/roveyayinevi.com.tr\/index.php\/wp-json\/wp\/v2\/product_brand?post=753542"},{"taxonomy":"product_cat","embeddable":true,"href":"https:\/\/roveyayinevi.com.tr\/index.php\/wp-json\/wp\/v2\/product_cat?post=753542"},{"taxonomy":"product_tag","embeddable":true,"href":"https:\/\/roveyayinevi.com.tr\/index.php\/wp-json\/wp\/v2\/product_tag?post=753542"}],"curies":[{"name":"wp","href":"https:\/\/api.w.org\/{rel}","templated":true}]}}