{"id":753540,"date":"2025-08-28T05:46:00","date_gmt":"2025-08-28T02:46:00","guid":{"rendered":"https:\/\/roveyayinevi.com.tr\/index.php\/urun\/sular-murekkep-olsa\/"},"modified":"2026-04-16T03:06:50","modified_gmt":"2026-04-16T00:06:50","slug":"sular-murekkep-olsa","status":"publish","type":"product","link":"https:\/\/roveyayinevi.com.tr\/index.php\/urun\/sular-murekkep-olsa\/","title":{"rendered":"Sular M\u00fcrekkep Olsa"},"content":{"rendered":"<p>Derin tarih\u00ee s\u00fcre\u00e7 i\u00e7inde \u015fekillenmi\u015f T\u00fcrkiye\u2019nin musiki gelene\u011finde iki ana damar vard\u0131r. Biri daha \u00e7ok mill\u00ee \/ kavm\u00ee ve k\u00fclt\u00fcrel de\u011ferlerden beslenen \u201cHalk Musikisi\u201d; di\u011feri Do\u011fu-\u0130slam medeniyetinin ortak k\u00fclt\u00fcr \/ sanat de\u011ferleri \u00e7er\u00e7evesinde olu\u015fan teorik ve estetik birikime dayal\u0131 ve \/ fakat ismine bir t\u00fcrl\u00fc karar veremedi\u011fimiz \u201cSanat Musikisi\u201d. Sular M\u00fcrekkep Olsa; besteleri, icralar\u0131 ve d\u00fc\u015f\u00fcnceleriyle geleneksel musiki k\u00fclt\u00fcr\u00fcm\u00fcz\u00fcn zenginle\u015fmesine \u00fcst seviyede katk\u0131 sunan baz\u0131 isimler ve eserler \u00fczerine kaleme al\u0131nm\u0131\u015f hat\u0131ra \u00e7e\u015fnili denemelerden olu\u015fmakta. \u201c\u015eark\u0131\u2019dan T\u00fcrk\u00fc\u2019ye, Saadettin Kaynak\u2019tan Ne\u015fet Erta\u015f\u2019a\u201d uzanan gelenek zincirinin alt\u0131n halkalar\u0131n\u0131 olu\u015fturan bu isimlerden baz\u0131lar\u0131 \u015funlar: Bir musiki entelekt\u00fceli olarak Cinu\u00e7en Tanr\u0131korur, bozk\u0131r\u0131n saz\u0131 topra\u011f\u0131n avaz\u0131 Ne\u015fet Erta\u015f, T\u00fcrk\u00fclerin han\u0131mefendisi Neriman Alt\u0131nda\u011f T\u00fcfek\u00e7i, s\u00f6z m\u00fclk\u00fcn\u00fcn sultan\u0131 Abdurrahim Karako\u00e7 ve T\u00fcrk\u00fclerin Abisi Erkan O\u011fur. Sizleri zengin ama son d\u00f6nemde gizli kalan bu m\u00fczi\u011fin sesini, hik\u00e2yesini bir de T\u00fcrk Musiki gelene\u011finin asl\u00ee \u00f6z\u00fcn\u00fc olu\u015fturan halk musikisini hem icra \/ uygulama boyutuyla, hem k\u00fclt\u00fcr, edebiyat, nazariyat boyutuyla y\u0131llard\u0131r dert edinen, yetkin bir isim olan Bayram Bilge Tokel\u2019in kaleminden dinlemeye davet ediyoruz.<\/p>\n","protected":false},"excerpt":{"rendered":"<p>Derin tarih\u00ee s\u00fcre\u00e7 i\u00e7inde \u015fekillenmi\u015f T\u00fcrkiye\u2019nin musiki gelene\u011finde iki ana damar vard\u0131r. Biri daha \u00e7ok mill\u00ee \/ kavm\u00ee ve k\u00fclt\u00fcrel de\u011ferlerden beslenen \u201cHalk Musikisi\u201d; di\u011feri Do\u011fu-\u0130slam<span class=\"excerpt-hellip\"> [\u2026]<\/span><\/p>\n","protected":false},"featured_media":0,"template":"","meta":{"_monsterinsights_skip_tracking":false,"_monsterinsights_sitenote_active":false,"_monsterinsights_sitenote_note":"","_monsterinsights_sitenote_category":0},"product_brand":[],"product_cat":[12777,12291],"product_tag":[],"class_list":{"0":"post-753540","1":"product","2":"type-product","3":"status-publish","5":"product_cat-deneme","6":"product_cat-edebiyat","7":"pa_cilt-ciltsiz","8":"pa_tur-kitap","9":"pa_yayinevi-muhit-kitap","10":"pa_yazar-bayram-bilge-tokel","12":"first","13":"instock","14":"sale","15":"shipping-taxable","16":"purchasable","17":"product-type-simple"},"_links":{"self":[{"href":"https:\/\/roveyayinevi.com.tr\/index.php\/wp-json\/wp\/v2\/product\/753540","targetHints":{"allow":["GET"]}}],"collection":[{"href":"https:\/\/roveyayinevi.com.tr\/index.php\/wp-json\/wp\/v2\/product"}],"about":[{"href":"https:\/\/roveyayinevi.com.tr\/index.php\/wp-json\/wp\/v2\/types\/product"}],"wp:attachment":[{"href":"https:\/\/roveyayinevi.com.tr\/index.php\/wp-json\/wp\/v2\/media?parent=753540"}],"wp:term":[{"taxonomy":"product_brand","embeddable":true,"href":"https:\/\/roveyayinevi.com.tr\/index.php\/wp-json\/wp\/v2\/product_brand?post=753540"},{"taxonomy":"product_cat","embeddable":true,"href":"https:\/\/roveyayinevi.com.tr\/index.php\/wp-json\/wp\/v2\/product_cat?post=753540"},{"taxonomy":"product_tag","embeddable":true,"href":"https:\/\/roveyayinevi.com.tr\/index.php\/wp-json\/wp\/v2\/product_tag?post=753540"}],"curies":[{"name":"wp","href":"https:\/\/api.w.org\/{rel}","templated":true}]}}