{"id":753537,"date":"2025-08-28T05:45:56","date_gmt":"2025-08-28T02:45:56","guid":{"rendered":"https:\/\/roveyayinevi.com.tr\/index.php\/urun\/hello-kitty-100-cikartma-hediyeli-boyama-kitabi\/"},"modified":"2025-11-11T09:24:52","modified_gmt":"2025-11-11T06:24:52","slug":"hello-kitty-100-cikartma-hediyeli-boyama-kitabi","status":"publish","type":"product","link":"https:\/\/roveyayinevi.com.tr\/index.php\/urun\/hello-kitty-100-cikartma-hediyeli-boyama-kitabi\/","title":{"rendered":"Hello Kitty 100+ \u00c7\u0131kartma Hediyeli Boyama Kitab\u0131"},"content":{"rendered":"<p>HELLO KITTY TACI   1. KES \u00c7IKART 2. KEND\u0130NE G\u00d6RE AYARLA 3. YAPI\u015eTIR   VE TACIN HAZIR! <\/p>\n","protected":false},"excerpt":{"rendered":"<p>HELLO KITTY TACI 1. KES \u00c7IKART 2. KEND\u0130NE G\u00d6RE AYARLA 3. YAPI\u015eTIR VE TACIN HAZIR!<\/p>\n","protected":false},"featured_media":0,"template":"","meta":{"_monsterinsights_skip_tracking":false,"_monsterinsights_sitenote_active":false,"_monsterinsights_sitenote_note":"","_monsterinsights_sitenote_category":0},"product_brand":[],"product_cat":[12644,12274],"product_tag":[],"class_list":{"0":"post-753537","1":"product","2":"type-product","3":"status-publish","5":"product_cat-boyama-kitaplari","6":"product_cat-cocuk-ve-genclik-kitaplari","7":"pa_cilt-ciltsiz","8":"pa_tur-kitap","9":"pa_yayinevi-dogan-cocuk","10":"pa_yazar-kolektif","12":"first","13":"instock","14":"sale","15":"shipping-taxable","16":"purchasable","17":"product-type-simple"},"_links":{"self":[{"href":"https:\/\/roveyayinevi.com.tr\/index.php\/wp-json\/wp\/v2\/product\/753537","targetHints":{"allow":["GET"]}}],"collection":[{"href":"https:\/\/roveyayinevi.com.tr\/index.php\/wp-json\/wp\/v2\/product"}],"about":[{"href":"https:\/\/roveyayinevi.com.tr\/index.php\/wp-json\/wp\/v2\/types\/product"}],"wp:attachment":[{"href":"https:\/\/roveyayinevi.com.tr\/index.php\/wp-json\/wp\/v2\/media?parent=753537"}],"wp:term":[{"taxonomy":"product_brand","embeddable":true,"href":"https:\/\/roveyayinevi.com.tr\/index.php\/wp-json\/wp\/v2\/product_brand?post=753537"},{"taxonomy":"product_cat","embeddable":true,"href":"https:\/\/roveyayinevi.com.tr\/index.php\/wp-json\/wp\/v2\/product_cat?post=753537"},{"taxonomy":"product_tag","embeddable":true,"href":"https:\/\/roveyayinevi.com.tr\/index.php\/wp-json\/wp\/v2\/product_tag?post=753537"}],"curies":[{"name":"wp","href":"https:\/\/api.w.org\/{rel}","templated":true}]}}