{"id":753534,"date":"2025-08-28T05:45:52","date_gmt":"2025-08-28T02:45:52","guid":{"rendered":"https:\/\/roveyayinevi.com.tr\/index.php\/urun\/seker-portakali-cizgi-roman\/"},"modified":"2026-04-16T03:06:50","modified_gmt":"2026-04-16T00:06:50","slug":"seker-portakali-cizgi-roman","status":"publish","type":"product","link":"https:\/\/roveyayinevi.com.tr\/index.php\/urun\/seker-portakali-cizgi-roman\/","title":{"rendered":"\u015eeker Portakal\u0131 \u00c7izgi Roman"},"content":{"rendered":"<p>Jos\u00e9 Mauro de Vasconcelos\u2019un ba\u015fyap\u0131t\u0131 \u015eeker Portakal\u0131, \u015fimdi \u00e7izgi roman sayfalar\u0131nda yeniden hayat buluyor. Alt\u0131 ya\u015f\u0131ndaki Zez\u00e9, maddi imk\u00e2ns\u0131zl\u0131klar nedeniyle hayli zor zamanlar ya\u015f\u0131yor. Evde onu \u00e7ok sevenler de var, afacanl\u0131klar\u0131na katlanamay\u0131p hayat\u0131n\u0131 dayan\u0131lmaz hale getirenler de. Fakat Zez\u00e9\u2019nin sahip oldu\u011fu \u00e7ok \u00f6zel bir \u015fey var: hayal g\u00fcc\u00fc. \u015eeker portakal\u0131 fidan\u0131yla arkada\u015f olup oyunlar oynamaya ba\u015flay\u0131nca hayat\u0131ndaki zorluklara hayalleriyle meydan okuyor. Zez\u00e9 bir yandan mutlulu\u011fu ke\u015ffederken di\u011fer yandan kayb\u0131 ve h\u00fczn\u00fc ya\u015f\u0131yor. \u015eeker Portakal\u0131\u2019n\u0131 bir kez okuyanlar k\u00fc\u00e7\u00fck kahraman Zez\u00e9\u2019nin maceralar\u0131n\u0131 ve talihsizliklerini bir daha unutmayacak&#8230; <\/p>\n","protected":false},"excerpt":{"rendered":"<p>Jos\u00e9 Mauro de Vasconcelos\u2019un ba\u015fyap\u0131t\u0131 \u015eeker Portakal\u0131, \u015fimdi \u00e7izgi roman sayfalar\u0131nda yeniden hayat buluyor. Alt\u0131 ya\u015f\u0131ndaki Zez\u00e9, maddi imk\u00e2ns\u0131zl\u0131klar nedeniyle hayli zor zamanlar ya\u015f\u0131yor. Evde onu<span class=\"excerpt-hellip\"> [\u2026]<\/span><\/p>\n","protected":false},"featured_media":0,"template":"","meta":{"_monsterinsights_skip_tracking":false,"_monsterinsights_sitenote_active":false,"_monsterinsights_sitenote_note":"","_monsterinsights_sitenote_category":0},"product_brand":[],"product_cat":[12416,12291],"product_tag":[],"class_list":{"0":"post-753534","1":"product","2":"type-product","3":"status-publish","5":"product_cat-cizgi-roman","6":"product_cat-edebiyat","7":"pa_cilt-ciltsiz","8":"pa_tur-kitap","9":"pa_yayinevi-x-libris","10":"pa_yazar-jose-mauro-de-vasconcelos","12":"first","13":"instock","14":"sale","15":"shipping-taxable","16":"purchasable","17":"product-type-simple"},"_links":{"self":[{"href":"https:\/\/roveyayinevi.com.tr\/index.php\/wp-json\/wp\/v2\/product\/753534","targetHints":{"allow":["GET"]}}],"collection":[{"href":"https:\/\/roveyayinevi.com.tr\/index.php\/wp-json\/wp\/v2\/product"}],"about":[{"href":"https:\/\/roveyayinevi.com.tr\/index.php\/wp-json\/wp\/v2\/types\/product"}],"wp:attachment":[{"href":"https:\/\/roveyayinevi.com.tr\/index.php\/wp-json\/wp\/v2\/media?parent=753534"}],"wp:term":[{"taxonomy":"product_brand","embeddable":true,"href":"https:\/\/roveyayinevi.com.tr\/index.php\/wp-json\/wp\/v2\/product_brand?post=753534"},{"taxonomy":"product_cat","embeddable":true,"href":"https:\/\/roveyayinevi.com.tr\/index.php\/wp-json\/wp\/v2\/product_cat?post=753534"},{"taxonomy":"product_tag","embeddable":true,"href":"https:\/\/roveyayinevi.com.tr\/index.php\/wp-json\/wp\/v2\/product_tag?post=753534"}],"curies":[{"name":"wp","href":"https:\/\/api.w.org\/{rel}","templated":true}]}}