{"id":753532,"date":"2025-08-28T05:45:49","date_gmt":"2025-08-28T02:45:49","guid":{"rendered":"https:\/\/roveyayinevi.com.tr\/index.php\/urun\/minecraft-zindan-macerasi\/"},"modified":"2026-04-16T03:06:49","modified_gmt":"2026-04-16T00:06:49","slug":"minecraft-zindan-macerasi","status":"publish","type":"product","link":"https:\/\/roveyayinevi.com.tr\/index.php\/urun\/minecraft-zindan-macerasi\/","title":{"rendered":"Minecraft &#8211; Zindan Maceras\u0131"},"content":{"rendered":"<p>SPOTLAR NE KADAR PARLAKSA\u2026 B\u0130R O KADAR KARANLIK Z\u0130NDAN DA!   Okulun tiyatro oyunu herkesin hayat\u0131n\u0131 ele ge\u00e7irmi\u015f olsa da Po ve arkada\u015flar\u0131n\u0131n ba\u015fka endi\u015feleri var. Uyand\u0131r\u0131c\u0131 Kral\u2019\u0131n g\u00fcc\u00fcn\u00fcn kayna\u011f\u0131 tehlikelerle dolu bir zindanda gizli. Kahramanlar\u0131m\u0131z zindanda derinlere indik\u00e7e, her ad\u0131mlar\u0131n\u0131 giderek daha fazla y\u00f6neten biri var sanki! <\/p>\n","protected":false},"excerpt":{"rendered":"<p>SPOTLAR NE KADAR PARLAKSA\u2026 B\u0130R O KADAR KARANLIK Z\u0130NDAN DA! Okulun tiyatro oyunu herkesin hayat\u0131n\u0131 ele ge\u00e7irmi\u015f olsa da Po ve arkada\u015flar\u0131n\u0131n ba\u015fka endi\u015feleri var. Uyand\u0131r\u0131c\u0131<span class=\"excerpt-hellip\"> [\u2026]<\/span><\/p>\n","protected":false},"featured_media":0,"template":"","meta":{"_monsterinsights_skip_tracking":false,"_monsterinsights_sitenote_active":false,"_monsterinsights_sitenote_note":"","_monsterinsights_sitenote_category":0},"product_brand":[],"product_cat":[12291,12711],"product_tag":[],"class_list":{"0":"post-753532","1":"product","2":"type-product","3":"status-publish","5":"product_cat-edebiyat","6":"product_cat-roman-oyku","7":"pa_cilt-ciltsiz","8":"pa_tur-kitap","9":"pa_yayinevi-x-libris","10":"pa_yazar-nick-eliopulos","12":"first","13":"instock","14":"sale","15":"shipping-taxable","16":"purchasable","17":"product-type-simple"},"_links":{"self":[{"href":"https:\/\/roveyayinevi.com.tr\/index.php\/wp-json\/wp\/v2\/product\/753532","targetHints":{"allow":["GET"]}}],"collection":[{"href":"https:\/\/roveyayinevi.com.tr\/index.php\/wp-json\/wp\/v2\/product"}],"about":[{"href":"https:\/\/roveyayinevi.com.tr\/index.php\/wp-json\/wp\/v2\/types\/product"}],"wp:attachment":[{"href":"https:\/\/roveyayinevi.com.tr\/index.php\/wp-json\/wp\/v2\/media?parent=753532"}],"wp:term":[{"taxonomy":"product_brand","embeddable":true,"href":"https:\/\/roveyayinevi.com.tr\/index.php\/wp-json\/wp\/v2\/product_brand?post=753532"},{"taxonomy":"product_cat","embeddable":true,"href":"https:\/\/roveyayinevi.com.tr\/index.php\/wp-json\/wp\/v2\/product_cat?post=753532"},{"taxonomy":"product_tag","embeddable":true,"href":"https:\/\/roveyayinevi.com.tr\/index.php\/wp-json\/wp\/v2\/product_tag?post=753532"}],"curies":[{"name":"wp","href":"https:\/\/api.w.org\/{rel}","templated":true}]}}