{"id":753528,"date":"2025-08-28T05:45:43","date_gmt":"2025-08-28T02:45:43","guid":{"rendered":"https:\/\/roveyayinevi.com.tr\/index.php\/urun\/liberteryenizm\/"},"modified":"2026-04-16T03:06:49","modified_gmt":"2026-04-16T00:06:49","slug":"liberteryenizm","status":"publish","type":"product","link":"https:\/\/roveyayinevi.com.tr\/index.php\/urun\/liberteryenizm\/","title":{"rendered":"Liberteryenizm"},"content":{"rendered":"<p>Liberteryenizm, bireyin var olu\u015funu ancak \u00f6zg\u00fcr olmakla ger\u00e7ekle\u015ftirece\u011fi tezini temel almaktad\u0131r. Yazara g\u00f6re, \u00f6zg\u00fcrl\u00fc\u011f\u00fcn ahlaki savunusu olan liberteryenizm, liberalizm i\u00e7inde bir k\u0131r\u0131lma ve \u00f6ze d\u00f6n\u00fc\u015ft\u00fcr. Tarihsel k\u00f6keninde radikal bir duru\u015fu ifade eden liberalizmin, \u00f6z\u00fcne d\u00f6nerek \u00f6zg\u00fcrl\u00fck, birey ve piyasa \u00fc\u00e7l\u00fcs\u00fcne s\u0131k\u0131 s\u0131k\u0131ya sar\u0131lma anlay\u0131\u015f\u0131n\u0131 yans\u0131t\u0131r.   \u00d6zg\u00fcrl\u00fc\u011f\u00fcn anlam kayb\u0131na u\u011frad\u0131\u011f\u0131, bireyin unutuldu\u011fu ve piyasan\u0131n olumsuzland\u0131\u011f\u0131, tart\u0131\u015fmalar\u0131n bu kavramlar\u0131n i\u00e7ini bo\u015faltarak y\u00fcr\u00fct\u00fcld\u00fc\u011f\u00fc bir d\u00f6nemde Nozick\u2019in bireylerin haklar\u0131 vard\u0131r ve hi\u00e7 kimsenin ve hi\u00e7bir grubun onlara yapamayaca\u011f\u0131 \u015feyler vard\u0131r mottosu liberteryen gelene\u011fin milad\u0131 olmu\u015ftur. Liberteryenizm ile liberalizmde \u00f6len ve unutulan de\u011ferler, d\u00fc\u015f\u00fcnce gelenekleri tekrar canlanm\u0131\u015ft\u0131r.   Liberteryenizm \u00f6zg\u00fcrl\u00fck ve birey ili\u015fkisinde ihmal edilen piyasan\u0131n konumunun ne olaca\u011f\u0131n\u0131 tart\u0131\u015fmas\u0131z bir \u015fekilde olumlayarak, bireye ve \u00f6zg\u00fcrl\u00fcklere y\u00f6nelik devletten\/siyasal iktidardan gelecek en b\u00fcy\u00fck tehlikeyi bertaraf etmenin teorik ve ahlaki savunusunu vermi\u015ftir. Liberteryenizm devletin ahlakili\u011fini sorgulatmakla beraber piyasan\u0131n ahlaki olmad\u0131\u011f\u0131na dair tezi de \u00e7\u00fcr\u00fctmeye y\u00f6nelik ciddi arg\u00fcmanlar geli\u015ftirmi\u015ftir. <\/p>\n","protected":false},"excerpt":{"rendered":"<p>Liberteryenizm, bireyin var olu\u015funu ancak \u00f6zg\u00fcr olmakla ger\u00e7ekle\u015ftirece\u011fi tezini temel almaktad\u0131r. Yazara g\u00f6re, \u00f6zg\u00fcrl\u00fc\u011f\u00fcn ahlaki savunusu olan liberteryenizm, liberalizm i\u00e7inde bir k\u0131r\u0131lma ve \u00f6ze d\u00f6n\u00fc\u015ft\u00fcr. Tarihsel<span class=\"excerpt-hellip\"> [\u2026]<\/span><\/p>\n","protected":false},"featured_media":0,"template":"","meta":{"_monsterinsights_skip_tracking":false,"_monsterinsights_sitenote_active":false,"_monsterinsights_sitenote_note":"","_monsterinsights_sitenote_category":0},"product_brand":[],"product_cat":[52477],"product_tag":[],"class_list":{"0":"post-753528","1":"product","2":"type-product","3":"status-publish","5":"product_cat-arastirma","6":"pa_cilt-ciltsiz","7":"pa_tur-kitap","8":"pa_yayinevi-liberte-yayinlari","9":"pa_yazar-ozlem-kirli","11":"first","12":"instock","13":"sale","14":"shipping-taxable","15":"purchasable","16":"product-type-simple"},"_links":{"self":[{"href":"https:\/\/roveyayinevi.com.tr\/index.php\/wp-json\/wp\/v2\/product\/753528","targetHints":{"allow":["GET"]}}],"collection":[{"href":"https:\/\/roveyayinevi.com.tr\/index.php\/wp-json\/wp\/v2\/product"}],"about":[{"href":"https:\/\/roveyayinevi.com.tr\/index.php\/wp-json\/wp\/v2\/types\/product"}],"wp:attachment":[{"href":"https:\/\/roveyayinevi.com.tr\/index.php\/wp-json\/wp\/v2\/media?parent=753528"}],"wp:term":[{"taxonomy":"product_brand","embeddable":true,"href":"https:\/\/roveyayinevi.com.tr\/index.php\/wp-json\/wp\/v2\/product_brand?post=753528"},{"taxonomy":"product_cat","embeddable":true,"href":"https:\/\/roveyayinevi.com.tr\/index.php\/wp-json\/wp\/v2\/product_cat?post=753528"},{"taxonomy":"product_tag","embeddable":true,"href":"https:\/\/roveyayinevi.com.tr\/index.php\/wp-json\/wp\/v2\/product_tag?post=753528"}],"curies":[{"name":"wp","href":"https:\/\/api.w.org\/{rel}","templated":true}]}}