{"id":753525,"date":"2025-08-28T05:45:39","date_gmt":"2025-08-28T02:45:39","guid":{"rendered":"https:\/\/roveyayinevi.com.tr\/index.php\/urun\/bugi-ve-zoi\/"},"modified":"2026-04-08T03:13:14","modified_gmt":"2026-04-08T00:13:14","slug":"bugi-ve-zoi","status":"publish","type":"product","link":"https:\/\/roveyayinevi.com.tr\/index.php\/urun\/bugi-ve-zoi\/","title":{"rendered":"Bugi ve Zoi"},"content":{"rendered":"<p>Bugi, merakl\u0131 bir e\u015fek. Yeni \u00e7imenler ke\u015ffetmeye bay\u0131l\u0131yor. Zoi biraz \u00fc\u015fenge\u00e7. Yine de ke\u015fifleri s\u0131ras\u0131nda arkada\u015f\u0131na e\u015flik ediyor. Bir g\u00fcn Bugi, Zoi\u2019ye bir soru soruyor: \u201cDaha \u00f6nce hi\u00e7 gitmedi\u011finiz bir yere gidelim mi?\u201d \u00c7\u0131k\u0131yorlar yola. *** Zoi, yeni arkada\u015flar edindik\u00e7e kendini yaln\u0131z m\u0131 hissediyor? Daha \u00f6nce gidilmeyen yerde, Bugi daha az m\u0131 seviyor Zoi\u2019yi? Yoksa Zoi\u2026 En yak\u0131n arkada\u015f\u0131n\u0131 kimseyle payla\u015fmak m\u0131 istemiyor? \u00d6zlem Karaman Nuho\u011flu, k\u0131skan\u00e7l\u0131k, payla\u015fmak, ke\u015ffetmek gibi kavramlar \u00fczerine \u00e7ocuklar\u0131 d\u00fc\u015f\u00fcnmeye davet ederken kulland\u0131\u011f\u0131 dil konusunda \u00f6yle \u00f6zenli davranm\u0131\u015f ki, \u00f6\u011fretici \u00f6\u011felerin okuru rahats\u0131z etmesi m\u00fcmk\u00fcn de\u011fil!<\/p>\n","protected":false},"excerpt":{"rendered":"<p>Bugi, merakl\u0131 bir e\u015fek. Yeni \u00e7imenler ke\u015ffetmeye bay\u0131l\u0131yor. Zoi biraz \u00fc\u015fenge\u00e7. Yine de ke\u015fifleri s\u0131ras\u0131nda arkada\u015f\u0131na e\u015flik ediyor. Bir g\u00fcn Bugi, Zoi\u2019ye bir soru soruyor: \u201cDaha<span class=\"excerpt-hellip\"> [\u2026]<\/span><\/p>\n","protected":false},"featured_media":0,"template":"","meta":{"_monsterinsights_skip_tracking":false,"_monsterinsights_sitenote_active":false,"_monsterinsights_sitenote_note":"","_monsterinsights_sitenote_category":0},"product_brand":[],"product_cat":[12274,12284],"product_tag":[],"class_list":{"0":"post-753525","1":"product","2":"type-product","3":"status-publish","5":"product_cat-cocuk-ve-genclik-kitaplari","6":"product_cat-hikayeler","7":"pa_cilt-ciltsiz","8":"pa_tur-kitap","9":"pa_yayinevi-luna-cocuk-yayinlari","10":"pa_yazar-ozlem-karaman-nuhoglu","12":"first","13":"instock","14":"sale","15":"shipping-taxable","16":"purchasable","17":"product-type-simple"},"_links":{"self":[{"href":"https:\/\/roveyayinevi.com.tr\/index.php\/wp-json\/wp\/v2\/product\/753525","targetHints":{"allow":["GET"]}}],"collection":[{"href":"https:\/\/roveyayinevi.com.tr\/index.php\/wp-json\/wp\/v2\/product"}],"about":[{"href":"https:\/\/roveyayinevi.com.tr\/index.php\/wp-json\/wp\/v2\/types\/product"}],"wp:attachment":[{"href":"https:\/\/roveyayinevi.com.tr\/index.php\/wp-json\/wp\/v2\/media?parent=753525"}],"wp:term":[{"taxonomy":"product_brand","embeddable":true,"href":"https:\/\/roveyayinevi.com.tr\/index.php\/wp-json\/wp\/v2\/product_brand?post=753525"},{"taxonomy":"product_cat","embeddable":true,"href":"https:\/\/roveyayinevi.com.tr\/index.php\/wp-json\/wp\/v2\/product_cat?post=753525"},{"taxonomy":"product_tag","embeddable":true,"href":"https:\/\/roveyayinevi.com.tr\/index.php\/wp-json\/wp\/v2\/product_tag?post=753525"}],"curies":[{"name":"wp","href":"https:\/\/api.w.org\/{rel}","templated":true}]}}