{"id":753524,"date":"2025-08-28T05:45:37","date_gmt":"2025-08-28T02:45:37","guid":{"rendered":"https:\/\/roveyayinevi.com.tr\/index.php\/urun\/ip-2-2\/"},"modified":"2026-04-16T03:06:49","modified_gmt":"2026-04-16T00:06:49","slug":"ip-2-2","status":"publish","type":"product","link":"https:\/\/roveyayinevi.com.tr\/index.php\/urun\/ip-2-2\/","title":{"rendered":"\u0130p 2"},"content":{"rendered":"<p>U\u00e7uruma s\u00fcr\u00fcklenen bir hayat\u0131n e\u015fi\u011finde yeniden ya\u015fama tutunabilmek kolay olabilir miydi?   Ge\u00e7mi\u015fin izleri pe\u015fini b\u0131rakmazken a\u00e7\u0131lan yaralar kabuk tutabilir miydi?   Kafese hapsedilmi\u015f bir bedenle verilen \u00f6zg\u00fcrl\u00fck sava\u015f\u0131 kazan\u0131labilir miydi?<\/p>\n","protected":false},"excerpt":{"rendered":"<p>U\u00e7uruma s\u00fcr\u00fcklenen bir hayat\u0131n e\u015fi\u011finde yeniden ya\u015fama tutunabilmek kolay olabilir miydi? Ge\u00e7mi\u015fin izleri pe\u015fini b\u0131rakmazken a\u00e7\u0131lan yaralar kabuk tutabilir miydi? Kafese hapsedilmi\u015f bir bedenle verilen \u00f6zg\u00fcrl\u00fck<span class=\"excerpt-hellip\"> [\u2026]<\/span><\/p>\n","protected":false},"featured_media":0,"template":"","meta":{"_monsterinsights_skip_tracking":false,"_monsterinsights_sitenote_active":false,"_monsterinsights_sitenote_note":"","_monsterinsights_sitenote_category":0},"product_brand":[],"product_cat":[12291,12711],"product_tag":[],"class_list":{"0":"post-753524","1":"product","2":"type-product","3":"status-publish","5":"product_cat-edebiyat","6":"product_cat-roman-oyku","7":"pa_cilt-ciltsiz","8":"pa_tur-kitap","9":"pa_yayinevi-luna-yayinlari","10":"pa_yazar-ozge-cennet-akbulut","12":"first","13":"instock","14":"sale","15":"shipping-taxable","16":"purchasable","17":"product-type-simple"},"_links":{"self":[{"href":"https:\/\/roveyayinevi.com.tr\/index.php\/wp-json\/wp\/v2\/product\/753524","targetHints":{"allow":["GET"]}}],"collection":[{"href":"https:\/\/roveyayinevi.com.tr\/index.php\/wp-json\/wp\/v2\/product"}],"about":[{"href":"https:\/\/roveyayinevi.com.tr\/index.php\/wp-json\/wp\/v2\/types\/product"}],"wp:attachment":[{"href":"https:\/\/roveyayinevi.com.tr\/index.php\/wp-json\/wp\/v2\/media?parent=753524"}],"wp:term":[{"taxonomy":"product_brand","embeddable":true,"href":"https:\/\/roveyayinevi.com.tr\/index.php\/wp-json\/wp\/v2\/product_brand?post=753524"},{"taxonomy":"product_cat","embeddable":true,"href":"https:\/\/roveyayinevi.com.tr\/index.php\/wp-json\/wp\/v2\/product_cat?post=753524"},{"taxonomy":"product_tag","embeddable":true,"href":"https:\/\/roveyayinevi.com.tr\/index.php\/wp-json\/wp\/v2\/product_tag?post=753524"}],"curies":[{"name":"wp","href":"https:\/\/api.w.org\/{rel}","templated":true}]}}