{"id":753523,"date":"2025-08-28T05:45:35","date_gmt":"2025-08-28T02:45:35","guid":{"rendered":"https:\/\/roveyayinevi.com.tr\/index.php\/urun\/ip-2\/"},"modified":"2026-04-16T03:06:49","modified_gmt":"2026-04-16T00:06:49","slug":"ip-2","status":"publish","type":"product","link":"https:\/\/roveyayinevi.com.tr\/index.php\/urun\/ip-2\/","title":{"rendered":"\u0130p"},"content":{"rendered":"<p>\u0130hanetin bedeli, ka\u00e7 ki\u015fiyi etkileyebilirdi?   Bir\u2026 \u0130ki\u2026 \u00dc\u00e7\u2026   Onu etkilemi\u015fti. K\u0131r\u0131k kanatlarla \u00e7aresizli\u011fe tak\u0131l\u0131 kal\u0131p zoraki bir evlili\u011fe s\u00fcr\u00fcklenirken g\u00fcvendi\u011fi da\u011flar kar alt\u0131nda kalm\u0131\u015ft\u0131.   Hayal bulutlar\u0131 buhar olup u\u00e7arken kurakl\u0131\u011f\u0131nda m\u00fccadele verebilecek miydi?   Peki, y\u00fcre\u011finde a\u00e7\u0131lan yaralar sonsuza dek kanayacak m\u0131yd\u0131, yoksa kabuk mu tutacakt\u0131?<\/p>\n","protected":false},"excerpt":{"rendered":"<p>\u0130hanetin bedeli, ka\u00e7 ki\u015fiyi etkileyebilirdi? Bir\u2026 \u0130ki\u2026 \u00dc\u00e7\u2026 Onu etkilemi\u015fti. K\u0131r\u0131k kanatlarla \u00e7aresizli\u011fe tak\u0131l\u0131 kal\u0131p zoraki bir evlili\u011fe s\u00fcr\u00fcklenirken g\u00fcvendi\u011fi da\u011flar kar alt\u0131nda kalm\u0131\u015ft\u0131. Hayal bulutlar\u0131<span class=\"excerpt-hellip\"> [\u2026]<\/span><\/p>\n","protected":false},"featured_media":0,"template":"","meta":{"_monsterinsights_skip_tracking":false,"_monsterinsights_sitenote_active":false,"_monsterinsights_sitenote_note":"","_monsterinsights_sitenote_category":0},"product_brand":[],"product_cat":[12291,12711],"product_tag":[],"class_list":{"0":"post-753523","1":"product","2":"type-product","3":"status-publish","5":"product_cat-edebiyat","6":"product_cat-roman-oyku","7":"pa_cilt-ciltsiz","8":"pa_tur-kitap","9":"pa_yayinevi-luna-yayinlari","10":"pa_yazar-ozge-cennet-akbulut","12":"first","13":"instock","14":"sale","15":"shipping-taxable","16":"purchasable","17":"product-type-simple"},"_links":{"self":[{"href":"https:\/\/roveyayinevi.com.tr\/index.php\/wp-json\/wp\/v2\/product\/753523","targetHints":{"allow":["GET"]}}],"collection":[{"href":"https:\/\/roveyayinevi.com.tr\/index.php\/wp-json\/wp\/v2\/product"}],"about":[{"href":"https:\/\/roveyayinevi.com.tr\/index.php\/wp-json\/wp\/v2\/types\/product"}],"wp:attachment":[{"href":"https:\/\/roveyayinevi.com.tr\/index.php\/wp-json\/wp\/v2\/media?parent=753523"}],"wp:term":[{"taxonomy":"product_brand","embeddable":true,"href":"https:\/\/roveyayinevi.com.tr\/index.php\/wp-json\/wp\/v2\/product_brand?post=753523"},{"taxonomy":"product_cat","embeddable":true,"href":"https:\/\/roveyayinevi.com.tr\/index.php\/wp-json\/wp\/v2\/product_cat?post=753523"},{"taxonomy":"product_tag","embeddable":true,"href":"https:\/\/roveyayinevi.com.tr\/index.php\/wp-json\/wp\/v2\/product_tag?post=753523"}],"curies":[{"name":"wp","href":"https:\/\/api.w.org\/{rel}","templated":true}]}}