{"id":753520,"date":"2025-08-28T05:45:31","date_gmt":"2025-08-28T02:45:31","guid":{"rendered":"https:\/\/roveyayinevi.com.tr\/index.php\/urun\/iste-insan-3\/"},"modified":"2026-04-16T03:06:49","modified_gmt":"2026-04-16T00:06:49","slug":"iste-insan-3","status":"publish","type":"product","link":"https:\/\/roveyayinevi.com.tr\/index.php\/urun\/iste-insan-3\/","title":{"rendered":"\u0130\u015fte \u0130nsan"},"content":{"rendered":"<p>Lorenz, \u201cinsan\u0131n nispeten ilkel ama o \u00f6l\u00e7\u00fcde de tehlikeli temel d\u00fcrt\u00fc ve i\u00e7g\u00fcd\u00fclerini\u201d hat\u0131rlatma g\u00f6revini kusursuz bir bi\u00e7imde yerine getiriyor. Lorenz\u2019in, sald\u0131rganl\u0131\u011f\u0131, insan eylem ve tepkilerinin temel nedenlerinden biri olarak belirleyip bu kitapta ikna edici bir \u015fekilde a\u00e7\u0131klamas\u0131ndan bu yana, \u201csald\u0131rganl\u0131k\u201d sadece antropolojik ve sosyolojik tart\u0131\u015fmalar\u0131n anahtar kavram\u0131 haline gelmekle kalmam\u0131\u015f son 40-50 y\u0131lda, bu konuda da\u011f gibi bir literat\u00fcr\u00fcn do\u011fmas\u0131na da yol a\u00e7m\u0131\u015ft\u0131r. Bu ger\u00e7ek, ilk bask\u0131s\u0131 y\u0131llar \u00f6nce yap\u0131lan bir metnin \u00e7a\u011fa damgas\u0131n\u0131 vurabilmesini de anla\u015f\u0131l\u0131r k\u0131lmaktad\u0131r. <\/p>\n","protected":false},"excerpt":{"rendered":"<p>Lorenz, \u201cinsan\u0131n nispeten ilkel ama o \u00f6l\u00e7\u00fcde de tehlikeli temel d\u00fcrt\u00fc ve i\u00e7g\u00fcd\u00fclerini\u201d hat\u0131rlatma g\u00f6revini kusursuz bir bi\u00e7imde yerine getiriyor. Lorenz\u2019in, sald\u0131rganl\u0131\u011f\u0131, insan eylem ve tepkilerinin<span class=\"excerpt-hellip\"> [\u2026]<\/span><\/p>\n","protected":false},"featured_media":0,"template":"","meta":{"_monsterinsights_skip_tracking":false,"_monsterinsights_sitenote_active":false,"_monsterinsights_sitenote_note":"","_monsterinsights_sitenote_category":0},"product_brand":[],"product_cat":[52477],"product_tag":[],"class_list":{"0":"post-753520","1":"product","2":"type-product","3":"status-publish","5":"product_cat-arastirma","6":"pa_cilt-ciltsiz","7":"pa_tur-kitap","8":"pa_yayinevi-alfa-yayinlari","9":"pa_yazar-konrad-lorenz","11":"first","12":"instock","13":"sale","14":"shipping-taxable","15":"purchasable","16":"product-type-simple"},"_links":{"self":[{"href":"https:\/\/roveyayinevi.com.tr\/index.php\/wp-json\/wp\/v2\/product\/753520","targetHints":{"allow":["GET"]}}],"collection":[{"href":"https:\/\/roveyayinevi.com.tr\/index.php\/wp-json\/wp\/v2\/product"}],"about":[{"href":"https:\/\/roveyayinevi.com.tr\/index.php\/wp-json\/wp\/v2\/types\/product"}],"wp:attachment":[{"href":"https:\/\/roveyayinevi.com.tr\/index.php\/wp-json\/wp\/v2\/media?parent=753520"}],"wp:term":[{"taxonomy":"product_brand","embeddable":true,"href":"https:\/\/roveyayinevi.com.tr\/index.php\/wp-json\/wp\/v2\/product_brand?post=753520"},{"taxonomy":"product_cat","embeddable":true,"href":"https:\/\/roveyayinevi.com.tr\/index.php\/wp-json\/wp\/v2\/product_cat?post=753520"},{"taxonomy":"product_tag","embeddable":true,"href":"https:\/\/roveyayinevi.com.tr\/index.php\/wp-json\/wp\/v2\/product_tag?post=753520"}],"curies":[{"name":"wp","href":"https:\/\/api.w.org\/{rel}","templated":true}]}}