{"id":753519,"date":"2025-08-28T05:45:31","date_gmt":"2025-08-28T02:45:31","guid":{"rendered":"https:\/\/roveyayinevi.com.tr\/index.php\/urun\/art-niyet-sanatci-olmak\/"},"modified":"2026-03-12T03:15:11","modified_gmt":"2026-03-12T00:15:11","slug":"art-niyet-sanatci-olmak","status":"publish","type":"product","link":"https:\/\/roveyayinevi.com.tr\/index.php\/urun\/art-niyet-sanatci-olmak\/","title":{"rendered":"Art Niyet \/ Sanat\u00e7\u0131 Olmak"},"content":{"rendered":"<p>\u201cSanat nedir?\u201d, \u201cSanat\u00e7\u0131y\u0131 iyi yapan kriterler nelerdir?, \u201c\u00dcreten insanda zamanla bir durgunluk olur mu?\u201d, \u201cGaleri se\u00e7erken nelere dikkat etmeliyim?\u201d,  \u201cAt\u00f6lye pencereleri hangi y\u00f6ne bakmal\u0131?\u201d, \u201cYurtd\u0131\u015f\u0131nda sanat yapmak daha m\u0131 kolay?\u201d, \u201cSanatta sonraki \u2018yeni\u2019 ne olacak?\u201d, \u201cMedyada s\u0131k s\u0131k g\u00f6r\u00fcnmeli mi?\u201d Bu ve benzeri sorular, her sanat \u00f6\u011frencisinin, sanatla amat\u00f6r ya da profesyonel olarak hemen herkesin zaman zaman akl\u0131na tak\u0131lan say\u0131s\u0131z sorudan sadece birka\u00e7\u0131\u2026     Ressam ve akademisyen B\u00fcnyamin \u00d6zg\u00fcltekin\u2019in her biri ya\u015fam\u0131n\u0131 sanat \u00fcreterek s\u00fcrd\u00fcren 30 sanat\u00e7\u0131ya sordu\u011fu 100 soruya verilen cevaplar\u0131 bir araya getirdi\u011fi Art Niyet \/ Sanat\u00e7\u0131 Olmak, sanat\u00e7\u0131 olarak ya\u015fam\u0131n\u0131 s\u00fcrd\u00fcrmek isteyenlerin oldu\u011fu kadar bu yolda ilerleyenlerin de ba\u015fvurabilece\u011fi bir kitap olma \u00f6zelli\u011fi ta\u015f\u0131yor.     Onay Akba\u015f, Halil Akdeniz, Rahmi Aksungur, Mustafa Ata, Tomur Atag\u00f6k, Ayd\u0131n Ayan, Suzan Batu, Bedri Baykam, Bubi, Zahit B\u00fcy\u00fcki\u015fleyen, Server Demirta\u015f, H\u00fcsn\u00fc Dokak, Devrim Erbil, M\u00fcrteza Fidan, Adem Gen\u00e7, Zafer Gen\u00e7ayd\u0131n, Melih G\u00f6rg\u00fcn, Genco G\u00fclan, Veysel G\u00fcnay, Meri\u00e7 H\u0131zal, Ekrem Kahraman, Devabil Kara, Mustafa Karya\u011fd\u0131, Mehmet Kavuk\u00e7u, H\u00fcsamettin Ko\u00e7an, T\u00fclin Onat, Denizhan \u00d6zer, Yusuf Taktak ve Mehmet Y\u0131lmaz\u2019\u0131n sorulara verdi\u011fi yan\u0131tlar\u0131n hepsi ki\u015fisel deneyimlere, bu deneyimlerden edinilen bilgilere dayan\u0131yor. Sorulara verdikleri samimi yan\u0131tlarla sanat\u00e7\u0131lar, sanat \u00fcretimi yolculu\u011funa \u00e7\u0131km\u0131\u015f her okurun zihninde farkl\u0131 bak\u0131\u015f a\u00e7\u0131lar\u0131 geli\u015fmesine katk\u0131da bulunuyor. Art Niyet\/Sanat\u00e7\u0131 Olmak, okurun, sorulara verilen cevaplar\u0131 sentezleyip kendi \u00f6zg\u00fcn \u00e7\u00f6z\u00fcm\u00fcn\u00fc \u00fcretebilmesine yard\u0131mc\u0131 oluyor, yol g\u00f6steriyor. <\/p>\n","protected":false},"excerpt":{"rendered":"<p>\u201cSanat nedir?\u201d, \u201cSanat\u00e7\u0131y\u0131 iyi yapan kriterler nelerdir?, \u201c\u00dcreten insanda zamanla bir durgunluk olur mu?\u201d, \u201cGaleri se\u00e7erken nelere dikkat etmeliyim?\u201d, \u201cAt\u00f6lye pencereleri hangi y\u00f6ne bakmal\u0131?\u201d, \u201cYurtd\u0131\u015f\u0131nda sanat<span class=\"excerpt-hellip\"> [\u2026]<\/span><\/p>\n","protected":false},"featured_media":0,"template":"","meta":{"_monsterinsights_skip_tracking":false,"_monsterinsights_sitenote_active":false,"_monsterinsights_sitenote_note":"","_monsterinsights_sitenote_category":0},"product_brand":[],"product_cat":[13548,12408],"product_tag":[],"class_list":{"0":"post-753519","1":"product","2":"type-product","3":"status-publish","5":"product_cat-kuram","6":"product_cat-sanat","7":"pa_cilt-ciltsiz","8":"pa_tur-kitap","9":"pa_yayinevi-hayalperest-yayinlari","10":"pa_yazar-bunyamin-ozgultekin","12":"first","13":"instock","14":"sale","15":"shipping-taxable","16":"purchasable","17":"product-type-simple"},"_links":{"self":[{"href":"https:\/\/roveyayinevi.com.tr\/index.php\/wp-json\/wp\/v2\/product\/753519","targetHints":{"allow":["GET"]}}],"collection":[{"href":"https:\/\/roveyayinevi.com.tr\/index.php\/wp-json\/wp\/v2\/product"}],"about":[{"href":"https:\/\/roveyayinevi.com.tr\/index.php\/wp-json\/wp\/v2\/types\/product"}],"wp:attachment":[{"href":"https:\/\/roveyayinevi.com.tr\/index.php\/wp-json\/wp\/v2\/media?parent=753519"}],"wp:term":[{"taxonomy":"product_brand","embeddable":true,"href":"https:\/\/roveyayinevi.com.tr\/index.php\/wp-json\/wp\/v2\/product_brand?post=753519"},{"taxonomy":"product_cat","embeddable":true,"href":"https:\/\/roveyayinevi.com.tr\/index.php\/wp-json\/wp\/v2\/product_cat?post=753519"},{"taxonomy":"product_tag","embeddable":true,"href":"https:\/\/roveyayinevi.com.tr\/index.php\/wp-json\/wp\/v2\/product_tag?post=753519"}],"curies":[{"name":"wp","href":"https:\/\/api.w.org\/{rel}","templated":true}]}}