{"id":753517,"date":"2025-08-28T05:45:28","date_gmt":"2025-08-28T02:45:28","guid":{"rendered":"https:\/\/roveyayinevi.com.tr\/index.php\/urun\/jung-ve-yoga\/"},"modified":"2026-04-11T03:14:57","modified_gmt":"2026-04-11T00:14:57","slug":"jung-ve-yoga","status":"publish","type":"product","link":"https:\/\/roveyayinevi.com.tr\/index.php\/urun\/jung-ve-yoga\/","title":{"rendered":"Jung ve Yoga"},"content":{"rendered":"<p>Bilin\u00e7 nedir ve kendi ger\u00e7e\u011fimize nas\u0131l uyanabiliriz? Ayd\u0131nlanma nedir? Ayd\u0131nlanma yolunda \u00e7akralar\u0131 nas\u0131l kullanabiliriz? Kundalini Yoga hayat\u0131m\u0131z\u0131 nas\u0131l de\u011fi\u015ftirir? Ayahuasca gibi entojenler hayat yolunda bize nas\u0131l katk\u0131 sa\u011flar?   Carl Jung\u2019u arketipler, ego, g\u00f6lge benlik kavramlar\u0131 \u00fczerine y\u00fcr\u00fctt\u00fc\u011f\u00fc \u00e7al\u0131\u015fmalarla ve Analitik Psikoloji\u2019nin kurucusu olarak tan\u0131yor olabilirsiniz. Bu kitapla birlikte, onun pek de bilinmeyen bir ba\u015fka ilgi alan\u0131nda, \u00f6zenle y\u00fcr\u00fctt\u00fc\u011f\u00fc incelemeleriyle tan\u0131\u015facaks\u0131n\u0131z: Bu kitapta oda\u011f\u0131m\u0131z, \u00c7akralar ve Kundalini Yoga.   Sinirbilim alan\u0131nda d\u00fcnyaca tan\u0131nan bir ara\u015ft\u0131rmac\u0131 olan ve 2014 y\u0131l\u0131ndan beri Kundalini Yoga ve entojenler \u00fczerine \u00e7al\u0131\u015fan Dr. Nardi, bu kitapta, Jung\u2019un \u00e7akralar hakk\u0131ndaki payla\u015f\u0131mlar\u0131n\u0131 ve \u00e7al\u0131\u015fmalar\u0131n\u0131, t\u00fcm okurlar\u0131n eri\u015febilece\u011fi ve anlayabilece\u011fi bir formatta bir araya getiriyor. Kitaptaki \u00f6zetler ve grafikler ile \u00e7akralar\u0131 anlamak ve \u00e7akralarla \u00e7al\u0131\u015fmak, daha \u00f6nce hi\u00e7 olmad\u0131\u011f\u0131 kadar kolay.   Elinizdeki kitap, Jung\u2019un izini s\u00fcrd\u00fc\u011f\u00fc ve \u00f6nerdi\u011fi g\u00fcnl\u00fck beden-zihin pratiklerine odaklan\u0131yor ve sizi, benli\u011finizi ke\u015ffetmeye ve t\u00fcm potansiyelinizi ortaya \u00e7\u0131karmaya davet ediyor.   \u201cBu d\u00fcnyada bir iz b\u0131rakmal\u0131s\u0131n. B\u0131rakmal\u0131s\u0131n ki burada oldu\u011fun, bir \u015feyler ya\u015fand\u0131\u011f\u0131 anla\u015f\u0131ls\u0131n.\u201d Carl Jung <\/p>\n","protected":false},"excerpt":{"rendered":"<p>Bilin\u00e7 nedir ve kendi ger\u00e7e\u011fimize nas\u0131l uyanabiliriz? Ayd\u0131nlanma nedir? Ayd\u0131nlanma yolunda \u00e7akralar\u0131 nas\u0131l kullanabiliriz? Kundalini Yoga hayat\u0131m\u0131z\u0131 nas\u0131l de\u011fi\u015ftirir? Ayahuasca gibi entojenler hayat yolunda bize nas\u0131l<span class=\"excerpt-hellip\"> [\u2026]<\/span><\/p>\n","protected":false},"featured_media":0,"template":"","meta":{"_monsterinsights_skip_tracking":false,"_monsterinsights_sitenote_active":false,"_monsterinsights_sitenote_note":"","_monsterinsights_sitenote_category":0},"product_brand":[],"product_cat":[12364,12376],"product_tag":[],"class_list":{"0":"post-753517","1":"product","2":"type-product","3":"status-publish","5":"product_cat-genel-konular","6":"product_cat-kisisel-gelisim","7":"pa_cilt-ciltsiz","8":"pa_tur-kitap","9":"pa_yayinevi-omega","10":"pa_yazar-dario-nardi","12":"first","13":"instock","14":"sale","15":"shipping-taxable","16":"purchasable","17":"product-type-simple"},"_links":{"self":[{"href":"https:\/\/roveyayinevi.com.tr\/index.php\/wp-json\/wp\/v2\/product\/753517","targetHints":{"allow":["GET"]}}],"collection":[{"href":"https:\/\/roveyayinevi.com.tr\/index.php\/wp-json\/wp\/v2\/product"}],"about":[{"href":"https:\/\/roveyayinevi.com.tr\/index.php\/wp-json\/wp\/v2\/types\/product"}],"wp:attachment":[{"href":"https:\/\/roveyayinevi.com.tr\/index.php\/wp-json\/wp\/v2\/media?parent=753517"}],"wp:term":[{"taxonomy":"product_brand","embeddable":true,"href":"https:\/\/roveyayinevi.com.tr\/index.php\/wp-json\/wp\/v2\/product_brand?post=753517"},{"taxonomy":"product_cat","embeddable":true,"href":"https:\/\/roveyayinevi.com.tr\/index.php\/wp-json\/wp\/v2\/product_cat?post=753517"},{"taxonomy":"product_tag","embeddable":true,"href":"https:\/\/roveyayinevi.com.tr\/index.php\/wp-json\/wp\/v2\/product_tag?post=753517"}],"curies":[{"name":"wp","href":"https:\/\/api.w.org\/{rel}","templated":true}]}}