{"id":753516,"date":"2025-08-28T05:45:27","date_gmt":"2025-08-28T02:45:27","guid":{"rendered":"https:\/\/roveyayinevi.com.tr\/index.php\/urun\/freud-uzerine\/"},"modified":"2026-04-16T03:06:49","modified_gmt":"2026-04-16T00:06:49","slug":"freud-uzerine","status":"publish","type":"product","link":"https:\/\/roveyayinevi.com.tr\/index.php\/urun\/freud-uzerine\/","title":{"rendered":"Freud \u00dczerine"},"content":{"rendered":"<p>D\u00fcnyan\u0131n d\u00f6rt bir yan\u0131ndaki doktorlar\u0131, yazarlar\u0131 ve ara\u015ft\u0131rmac\u0131lar\u0131 Freud\u2019un doktrininin i\u00e7g\u00f6r\u00fcs\u00fc ve bilgeli\u011fi konusunda ikna etmek sadece \u00e7eyrek y\u00fczy\u0131l s\u00fcrd\u00fc. Ancak bug\u00fcn, Freud\u2019un psikanalitik d\u00fc\u015f\u00fcncenin karma\u015f\u0131k yap\u0131s\u0131yla olan ili\u015fkisi tart\u0131\u015fmaya a\u00e7\u0131k hale geldi: Bir yandan bir\u00e7ok bilim insan\u0131 Freudyen teorinin etkisinin azald\u0131\u011f\u0131n\u0131 iddia ederken, di\u011fer yandan Freud\u2019un insan zihninin yap\u0131s\u0131n\u0131 ve geli\u015fimini g\u00f6steren bir model ortaya koyan tek ki\u015fi oldu\u011fu d\u00fc\u015f\u00fcncesi h\u00e2kimiyetini koruyor. Ancak bu tart\u0131\u015fmaya Freud\u2019un ya\u015fant\u0131s\u0131, ailesi ve \u00e7al\u0131\u015fmalar\u0131 hakk\u0131nda temel bilgilere sahip olmadan kat\u0131lmak m\u00fcmk\u00fcn de\u011fil. Kendisi de bir psikoterapist olan Penelope Balogh, Freud\u2019un dopdolu ya\u015fam\u0131ndaki her deneyimin onun bilgi aray\u0131\u015f\u0131na nas\u0131l katk\u0131 sa\u011flad\u0131\u011f\u0131n\u0131 yal\u0131n bir anlat\u0131mla g\u00f6zler \u00f6n\u00fcne seriyor. <\/p>\n","protected":false},"excerpt":{"rendered":"<p>D\u00fcnyan\u0131n d\u00f6rt bir yan\u0131ndaki doktorlar\u0131, yazarlar\u0131 ve ara\u015ft\u0131rmac\u0131lar\u0131 Freud\u2019un doktrininin i\u00e7g\u00f6r\u00fcs\u00fc ve bilgeli\u011fi konusunda ikna etmek sadece \u00e7eyrek y\u00fczy\u0131l s\u00fcrd\u00fc. Ancak bug\u00fcn, Freud\u2019un psikanalitik d\u00fc\u015f\u00fcncenin karma\u015f\u0131k<span class=\"excerpt-hellip\"> [\u2026]<\/span><\/p>\n","protected":false},"featured_media":0,"template":"","meta":{"_monsterinsights_skip_tracking":false,"_monsterinsights_sitenote_active":false,"_monsterinsights_sitenote_note":"","_monsterinsights_sitenote_category":0},"product_brand":[],"product_cat":[12357],"product_tag":[],"class_list":{"0":"post-753516","1":"product","2":"type-product","3":"status-publish","5":"product_cat-psikoloji","6":"pa_cilt-ciltsiz","7":"pa_tur-kitap","8":"pa_yayinevi-say-yayinlari","9":"pa_yazar-penelope-balogh","11":"first","12":"instock","13":"sale","14":"shipping-taxable","15":"purchasable","16":"product-type-simple"},"_links":{"self":[{"href":"https:\/\/roveyayinevi.com.tr\/index.php\/wp-json\/wp\/v2\/product\/753516","targetHints":{"allow":["GET"]}}],"collection":[{"href":"https:\/\/roveyayinevi.com.tr\/index.php\/wp-json\/wp\/v2\/product"}],"about":[{"href":"https:\/\/roveyayinevi.com.tr\/index.php\/wp-json\/wp\/v2\/types\/product"}],"wp:attachment":[{"href":"https:\/\/roveyayinevi.com.tr\/index.php\/wp-json\/wp\/v2\/media?parent=753516"}],"wp:term":[{"taxonomy":"product_brand","embeddable":true,"href":"https:\/\/roveyayinevi.com.tr\/index.php\/wp-json\/wp\/v2\/product_brand?post=753516"},{"taxonomy":"product_cat","embeddable":true,"href":"https:\/\/roveyayinevi.com.tr\/index.php\/wp-json\/wp\/v2\/product_cat?post=753516"},{"taxonomy":"product_tag","embeddable":true,"href":"https:\/\/roveyayinevi.com.tr\/index.php\/wp-json\/wp\/v2\/product_tag?post=753516"}],"curies":[{"name":"wp","href":"https:\/\/api.w.org\/{rel}","templated":true}]}}