{"id":753515,"date":"2025-08-28T05:45:26","date_gmt":"2025-08-28T02:45:26","guid":{"rendered":"https:\/\/roveyayinevi.com.tr\/index.php\/urun\/aveline-jonesun-hayaletleri\/"},"modified":"2026-04-16T03:06:49","modified_gmt":"2026-04-16T00:06:49","slug":"aveline-jonesun-hayaletleri","status":"publish","type":"product","link":"https:\/\/roveyayinevi.com.tr\/index.php\/urun\/aveline-jonesun-hayaletleri\/","title":{"rendered":"Aveline Jones\u2019un Hayaletleri"},"content":{"rendered":"<p>Aveline hayalet hik\u00e2yeleri okumaya bay\u0131l\u0131r. \u00dcrk\u00fcn\u00e7 bir kitap ke\u015ffetti\u011finde kasvetli yar\u0131y\u0131l tatili daha da heyecanl\u0131 bir hal al\u0131r. Bu kitap, y\u0131llar \u00f6nce kay\u0131plara kar\u0131\u015fan ve kendisinden bir daha hi\u00e7 haber al\u0131namayan Primrose Penberthy&#8217;ye aittir. Aveline, yeni arkada\u015f\u0131 Harold&#8217;\u0131n yard\u0131m\u0131yla Primrose&#8217;un ortadan kaybolu\u015funu ara\u015ft\u0131rmaya karar verir. Ve \u015fimdi birisi&#8230; ya da bir \u015feyler Aveline&#8217;in pe\u015findedir.Gizemlerin hep \u00e7\u00f6z\u00fcld\u00fc\u011f\u00fc ve ruhlar\u0131n dinlenmeye \u00e7ekildi\u011fi t\u00fcyler \u00fcrpertici, yepyeni bir dizinin ilk kitab\u0131! El fenerlerinizi yak\u0131n ve siz de bu macerada Aveline Jones&#8217;a kat\u0131l\u0131n!<\/p>\n","protected":false},"excerpt":{"rendered":"<p>Aveline hayalet hik\u00e2yeleri okumaya bay\u0131l\u0131r. \u00dcrk\u00fcn\u00e7 bir kitap ke\u015ffetti\u011finde kasvetli yar\u0131y\u0131l tatili daha da heyecanl\u0131 bir hal al\u0131r. Bu kitap, y\u0131llar \u00f6nce kay\u0131plara kar\u0131\u015fan ve kendisinden<span class=\"excerpt-hellip\"> [\u2026]<\/span><\/p>\n","protected":false},"featured_media":0,"template":"","meta":{"_monsterinsights_skip_tracking":false,"_monsterinsights_sitenote_active":false,"_monsterinsights_sitenote_note":"","_monsterinsights_sitenote_category":0},"product_brand":[],"product_cat":[12274,12284],"product_tag":[],"class_list":{"0":"post-753515","1":"product","2":"type-product","3":"status-publish","5":"product_cat-cocuk-ve-genclik-kitaplari","6":"product_cat-hikayeler","7":"pa_cilt-ciltsiz","8":"pa_tur-kitap","9":"pa_yayinevi-can-cocuk-yayinlari","10":"pa_yazar-phil-hickes","12":"first","13":"instock","14":"sale","15":"shipping-taxable","16":"purchasable","17":"product-type-simple"},"_links":{"self":[{"href":"https:\/\/roveyayinevi.com.tr\/index.php\/wp-json\/wp\/v2\/product\/753515","targetHints":{"allow":["GET"]}}],"collection":[{"href":"https:\/\/roveyayinevi.com.tr\/index.php\/wp-json\/wp\/v2\/product"}],"about":[{"href":"https:\/\/roveyayinevi.com.tr\/index.php\/wp-json\/wp\/v2\/types\/product"}],"wp:attachment":[{"href":"https:\/\/roveyayinevi.com.tr\/index.php\/wp-json\/wp\/v2\/media?parent=753515"}],"wp:term":[{"taxonomy":"product_brand","embeddable":true,"href":"https:\/\/roveyayinevi.com.tr\/index.php\/wp-json\/wp\/v2\/product_brand?post=753515"},{"taxonomy":"product_cat","embeddable":true,"href":"https:\/\/roveyayinevi.com.tr\/index.php\/wp-json\/wp\/v2\/product_cat?post=753515"},{"taxonomy":"product_tag","embeddable":true,"href":"https:\/\/roveyayinevi.com.tr\/index.php\/wp-json\/wp\/v2\/product_tag?post=753515"}],"curies":[{"name":"wp","href":"https:\/\/api.w.org\/{rel}","templated":true}]}}