{"id":753514,"date":"2025-08-28T05:45:24","date_gmt":"2025-08-28T02:45:24","guid":{"rendered":"https:\/\/roveyayinevi.com.tr\/index.php\/urun\/yasamak-sevinci-butun-eserleri-3\/"},"modified":"2026-04-16T03:06:49","modified_gmt":"2026-04-16T00:06:49","slug":"yasamak-sevinci-butun-eserleri-3","status":"publish","type":"product","link":"https:\/\/roveyayinevi.com.tr\/index.php\/urun\/yasamak-sevinci-butun-eserleri-3\/","title":{"rendered":"Ya\u015famak  Sevinci -B\u00fct\u00fcn Eserleri -3"},"content":{"rendered":"<p>\u00d6yk\u00fcc\u00fc, \u015fair, denemeci, ressam ve psikiyatr Fikret \u00dcrg\u00fcp\u2019\u00fcn b\u00fct\u00fcn eserlerinin \u00fc\u00e7\u00fcnc\u00fc cildi olan ve Seveng\u00fcl S\u00f6nmez taraf\u0131ndan yay\u0131na haz\u0131rlanan Ya\u015famak Sevinci, 1952-1970 y\u0131llar\u0131 aras\u0131nda, Yeditepe, Yeni \u0130nsan, Yenilik, Varl\u0131k, G\u00fcney dergilerinde ve Cumhuriyet gazetesinde yay\u0131mlad\u0131\u011f\u0131 portreleri, edebiyat-sanat yaz\u0131lar\u0131n\u0131, psikolog g\u00f6z\u00fcyle yazd\u0131\u011f\u0131 de\u011ferlendirmeleri ve \u201cAmerika Mektuplar\u0131\u201dn\u0131 bir araya getiriyor. \u00d6yk\u00fc ve \u015fiirleriyle edebiyat\u0131m\u0131zda ayr\u0131ks\u0131 bir yer edinen Fikret \u00dcrg\u00fcp\u2019\u00fc bir deneme yazar\u0131 ve ele\u015ftirmen s\u0131fat\u0131yla da sahneye ta\u015f\u0131yan Ya\u015famak Sevinci, \u00f6nemli bir k\u00fclliyat\u0131n par\u00e7as\u0131 olarak, ayn\u0131 ku\u015faktan V\u00fcs\u2019at O. Bener, Erhan Bener ve Ferit Edg\u00fc gibi isimlerle birlikte Everest kitapl\u0131\u011f\u0131nda yerini al\u0131yor.   Bizde eksik olan ya\u015famak sevincini a\u015f\u0131lamak laz\u0131m gibi geliyor bana. Mademki ya\u015f\u0131yoruz, ne\u015feli olmal\u0131y\u0131z. Ne\u015feli olmak insan\u0131 ilerletir. [&#8230;] Mademki hayattay\u0131z, sevinmemiz gerekir. \u0130\u015fte halka, bilhassa bizim halk\u0131m\u0131za bunu anlatmal\u0131. <\/p>\n","protected":false},"excerpt":{"rendered":"<p>\u00d6yk\u00fcc\u00fc, \u015fair, denemeci, ressam ve psikiyatr Fikret \u00dcrg\u00fcp\u2019\u00fcn b\u00fct\u00fcn eserlerinin \u00fc\u00e7\u00fcnc\u00fc cildi olan ve Seveng\u00fcl S\u00f6nmez taraf\u0131ndan yay\u0131na haz\u0131rlanan Ya\u015famak Sevinci, 1952-1970 y\u0131llar\u0131 aras\u0131nda, Yeditepe, Yeni<span class=\"excerpt-hellip\"> [\u2026]<\/span><\/p>\n","protected":false},"featured_media":0,"template":"","meta":{"_monsterinsights_skip_tracking":false,"_monsterinsights_sitenote_active":false,"_monsterinsights_sitenote_note":"","_monsterinsights_sitenote_category":0},"product_brand":[],"product_cat":[12777,12291],"product_tag":[],"class_list":{"0":"post-753514","1":"product","2":"type-product","3":"status-publish","5":"product_cat-deneme","6":"product_cat-edebiyat","7":"pa_cilt-ciltsiz","8":"pa_tur-kitap","9":"pa_yayinevi-everest-yayinlari","10":"pa_yazar-fikret-urgup","12":"first","13":"instock","14":"sale","15":"shipping-taxable","16":"purchasable","17":"product-type-simple"},"_links":{"self":[{"href":"https:\/\/roveyayinevi.com.tr\/index.php\/wp-json\/wp\/v2\/product\/753514","targetHints":{"allow":["GET"]}}],"collection":[{"href":"https:\/\/roveyayinevi.com.tr\/index.php\/wp-json\/wp\/v2\/product"}],"about":[{"href":"https:\/\/roveyayinevi.com.tr\/index.php\/wp-json\/wp\/v2\/types\/product"}],"wp:attachment":[{"href":"https:\/\/roveyayinevi.com.tr\/index.php\/wp-json\/wp\/v2\/media?parent=753514"}],"wp:term":[{"taxonomy":"product_brand","embeddable":true,"href":"https:\/\/roveyayinevi.com.tr\/index.php\/wp-json\/wp\/v2\/product_brand?post=753514"},{"taxonomy":"product_cat","embeddable":true,"href":"https:\/\/roveyayinevi.com.tr\/index.php\/wp-json\/wp\/v2\/product_cat?post=753514"},{"taxonomy":"product_tag","embeddable":true,"href":"https:\/\/roveyayinevi.com.tr\/index.php\/wp-json\/wp\/v2\/product_tag?post=753514"}],"curies":[{"name":"wp","href":"https:\/\/api.w.org\/{rel}","templated":true}]}}