{"id":753513,"date":"2025-08-28T05:45:23","date_gmt":"2025-08-28T02:45:23","guid":{"rendered":"https:\/\/roveyayinevi.com.tr\/index.php\/urun\/benim-istanbulum\/"},"modified":"2026-04-15T03:16:49","modified_gmt":"2026-04-15T00:16:49","slug":"benim-istanbulum","status":"publish","type":"product","link":"https:\/\/roveyayinevi.com.tr\/index.php\/urun\/benim-istanbulum\/","title":{"rendered":"Benim \u0130stanbul&#8217;um"},"content":{"rendered":"<p>\u015eairler, yazarlar, ressamlar ve m\u00fczisyenler Ve onlar\u0131n bir zamanlar ya\u015fad\u0131\u011f\u0131 \u0130stanbul\u2026 Havas\u0131, suyu, topra\u011f\u0131 ve insan\u0131yla   ba\u015fl\u0131 ba\u015f\u0131na bir \u00e2lem olan \u0130stanbul. Bir yanda Bo\u011fazi\u00e7i\u2019nin mavili\u011fi\u2026 Kaynak sular\u0131n\u0131n tad\u0131, doyumsuzlu\u011fu. Yo\u011furdu, meyvesi, bozas\u0131, saray yemekleri&#8230; Tarihi mek\u00e2nlar\u0131\u2026 Bir zamanlar\u0131n r\u00fcya \u015fehri\u2026   \u015eimdilerin kay\u0131p ufku\u2026 Haldun H\u00fcrel, \u0130stanbul sevdas\u0131n\u0131   bir kez daha dile d\u00f6k\u00fcyor\u2026 Kalbinin \u0130stanbul\u2019undan kanatlan\u0131p zamanda gezintiye \u00e7\u0131k\u0131yor. <\/p>\n","protected":false},"excerpt":{"rendered":"<p>\u015eairler, yazarlar, ressamlar ve m\u00fczisyenler Ve onlar\u0131n bir zamanlar ya\u015fad\u0131\u011f\u0131 \u0130stanbul\u2026 Havas\u0131, suyu, topra\u011f\u0131 ve insan\u0131yla ba\u015fl\u0131 ba\u015f\u0131na bir \u00e2lem olan \u0130stanbul. Bir yanda Bo\u011fazi\u00e7i\u2019nin mavili\u011fi\u2026<span class=\"excerpt-hellip\"> [\u2026]<\/span><\/p>\n","protected":false},"featured_media":0,"template":"","meta":{"_monsterinsights_skip_tracking":false,"_monsterinsights_sitenote_active":false,"_monsterinsights_sitenote_note":"","_monsterinsights_sitenote_category":0},"product_brand":[],"product_cat":[12291,12509],"product_tag":[],"class_list":{"0":"post-753513","1":"product","2":"type-product","3":"status-publish","5":"product_cat-edebiyat","6":"product_cat-siir","7":"pa_cilt-ciltsiz","8":"pa_tur-kitap","9":"pa_yayinevi-kapi-yayinlari","10":"pa_yazar-haldun-hurel","12":"first","13":"instock","14":"sale","15":"shipping-taxable","16":"purchasable","17":"product-type-simple"},"_links":{"self":[{"href":"https:\/\/roveyayinevi.com.tr\/index.php\/wp-json\/wp\/v2\/product\/753513","targetHints":{"allow":["GET"]}}],"collection":[{"href":"https:\/\/roveyayinevi.com.tr\/index.php\/wp-json\/wp\/v2\/product"}],"about":[{"href":"https:\/\/roveyayinevi.com.tr\/index.php\/wp-json\/wp\/v2\/types\/product"}],"wp:attachment":[{"href":"https:\/\/roveyayinevi.com.tr\/index.php\/wp-json\/wp\/v2\/media?parent=753513"}],"wp:term":[{"taxonomy":"product_brand","embeddable":true,"href":"https:\/\/roveyayinevi.com.tr\/index.php\/wp-json\/wp\/v2\/product_brand?post=753513"},{"taxonomy":"product_cat","embeddable":true,"href":"https:\/\/roveyayinevi.com.tr\/index.php\/wp-json\/wp\/v2\/product_cat?post=753513"},{"taxonomy":"product_tag","embeddable":true,"href":"https:\/\/roveyayinevi.com.tr\/index.php\/wp-json\/wp\/v2\/product_tag?post=753513"}],"curies":[{"name":"wp","href":"https:\/\/api.w.org\/{rel}","templated":true}]}}