{"id":753512,"date":"2025-08-28T05:45:21","date_gmt":"2025-08-28T02:45:21","guid":{"rendered":"https:\/\/roveyayinevi.com.tr\/index.php\/urun\/hayattayiz-madem\/"},"modified":"2026-04-16T03:06:49","modified_gmt":"2026-04-16T00:06:49","slug":"hayattayiz-madem","status":"publish","type":"product","link":"https:\/\/roveyayinevi.com.tr\/index.php\/urun\/hayattayiz-madem\/","title":{"rendered":"Hayattay\u0131z Madem"},"content":{"rendered":"<p>\u201c\u015eu andan ba\u015fka ne var ki elimizde?  Bir saniye sonras\u0131 yalan.\u201d   Nazi kamplar\u0131ndan sa\u011f \u00e7\u0131kan dedesi \u0130stanbul\u2019a g\u00f6\u00e7m\u00fc\u015f, yar\u0131 T\u00fcrk yar\u0131 Hollandal\u0131 bir baba; oyunculuk okumak, belki de b\u00fcy\u00fcmek i\u00e7in Amsterdam\u2019a g\u00f6\u00e7en k\u00fc\u00e7\u00fck k\u0131z Batya; kendi duygu d\u00fcnyas\u0131nda bir m\u00fclteci olan Ahuva ve Suriye\u2019deki sava\u015ftan ka\u00e7arak T\u00fcrkiye\u2019ye s\u0131\u011f\u0131nan Meryem-G\u00fcl\u2026 1943\u2019ten 2018\u2019e, Amsterdam\u2019dan Auschwitz\u2019e, Halep\u2019ten \u0130stanbul\u2019a uzanan hik\u00e2yeler, Te\u015fvikiye\u2019deki bir evde kesi\u015fen kaderler&#8230; Aile s\u0131rlar\u0131 ortaya \u00e7\u0131kar, yeni k\u0131z karde\u015flikler kurulur, beklenmedik a\u015fklar do\u011farken, ba\u015fkalar\u0131na \u201conlar\u201d yerine \u201cbiz\u201d demek m\u00fcmk\u00fcn m\u00fc? \u00c7iler \u0130lhan ikinci roman\u0131 Hayattay\u0131z Madem\u2019de, \u201ci\u00e7eride\u201d ve \u201cd\u0131\u015far\u0131da\u201d bir yurt edinmeye \u00e7al\u0131\u015f\u0131rken kimliklerini de yeniden in\u015fa eden insanlar\u0131n zorlu yolculuklar\u0131na okuru ortak ediyor.   Malum, sonras\u0131 onun de\u011fil, bizim hik\u00e2yemiz. Miss Gelinlik\u2019teki i\u015f olmay\u0131nca Ma\u00e7ka Park\u0131\u2019na s\u0131\u011f\u0131nm\u0131\u015f G\u00fcl. Ne yapaca\u011f\u0131n\u0131 d\u00fc\u015f\u00fcn\u00fcrken g\u00f6rm\u00fc\u015f\u00fcm ben onu, iki g\u00fcn sonra. Rastla\u015fmam\u0131\u015f olsak bile kendini, Alisini bir \u015fekilde, ba\u015fka \u015fekilde kurtar\u0131rd\u0131, eminim. Birbirimizden al\u0131p verece\u011fimiz varm\u0131\u015f, kar\u015f\u0131la\u015fmam\u0131z bundan. Yoksa en az\u0131l\u0131 d\u00fc\u015fman\u0131m\u0131z da, tek kurtar\u0131c\u0131m\u0131z da kendimiziz. <\/p>\n","protected":false},"excerpt":{"rendered":"<p>\u201c\u015eu andan ba\u015fka ne var ki elimizde? Bir saniye sonras\u0131 yalan.\u201d Nazi kamplar\u0131ndan sa\u011f \u00e7\u0131kan dedesi \u0130stanbul\u2019a g\u00f6\u00e7m\u00fc\u015f, yar\u0131 T\u00fcrk yar\u0131 Hollandal\u0131 bir baba; oyunculuk okumak,<span class=\"excerpt-hellip\"> [\u2026]<\/span><\/p>\n","protected":false},"featured_media":0,"template":"","meta":{"_monsterinsights_skip_tracking":false,"_monsterinsights_sitenote_active":false,"_monsterinsights_sitenote_note":"","_monsterinsights_sitenote_category":0},"product_brand":[],"product_cat":[12291,12711],"product_tag":[],"class_list":{"0":"post-753512","1":"product","2":"type-product","3":"status-publish","5":"product_cat-edebiyat","6":"product_cat-roman-oyku","7":"pa_cilt-ciltsiz","8":"pa_tur-kitap","9":"pa_yayinevi-everest-yayinlari","10":"pa_yazar-ciler-ilhan","12":"first","13":"instock","14":"sale","15":"shipping-taxable","16":"purchasable","17":"product-type-simple"},"_links":{"self":[{"href":"https:\/\/roveyayinevi.com.tr\/index.php\/wp-json\/wp\/v2\/product\/753512","targetHints":{"allow":["GET"]}}],"collection":[{"href":"https:\/\/roveyayinevi.com.tr\/index.php\/wp-json\/wp\/v2\/product"}],"about":[{"href":"https:\/\/roveyayinevi.com.tr\/index.php\/wp-json\/wp\/v2\/types\/product"}],"wp:attachment":[{"href":"https:\/\/roveyayinevi.com.tr\/index.php\/wp-json\/wp\/v2\/media?parent=753512"}],"wp:term":[{"taxonomy":"product_brand","embeddable":true,"href":"https:\/\/roveyayinevi.com.tr\/index.php\/wp-json\/wp\/v2\/product_brand?post=753512"},{"taxonomy":"product_cat","embeddable":true,"href":"https:\/\/roveyayinevi.com.tr\/index.php\/wp-json\/wp\/v2\/product_cat?post=753512"},{"taxonomy":"product_tag","embeddable":true,"href":"https:\/\/roveyayinevi.com.tr\/index.php\/wp-json\/wp\/v2\/product_tag?post=753512"}],"curies":[{"name":"wp","href":"https:\/\/api.w.org\/{rel}","templated":true}]}}