{"id":753508,"date":"2025-08-28T05:45:16","date_gmt":"2025-08-28T02:45:16","guid":{"rendered":"https:\/\/roveyayinevi.com.tr\/index.php\/urun\/zembil-2\/"},"modified":"2026-04-16T03:06:49","modified_gmt":"2026-04-16T00:06:49","slug":"zembil-2","status":"publish","type":"product","link":"https:\/\/roveyayinevi.com.tr\/index.php\/urun\/zembil-2\/","title":{"rendered":"Zembil 2"},"content":{"rendered":"<p>Eskiden pazara giderken kullan\u0131lan \u00f6rme sepet \u201cZEMB\u0130LL\u0130 AL\u0130 EFEND\u0130\u201d denmesinin sebebi de bu sepetmi\u015f. Sorular\u0131n cevab\u0131n\u0131 k\u00fc\u00e7\u00fck k\u00e2\u011f\u0131tlara yazarak zembilin i\u00e7ine doldurup evin penceresinden sark\u0131t\u0131rm\u0131\u015f. Sonra o sorular\u0131 soranlar gelip cevaplar\u0131n\u0131 oradan al\u0131rlarm\u0131\u015f.   KUTADGU B\u0130L\u0130G\u2019de Yusuf Has H\u00c2C\u0130B diyor ki: \u201cOkuyan okuyunca beni hat\u0131rlay\u0131p bana bir dua k\u0131lacak diye \u00fcmid ediyorum. \u0130stedi\u011fim bu idi, umdu\u011fum da budur; okuyan bana bir FAT\u0130HA g\u00f6nderecektir\u201d Biz de dualara talib olarak fedak\u00e2r evlatlar\u0131m\u0131n gayretiyle okuduklar\u0131m\u0131z\u0131 sizler i\u00e7in derledik. MAKSAD, \u201cR\u0131zay-\u0131 Hak ve \u00dcmmid-i \u015eefaat\u201dtir \u201cRabbi zidn\u00ee ilmen ve fehmen ve elh\u0131kn\u00ee biss\u00e2lih\u00een.\u201dVe minallahi\u2019t-tevfik&#8230; <\/p>\n","protected":false},"excerpt":{"rendered":"<p>Eskiden pazara giderken kullan\u0131lan \u00f6rme sepet \u201cZEMB\u0130LL\u0130 AL\u0130 EFEND\u0130\u201d denmesinin sebebi de bu sepetmi\u015f. Sorular\u0131n cevab\u0131n\u0131 k\u00fc\u00e7\u00fck k\u00e2\u011f\u0131tlara yazarak zembilin i\u00e7ine doldurup evin penceresinden sark\u0131t\u0131rm\u0131\u015f. Sonra<span class=\"excerpt-hellip\"> [\u2026]<\/span><\/p>\n","protected":false},"featured_media":0,"template":"","meta":{"_monsterinsights_skip_tracking":false,"_monsterinsights_sitenote_active":false,"_monsterinsights_sitenote_note":"","_monsterinsights_sitenote_category":0},"product_brand":[],"product_cat":[52477],"product_tag":[],"class_list":{"0":"post-753508","1":"product","2":"type-product","3":"status-publish","5":"product_cat-arastirma","6":"pa_cilt-ciltsiz","7":"pa_tur-kitap","8":"pa_yayinevi-gulnar-yayinlari","9":"pa_yazar-ahmet-yasar-cakmak","11":"first","12":"instock","13":"sale","14":"shipping-taxable","15":"purchasable","16":"product-type-simple"},"_links":{"self":[{"href":"https:\/\/roveyayinevi.com.tr\/index.php\/wp-json\/wp\/v2\/product\/753508","targetHints":{"allow":["GET"]}}],"collection":[{"href":"https:\/\/roveyayinevi.com.tr\/index.php\/wp-json\/wp\/v2\/product"}],"about":[{"href":"https:\/\/roveyayinevi.com.tr\/index.php\/wp-json\/wp\/v2\/types\/product"}],"wp:attachment":[{"href":"https:\/\/roveyayinevi.com.tr\/index.php\/wp-json\/wp\/v2\/media?parent=753508"}],"wp:term":[{"taxonomy":"product_brand","embeddable":true,"href":"https:\/\/roveyayinevi.com.tr\/index.php\/wp-json\/wp\/v2\/product_brand?post=753508"},{"taxonomy":"product_cat","embeddable":true,"href":"https:\/\/roveyayinevi.com.tr\/index.php\/wp-json\/wp\/v2\/product_cat?post=753508"},{"taxonomy":"product_tag","embeddable":true,"href":"https:\/\/roveyayinevi.com.tr\/index.php\/wp-json\/wp\/v2\/product_tag?post=753508"}],"curies":[{"name":"wp","href":"https:\/\/api.w.org\/{rel}","templated":true}]}}