{"id":753507,"date":"2025-08-28T05:45:15","date_gmt":"2025-08-28T02:45:15","guid":{"rendered":"https:\/\/roveyayinevi.com.tr\/index.php\/urun\/mutlu-para-ciltli\/"},"modified":"2026-04-13T03:12:35","modified_gmt":"2026-04-13T00:12:35","slug":"mutlu-para-ciltli","status":"publish","type":"product","link":"https:\/\/roveyayinevi.com.tr\/index.php\/urun\/mutlu-para-ciltli\/","title":{"rendered":"Mutlu Para (Ciltli)"},"content":{"rendered":"<p>Paran\u0131n sizin i\u00e7in anlam\u0131 nedir? Siz mi paray\u0131 kullan\u0131yorsunuz, yoksa para m\u0131 sizi kullan\u0131yor? \u201cPara mutlulu\u011fu sat\u0131n alamaz\u201d denir; \u00f6yleyse bunca insan neden \u201cpara, daha \u00e7ok para\u201d diye kendini paral\u0131yor? Mutsuz olmak i\u00e7in mi u\u011fra\u015f\u0131yorlar? Kitaplar\u0131 milyonlarca ki\u015fiye ula\u015fm\u0131\u015f ve insanlar\u0131n parayla ili\u015fkilerini de\u011fi\u015ftirerek hayatlar\u0131n\u0131 da de\u011fi\u015ftirmelerini sa\u011flam\u0131\u015f olan Ken Honda t\u00fcm d\u00fcnyada \u201cJapon para gurusu, para \u015fifac\u0131s\u0131\u201d olarak tan\u0131n\u0131yor. \u0130nsanlar\u0131n parayla ili\u015fkilerini sorgulamalar\u0131 ve parayla sa\u011fl\u0131kl\u0131 bir ili\u015fki kurmalar\u0131 i\u00e7in yol g\u00f6steren Honda, Japonlar\u0131n parayla bar\u0131\u015fmas\u0131n\u0131 nas\u0131l bir t\u00fcr sanat haline getirdi\u011fini anlat\u0131yor. Y\u0131llar boyunca pek \u00e7ok ki\u015finin kendisine sordu\u011fu sorular\u0131 ve yan\u0131tlar\u0131 aktar\u0131rken Mutlu Para Yolculu\u011fu\u2019nun da rehberli\u011fini yap\u0131yor. Kurdu\u011funuz ili\u015fkiye ba\u011fl\u0131 olarak para Tanr\u0131 da olabilir, \u015eeytan da; mutluluk da getirebilir felaket de\u2026 Honda\u2019n\u0131n ak\u0131c\u0131, s\u0131cak ve g\u00fczel anlat\u0131m\u0131 mali durumunuza bak\u0131\u015f a\u00e7\u0131n\u0131z\u0131 de\u011fi\u015ftirecek ve parayla ilgili pek \u00e7ok ilgin\u00e7 ger\u00e7e\u011fi ke\u015ffederken korkular\u0131n\u0131z\u0131, kayg\u0131lar\u0131n\u0131z\u0131 a\u015fman\u0131z\u0131 kolayla\u015ft\u0131racakt\u0131r. Paran\u0131n su gibi akt\u0131\u011f\u0131n\u0131 ve misafir gibi geldi\u011fini kavrarken ailenizden, \u00e7evrenizden parayla ilgili \u00f6\u011frendi\u011finiz \u015feyler \u00fczerinde d\u00fc\u015f\u00fcnecek, onlar\u0131 yeniden \u015fekillendireceksiniz. Mutlu Para\u2019ya do\u011fru iyi yolculuklar\u2026<\/p>\n","protected":false},"excerpt":{"rendered":"<p>Paran\u0131n sizin i\u00e7in anlam\u0131 nedir? Siz mi paray\u0131 kullan\u0131yorsunuz, yoksa para m\u0131 sizi kullan\u0131yor? \u201cPara mutlulu\u011fu sat\u0131n alamaz\u201d denir; \u00f6yleyse bunca insan neden \u201cpara, daha \u00e7ok<span class=\"excerpt-hellip\"> [\u2026]<\/span><\/p>\n","protected":false},"featured_media":0,"template":"","meta":{"_monsterinsights_skip_tracking":false,"_monsterinsights_sitenote_active":false,"_monsterinsights_sitenote_note":"","_monsterinsights_sitenote_category":0},"product_brand":[],"product_cat":[12364,12376],"product_tag":[],"class_list":{"0":"post-753507","1":"product","2":"type-product","3":"status-publish","5":"product_cat-genel-konular","6":"product_cat-kisisel-gelisim","7":"pa_cilt-ciltli","8":"pa_tur-kitap","9":"pa_yayinevi-kuraldisi-yayinevi","10":"pa_yazar-ken-honda","12":"first","13":"instock","14":"sale","15":"shipping-taxable","16":"purchasable","17":"product-type-simple"},"_links":{"self":[{"href":"https:\/\/roveyayinevi.com.tr\/index.php\/wp-json\/wp\/v2\/product\/753507","targetHints":{"allow":["GET"]}}],"collection":[{"href":"https:\/\/roveyayinevi.com.tr\/index.php\/wp-json\/wp\/v2\/product"}],"about":[{"href":"https:\/\/roveyayinevi.com.tr\/index.php\/wp-json\/wp\/v2\/types\/product"}],"wp:attachment":[{"href":"https:\/\/roveyayinevi.com.tr\/index.php\/wp-json\/wp\/v2\/media?parent=753507"}],"wp:term":[{"taxonomy":"product_brand","embeddable":true,"href":"https:\/\/roveyayinevi.com.tr\/index.php\/wp-json\/wp\/v2\/product_brand?post=753507"},{"taxonomy":"product_cat","embeddable":true,"href":"https:\/\/roveyayinevi.com.tr\/index.php\/wp-json\/wp\/v2\/product_cat?post=753507"},{"taxonomy":"product_tag","embeddable":true,"href":"https:\/\/roveyayinevi.com.tr\/index.php\/wp-json\/wp\/v2\/product_tag?post=753507"}],"curies":[{"name":"wp","href":"https:\/\/api.w.org\/{rel}","templated":true}]}}