{"id":753505,"date":"2025-08-28T05:45:12","date_gmt":"2025-08-28T02:45:12","guid":{"rendered":"https:\/\/roveyayinevi.com.tr\/index.php\/urun\/mercan-ve-inci-taci\/"},"modified":"2026-04-16T03:06:49","modified_gmt":"2026-04-16T00:06:49","slug":"mercan-ve-inci-taci","status":"publish","type":"product","link":"https:\/\/roveyayinevi.com.tr\/index.php\/urun\/mercan-ve-inci-taci\/","title":{"rendered":"Mercan ve \u0130nci Tac\u0131"},"content":{"rendered":"<p>Ilara prensleri, nesillerdir okyanusta kurulu bir k\u00f6y olan Varenia\u2019n\u0131n en g\u00fczel k\u0131z\u0131yla evleniyorlard\u0131. Her k\u0131z prenses olarak se\u00e7ilmek istese de soylu olman\u0131n bedeli hi\u00e7birinin tahmin edemeyece\u011fi kadar a\u011f\u0131rd\u0131\u2026 Nor, k\u00f6yleri kuruldu\u011fu zamanlardan beri onlar\u0131 y\u00f6neten Ilara\u2019n\u0131n g\u00f6z kama\u015ft\u0131r\u0131c\u0131 zenginli\u011fini ve g\u00fczelli\u011fini g\u00f6rmeyi hayal ediyordu. Ne yaz\u0131k ki, \u00e7ocuklu\u011funda ge\u00e7irdi\u011fi bir kaza y\u00fcz\u00fcnde kal\u0131c\u0131 bir yara izi b\u0131rakt\u0131\u011f\u0131 i\u00e7in veliaht prensle art\u0131k sadece tek yumurta ikizi Zadie evlenebilecekti. Nor ise k\u00f6yde kalacak, karaya asla ayak basamayacakt\u0131. Zadie gitmesine say\u0131l\u0131 g\u00fcnler kala a\u011f\u0131r bir \u015fekilde yaralan\u0131nca karde\u015finin yerine Ilara\u2019ya g\u00f6nderilen ki\u015fi Nor oldu. Fakat gelecekteki e\u015fi Prens Ceren\u2019\u0131n da\u011f\u0131n i\u00e7ine oyulmu\u015f g\u00fcne\u015f \u0131\u015f\u0131\u011f\u0131ndan yoksun bir kalede ya\u015fad\u0131\u011f\u0131n\u0131, k\u0131s\u0131tlay\u0131c\u0131 ve en az evi kadar so\u011fuk bir adam oldu\u011funu g\u00f6r\u00fcnce deh\u015fete d\u00fc\u015ft\u00fc. M\u00fcstakbel e\u015finin karde\u015fi Prens Talin\u2019le yak\u0131nla\u015fmaya ba\u015flad\u0131\u011f\u0131nda ise zay\u0131flayan kraliyet soyunun, \u00f6ld\u00fcr\u00fclen krali\u00e7enin ve terk etmeye can att\u0131\u011f\u0131 k\u00f6y\u00fcn\u00fc yok etmek i\u00e7in yap\u0131lan planlar\u0131n s\u0131rlar\u0131 a\u00e7\u0131\u011fa \u00e7\u0131kmaya ba\u015flad\u0131. Nor halk\u0131n\u0131 kurtarmak i\u00e7in yalanlarla dolu saplant\u0131l\u0131 bir saray\u0131n kurallar\u0131yla ba\u015fa \u00e7\u0131kmay\u0131 \u00f6\u011frenmeliydi. Ancak kendi iradesinin g\u00fcc\u00fcn\u00fc ke\u015ffetmesi, sahip oldu\u011fu her \u015feyi kaybetmesine neden olabilirdi. Taht\u0131, Varenia\u2019y\u0131 ve k\u0131z karde\u015fi Zadie\u2019yi. <\/p>\n","protected":false},"excerpt":{"rendered":"<p>Ilara prensleri, nesillerdir okyanusta kurulu bir k\u00f6y olan Varenia\u2019n\u0131n en g\u00fczel k\u0131z\u0131yla evleniyorlard\u0131. Her k\u0131z prenses olarak se\u00e7ilmek istese de soylu olman\u0131n bedeli hi\u00e7birinin tahmin edemeyece\u011fi<span class=\"excerpt-hellip\"> [\u2026]<\/span><\/p>\n","protected":false},"featured_media":0,"template":"","meta":{"_monsterinsights_skip_tracking":false,"_monsterinsights_sitenote_active":false,"_monsterinsights_sitenote_note":"","_monsterinsights_sitenote_category":0},"product_brand":[],"product_cat":[12291,14777],"product_tag":[],"class_list":{"0":"post-753505","1":"product","2":"type-product","3":"status-publish","5":"product_cat-edebiyat","6":"product_cat-fantastik","7":"pa_cilt-ciltsiz","8":"pa_tur-kitap","9":"pa_yayinevi-marti-yayinlari","10":"pa_yazar-mara-rutherford","12":"first","13":"instock","14":"sale","15":"shipping-taxable","16":"purchasable","17":"product-type-simple"},"_links":{"self":[{"href":"https:\/\/roveyayinevi.com.tr\/index.php\/wp-json\/wp\/v2\/product\/753505","targetHints":{"allow":["GET"]}}],"collection":[{"href":"https:\/\/roveyayinevi.com.tr\/index.php\/wp-json\/wp\/v2\/product"}],"about":[{"href":"https:\/\/roveyayinevi.com.tr\/index.php\/wp-json\/wp\/v2\/types\/product"}],"wp:attachment":[{"href":"https:\/\/roveyayinevi.com.tr\/index.php\/wp-json\/wp\/v2\/media?parent=753505"}],"wp:term":[{"taxonomy":"product_brand","embeddable":true,"href":"https:\/\/roveyayinevi.com.tr\/index.php\/wp-json\/wp\/v2\/product_brand?post=753505"},{"taxonomy":"product_cat","embeddable":true,"href":"https:\/\/roveyayinevi.com.tr\/index.php\/wp-json\/wp\/v2\/product_cat?post=753505"},{"taxonomy":"product_tag","embeddable":true,"href":"https:\/\/roveyayinevi.com.tr\/index.php\/wp-json\/wp\/v2\/product_tag?post=753505"}],"curies":[{"name":"wp","href":"https:\/\/api.w.org\/{rel}","templated":true}]}}