{"id":753503,"date":"2025-08-28T05:45:09","date_gmt":"2025-08-28T02:45:09","guid":{"rendered":"https:\/\/roveyayinevi.com.tr\/index.php\/urun\/rune-semboller-kitabi\/"},"modified":"2026-04-16T03:06:49","modified_gmt":"2026-04-16T00:06:49","slug":"rune-semboller-kitabi","status":"publish","type":"product","link":"https:\/\/roveyayinevi.com.tr\/index.php\/urun\/rune-semboller-kitabi\/","title":{"rendered":"Rune Semboller Kitab\u0131"},"content":{"rendered":"<p>Kadim S\u0131rlar\u0131n Kap\u0131s\u0131n\u0131 Aralay\u0131n! Rune Semboller Kitab\u0131 ile Gizemli Bir Yolculu\u011fa \u00c7\u0131k\u0131n! Vikinglerin ve Kuzey mitolojisinin gizemli d\u00fcnyas\u0131na ad\u0131m atmaya haz\u0131r m\u0131s\u0131n\u0131z? Rune sembolleri, binlerce y\u0131ld\u0131r kehanet, b\u00fcy\u00fc ve ki\u015fisel geli\u015fim i\u00e7in kullan\u0131lan g\u00fc\u00e7l\u00fc ara\u00e7lard\u0131r. Bu kitap, rune\u2019lerin derin anlam\u0131n\u0131 ve b\u00fcy\u00fcs\u00fcn\u00fc ke\u015ffetmeniz i\u00e7in e\u015fsiz bir rehber niteli\u011findedir.   Bu kitapla her bir rune sembol\u00fcn\u00fcn tarihini, mitolojik k\u00f6kenini ve farkl\u0131 yorumlar\u0131n\u0131 \u00f6\u011frenin.   Rune\u2019leri kullanarak gelece\u011fe dair \u00f6ng\u00f6r\u00fclerde bulunmay\u0131 ve hayat\u0131n\u0131za y\u00f6n vermeyi ke\u015ffedin.               Ki\u015fisel geli\u015fiminiz i\u00e7in rune\u2019lerin g\u00fcc\u00fcnden nas\u0131l faydalanabilece\u011finizi anlay\u0131n.   Rune\u2019leri meditasyon ve spirit\u00fcel \u00e7al\u0131\u015fmalar\u0131n\u0131zda kullanarak i\u00e7sel bilgeli\u011finize ula\u015f\u0131n.   Kendi rune ta\u015flar\u0131n\u0131z\u0131 nas\u0131l yapaca\u011f\u0131n\u0131z\u0131 ve kullanaca\u011f\u0131n\u0131z\u0131 \u00f6\u011frenin.    <\/p>\n","protected":false},"excerpt":{"rendered":"<p>Kadim S\u0131rlar\u0131n Kap\u0131s\u0131n\u0131 Aralay\u0131n! Rune Semboller Kitab\u0131 ile Gizemli Bir Yolculu\u011fa \u00c7\u0131k\u0131n! Vikinglerin ve Kuzey mitolojisinin gizemli d\u00fcnyas\u0131na ad\u0131m atmaya haz\u0131r m\u0131s\u0131n\u0131z? Rune sembolleri, binlerce y\u0131ld\u0131r<span class=\"excerpt-hellip\"> [\u2026]<\/span><\/p>\n","protected":false},"featured_media":0,"template":"","meta":{"_monsterinsights_skip_tracking":false,"_monsterinsights_sitenote_active":false,"_monsterinsights_sitenote_note":"","_monsterinsights_sitenote_category":0},"product_brand":[],"product_cat":[13835],"product_tag":[],"class_list":{"0":"post-753503","1":"product","2":"type-product","3":"status-publish","5":"product_cat-cok-satanlar","6":"pa_cilt-ciltsiz","7":"pa_tur-kitap","8":"pa_yayinevi-fa-yayinlari","9":"pa_yazar-guide-von-list","11":"first","12":"instock","13":"sale","14":"shipping-taxable","15":"purchasable","16":"product-type-simple"},"_links":{"self":[{"href":"https:\/\/roveyayinevi.com.tr\/index.php\/wp-json\/wp\/v2\/product\/753503","targetHints":{"allow":["GET"]}}],"collection":[{"href":"https:\/\/roveyayinevi.com.tr\/index.php\/wp-json\/wp\/v2\/product"}],"about":[{"href":"https:\/\/roveyayinevi.com.tr\/index.php\/wp-json\/wp\/v2\/types\/product"}],"wp:attachment":[{"href":"https:\/\/roveyayinevi.com.tr\/index.php\/wp-json\/wp\/v2\/media?parent=753503"}],"wp:term":[{"taxonomy":"product_brand","embeddable":true,"href":"https:\/\/roveyayinevi.com.tr\/index.php\/wp-json\/wp\/v2\/product_brand?post=753503"},{"taxonomy":"product_cat","embeddable":true,"href":"https:\/\/roveyayinevi.com.tr\/index.php\/wp-json\/wp\/v2\/product_cat?post=753503"},{"taxonomy":"product_tag","embeddable":true,"href":"https:\/\/roveyayinevi.com.tr\/index.php\/wp-json\/wp\/v2\/product_tag?post=753503"}],"curies":[{"name":"wp","href":"https:\/\/api.w.org\/{rel}","templated":true}]}}