{"id":753502,"date":"2025-08-28T05:45:08","date_gmt":"2025-08-28T02:45:08","guid":{"rendered":"https:\/\/roveyayinevi.com.tr\/index.php\/urun\/dogru-yasamak\/"},"modified":"2026-04-16T03:06:49","modified_gmt":"2026-04-16T00:06:49","slug":"dogru-yasamak","status":"publish","type":"product","link":"https:\/\/roveyayinevi.com.tr\/index.php\/urun\/dogru-yasamak\/","title":{"rendered":"Do\u011fru Ya\u015famak"},"content":{"rendered":"<p>Bir damla suyun k\u0131ymetini \u00e7\u00f6lde, g\u00fcne\u015fin k\u0131ymetini kutupta ya\u015fayana; \u00f6zg\u00fcrl\u00fc\u011f\u00fcn k\u0131ymetini alt\u0131n kafesteki b\u00fclb\u00fcle, d\u00fcnya mal\u0131n\u0131n k\u0131ymetini kabirde yatana sormak laz\u0131m.   Elimizdekilerin de\u011ferini, bizdekilere sahip olmak i\u00e7in nice hayaller kuranlar\u0131 d\u00fc\u015f\u00fcnerek anlar\u0131z ancak.   Bu d\u00fcnyadaki k\u0131sac\u0131k hayat\u0131m\u0131z\u0131 birbirimize \u00e7i\u00e7ek bah\u00e7esi yapmak, k\u00fc\u00e7\u00fck bir ad\u0131m \u00f6temizde bulunuyor, bu ad\u0131m\u0131 ilk atan neden biz olmayal\u0131m. <\/p>\n","protected":false},"excerpt":{"rendered":"<p>Bir damla suyun k\u0131ymetini \u00e7\u00f6lde, g\u00fcne\u015fin k\u0131ymetini kutupta ya\u015fayana; \u00f6zg\u00fcrl\u00fc\u011f\u00fcn k\u0131ymetini alt\u0131n kafesteki b\u00fclb\u00fcle, d\u00fcnya mal\u0131n\u0131n k\u0131ymetini kabirde yatana sormak laz\u0131m. Elimizdekilerin de\u011ferini, bizdekilere sahip olmak<span class=\"excerpt-hellip\"> [\u2026]<\/span><\/p>\n","protected":false},"featured_media":0,"template":"","meta":{"_monsterinsights_skip_tracking":false,"_monsterinsights_sitenote_active":false,"_monsterinsights_sitenote_note":"","_monsterinsights_sitenote_category":0},"product_brand":[],"product_cat":[12777,12291],"product_tag":[],"class_list":{"0":"post-753502","1":"product","2":"type-product","3":"status-publish","5":"product_cat-deneme","6":"product_cat-edebiyat","7":"pa_cilt-ciltsiz","8":"pa_tur-kitap","9":"pa_yayinevi-doksan-dokuz-yayinlari","10":"pa_yazar-tayyar-dal","12":"first","13":"instock","14":"sale","15":"shipping-taxable","16":"purchasable","17":"product-type-simple"},"_links":{"self":[{"href":"https:\/\/roveyayinevi.com.tr\/index.php\/wp-json\/wp\/v2\/product\/753502","targetHints":{"allow":["GET"]}}],"collection":[{"href":"https:\/\/roveyayinevi.com.tr\/index.php\/wp-json\/wp\/v2\/product"}],"about":[{"href":"https:\/\/roveyayinevi.com.tr\/index.php\/wp-json\/wp\/v2\/types\/product"}],"wp:attachment":[{"href":"https:\/\/roveyayinevi.com.tr\/index.php\/wp-json\/wp\/v2\/media?parent=753502"}],"wp:term":[{"taxonomy":"product_brand","embeddable":true,"href":"https:\/\/roveyayinevi.com.tr\/index.php\/wp-json\/wp\/v2\/product_brand?post=753502"},{"taxonomy":"product_cat","embeddable":true,"href":"https:\/\/roveyayinevi.com.tr\/index.php\/wp-json\/wp\/v2\/product_cat?post=753502"},{"taxonomy":"product_tag","embeddable":true,"href":"https:\/\/roveyayinevi.com.tr\/index.php\/wp-json\/wp\/v2\/product_tag?post=753502"}],"curies":[{"name":"wp","href":"https:\/\/api.w.org\/{rel}","templated":true}]}}