{"id":753501,"date":"2025-08-28T05:45:06","date_gmt":"2025-08-28T02:45:06","guid":{"rendered":"https:\/\/roveyayinevi.com.tr\/index.php\/urun\/batman-ve-justice-league-cilt-2\/"},"modified":"2026-04-16T03:06:49","modified_gmt":"2026-04-16T00:06:49","slug":"batman-ve-justice-league-cilt-2","status":"publish","type":"product","link":"https:\/\/roveyayinevi.com.tr\/index.php\/urun\/batman-ve-justice-league-cilt-2\/","title":{"rendered":"Batman ve Justice League Cilt 2"},"content":{"rendered":"<p>Rui, ailesinin ortadan kaybolu\u015funun ard\u0131nda yatan ger\u00e7ekleri \u00f6\u011frendi fakat ailesi i\u00e7in verece\u011fi sava\u015f daha yeni ba\u015fl\u0131yor. Joker ve Lex Luthor, Gotham\u2019\u0131n alt\u0131ndaki ley hatlar\u0131n\u0131n b\u00fcy\u00fcl\u00fc g\u00fcc\u00fcn\u00fc kullanma planlar\u0131n\u0131 uygulamaya koydular ve kendilerine yeni bir m\u00fcttefik buldular: Ocean Master! Batman ve Justice League, Joker\u2019i kontrol alt\u0131nda tutmaya \u00e7al\u0131\u015f\u0131rken Aquaman, Gotham\u2019\u0131n i\u00e7in karde\u015fi ile y\u00fczle\u015fmek zorunda kal\u0131yor. Ancak sular alt\u0131nda kalmas\u0131n\u0131 engellemek bu mistik entrikay\u0131 kesin bir \u015fekilde sona erdirecek ki\u015filer, Rui ve annesi olabilir&#8211; tabii bunu nas\u0131l ba\u015faracaklar\u0131n\u0131 \u00e7\u00f6zebilirlerse!<\/p>\n","protected":false},"excerpt":{"rendered":"<p>Rui, ailesinin ortadan kaybolu\u015funun ard\u0131nda yatan ger\u00e7ekleri \u00f6\u011frendi fakat ailesi i\u00e7in verece\u011fi sava\u015f daha yeni ba\u015fl\u0131yor. Joker ve Lex Luthor, Gotham\u2019\u0131n alt\u0131ndaki ley hatlar\u0131n\u0131n b\u00fcy\u00fcl\u00fc g\u00fcc\u00fcn\u00fc<span class=\"excerpt-hellip\"> [\u2026]<\/span><\/p>\n","protected":false},"featured_media":0,"template":"","meta":{"_monsterinsights_skip_tracking":false,"_monsterinsights_sitenote_active":false,"_monsterinsights_sitenote_note":"","_monsterinsights_sitenote_category":0},"product_brand":[],"product_cat":[12416,12291],"product_tag":[],"class_list":{"0":"post-753501","1":"product","2":"type-product","3":"status-publish","5":"product_cat-cizgi-roman","6":"product_cat-edebiyat","7":"pa_cilt-ciltsiz","8":"pa_tur-kitap","9":"pa_yayinevi-jbc-yayincilik","10":"pa_yazar-siori-tesirogi","12":"first","13":"instock","14":"sale","15":"shipping-taxable","16":"purchasable","17":"product-type-simple"},"_links":{"self":[{"href":"https:\/\/roveyayinevi.com.tr\/index.php\/wp-json\/wp\/v2\/product\/753501","targetHints":{"allow":["GET"]}}],"collection":[{"href":"https:\/\/roveyayinevi.com.tr\/index.php\/wp-json\/wp\/v2\/product"}],"about":[{"href":"https:\/\/roveyayinevi.com.tr\/index.php\/wp-json\/wp\/v2\/types\/product"}],"wp:attachment":[{"href":"https:\/\/roveyayinevi.com.tr\/index.php\/wp-json\/wp\/v2\/media?parent=753501"}],"wp:term":[{"taxonomy":"product_brand","embeddable":true,"href":"https:\/\/roveyayinevi.com.tr\/index.php\/wp-json\/wp\/v2\/product_brand?post=753501"},{"taxonomy":"product_cat","embeddable":true,"href":"https:\/\/roveyayinevi.com.tr\/index.php\/wp-json\/wp\/v2\/product_cat?post=753501"},{"taxonomy":"product_tag","embeddable":true,"href":"https:\/\/roveyayinevi.com.tr\/index.php\/wp-json\/wp\/v2\/product_tag?post=753501"}],"curies":[{"name":"wp","href":"https:\/\/api.w.org\/{rel}","templated":true}]}}