{"id":753499,"date":"2025-08-28T05:45:03","date_gmt":"2025-08-28T02:45:03","guid":{"rendered":"https:\/\/roveyayinevi.com.tr\/index.php\/urun\/dunyanin-butun-fistiklari\/"},"modified":"2026-04-12T03:10:25","modified_gmt":"2026-04-12T00:10:25","slug":"dunyanin-butun-fistiklari","status":"publish","type":"product","link":"https:\/\/roveyayinevi.com.tr\/index.php\/urun\/dunyanin-butun-fistiklari\/","title":{"rendered":"D\u00fcnyan\u0131n B\u00fct\u00fcn F\u0131st\u0131klar\u0131"},"content":{"rendered":"<p>K\u00fc\u00e7\u00fckl\u00fcklerinde kedi-kolonya gibiydiler. Birbirlerinden ho\u015flanmazlard\u0131. Zaten benzemezlerdi de. A\u011fabey daima akl\u0131 ba\u015f\u0131nda, yaln\u0131z, sessiz; k\u00fc\u00e7\u00fck karde\u015f zirzop, delidolu, \u015fenlikli&#8230; Anla\u015famamak konusunda anla\u015fm\u0131\u015flard\u0131. \u0130\u015fin asl\u0131, tan\u0131d\u0131klar\u0131 yeg\u00e2ne yeti\u015fkinleri taklit ediyor, ana babalar\u0131 gibi davran\u0131yor, onlar\u0131n durdu\u011fu gibi duruyorlard\u0131: Birbirlerinden olabildi\u011fince uzak. Is\u0131rgan otu karde\u015fli\u011fiydi bu, mesafeli, aras\u0131 a\u00e7\u0131k.Biri yerinde duramayan, di\u011feri yerinden kalkamayan iki karde\u015f: Aksel ve Seyfettin. A\u011fabey Seyfettin yaylada kendini ararken, k\u00fc\u00e7\u00fck karde\u015f Aksel plazalarda, cam ye\u015fili \u015fi\u015felerde kaybolma mesaisinde.Y\u0131llar sonra mecburen bulu\u015fup derme \u00e7atma bir kul\u00fcbeye t\u0131k\u0131lan bu iki z\u0131t karakterin ge\u00e7mi\u015f aile g\u00fcnahlar\u0131n\u0131 temize \u00e7ekip birbirleriyle hesapla\u015fmalar\u0131 kolay olmayacak. Hele de Da\u011fy\u00fcz\u00fc gibi at izinin it izine kar\u0131\u015ft\u0131\u011f\u0131 bir k\u00f6yde, her biri ayr\u0131 telden \u00e7alan k\u00f6yl\u00fclerin aras\u0131nda, kozalaklar alt\u0131nda.D\u00fcnyan\u0131n B\u00fct\u00fcn F\u0131st\u0131klar\u0131\u2019nda, d\u00fcnyan\u0131n b\u00fct\u00fcn dertlerini olmasa da karde\u015fli\u011fe dair olanlar\u0131n\u0131 Ba\u015far Ba\u015far\u0131r\u2019\u0131n i\u015flek kaleminden hem g\u00fcle oynaya hem a\u011flaya s\u0131zlaya okuyoruz. Bir yandan da insan\u0131n tabiatla o hi\u00e7 bitmeyen kanl\u0131 m\u00fccadelesinin g\u00f6lgesi \u00fczerimize vuruyor&#8230;<\/p>\n","protected":false},"excerpt":{"rendered":"<p>K\u00fc\u00e7\u00fckl\u00fcklerinde kedi-kolonya gibiydiler. Birbirlerinden ho\u015flanmazlard\u0131. Zaten benzemezlerdi de. A\u011fabey daima akl\u0131 ba\u015f\u0131nda, yaln\u0131z, sessiz; k\u00fc\u00e7\u00fck karde\u015f zirzop, delidolu, \u015fenlikli&#8230; Anla\u015famamak konusunda anla\u015fm\u0131\u015flard\u0131. \u0130\u015fin asl\u0131, tan\u0131d\u0131klar\u0131 yeg\u00e2ne<span class=\"excerpt-hellip\"> [\u2026]<\/span><\/p>\n","protected":false},"featured_media":0,"template":"","meta":{"_monsterinsights_skip_tracking":false,"_monsterinsights_sitenote_active":false,"_monsterinsights_sitenote_note":"","_monsterinsights_sitenote_category":0},"product_brand":[],"product_cat":[12291,12711],"product_tag":[],"class_list":{"0":"post-753499","1":"product","2":"type-product","3":"status-publish","5":"product_cat-edebiyat","6":"product_cat-roman-oyku","7":"pa_cilt-ciltsiz","8":"pa_tur-kitap","9":"pa_yayinevi-can-yayinlari","10":"pa_yazar-basar-basarir","12":"first","13":"instock","14":"sale","15":"shipping-taxable","16":"purchasable","17":"product-type-simple"},"_links":{"self":[{"href":"https:\/\/roveyayinevi.com.tr\/index.php\/wp-json\/wp\/v2\/product\/753499","targetHints":{"allow":["GET"]}}],"collection":[{"href":"https:\/\/roveyayinevi.com.tr\/index.php\/wp-json\/wp\/v2\/product"}],"about":[{"href":"https:\/\/roveyayinevi.com.tr\/index.php\/wp-json\/wp\/v2\/types\/product"}],"wp:attachment":[{"href":"https:\/\/roveyayinevi.com.tr\/index.php\/wp-json\/wp\/v2\/media?parent=753499"}],"wp:term":[{"taxonomy":"product_brand","embeddable":true,"href":"https:\/\/roveyayinevi.com.tr\/index.php\/wp-json\/wp\/v2\/product_brand?post=753499"},{"taxonomy":"product_cat","embeddable":true,"href":"https:\/\/roveyayinevi.com.tr\/index.php\/wp-json\/wp\/v2\/product_cat?post=753499"},{"taxonomy":"product_tag","embeddable":true,"href":"https:\/\/roveyayinevi.com.tr\/index.php\/wp-json\/wp\/v2\/product_tag?post=753499"}],"curies":[{"name":"wp","href":"https:\/\/api.w.org\/{rel}","templated":true}]}}