{"id":753498,"date":"2025-08-28T05:45:02","date_gmt":"2025-08-28T02:45:02","guid":{"rendered":"https:\/\/roveyayinevi.com.tr\/index.php\/urun\/ayrilmaz-ikili\/"},"modified":"2026-04-16T03:06:49","modified_gmt":"2026-04-16T00:06:49","slug":"ayrilmaz-ikili","status":"publish","type":"product","link":"https:\/\/roveyayinevi.com.tr\/index.php\/urun\/ayrilmaz-ikili\/","title":{"rendered":"Ayr\u0131lmaz \u0130kili"},"content":{"rendered":"<p>G\u00f6zlerim ya\u015fl\u0131 bu ak\u015fam, siz \u00f6ld\u00fc\u011f\u00fcn\u00fcz i\u00e7in mi yoksa ben ya\u015f\u0131yorum diye mi? Bu \u00f6yk\u00fcy\u00fc size ithaf etmem gerekiyordu: Ama biliyorum, art\u0131k hi\u00e7bir yerde de\u011filsiniz, sizinle bu edeb\u00ee kurgu arac\u0131l\u0131\u011f\u0131yla konu\u015fuyorum. \u00dcstelik, ger\u00e7ek anlam\u0131yla sizin hik\u00e2yeniz de\u011fil bu, sadece bizden esinlenen bir hik\u00e2ye. Siz Andr\u00e9e de\u011filsiniz, ben de kendi ad\u0131ma konu\u015fan o Sylvie de\u011filim.Sylvie tan\u0131\u015ft\u0131klar\u0131 andan itibaren g\u00fczel ve bilgili s\u0131n\u0131f arkada\u015f\u0131 Andr\u00e9e\u2019ye hayranl\u0131k besler, onun dikkatini \u00e7ekmek ve sevgisine kar\u015f\u0131l\u0131k almak i\u00e7in elinden geleni yapar. Zamanla aralar\u0131nda s\u0131k\u0131 bir dostluk geli\u015fir, ancak bu dostluk \u00e7o\u011fu zaman Andr\u00e9e\u2019nin f\u0131rt\u0131nal\u0131 g\u00f6n\u00fcl ili\u015fkilerinin, kaprisli mizac\u0131n\u0131n ve otoriter annesinin g\u00f6lgesinde kal\u0131r. Anlay\u0131\u015fl\u0131 ve g\u00f6zlemci Sylvie \u00e7at\u0131\u015fan ideallere ve otoriteye kar\u015f\u0131 kendi fikirlerini in\u015fa ederken, kad\u0131nlar\u0131n istek ve arzular\u0131na pek \u00f6nem verilmeyen bir toplumda arkada\u015f\u0131yla birlikte yeti\u015fkinli\u011fe ad\u0131m atar, onun s\u0131rda\u015f\u0131 olur.Simone de Beauvoir\u2019\u0131n fazla ki\u015fisel buldu\u011fu i\u00e7in yay\u0131mlamamay\u0131 tercih etti\u011fi, manevi k\u0131z\u0131 Sylvie Le Bon de Beauvoir taraf\u0131ndan k\u0131sa bir s\u00fcre \u00f6nce g\u00fcn y\u00fcz\u00fcne \u00e7\u0131kar\u0131lan Ayr\u0131lmaz \u0130kili, ikonik yazar\u0131n ergenlik d\u00f6neminin, \u00e7ocukluk arkada\u015f\u0131 Zaza Lacoin\u2019le kurdu\u011fu d\u00f6n\u00fc\u015ft\u00fcr\u00fcc\u00fc ve trajik dostlu\u011fun hayat\u0131n\u0131 ve yazarl\u0131\u011f\u0131n\u0131 nas\u0131l etkiledi\u011fini hissettiren otobiyografik bir roman.<\/p>\n","protected":false},"excerpt":{"rendered":"<p>G\u00f6zlerim ya\u015fl\u0131 bu ak\u015fam, siz \u00f6ld\u00fc\u011f\u00fcn\u00fcz i\u00e7in mi yoksa ben ya\u015f\u0131yorum diye mi? Bu \u00f6yk\u00fcy\u00fc size ithaf etmem gerekiyordu: Ama biliyorum, art\u0131k hi\u00e7bir yerde de\u011filsiniz, sizinle<span class=\"excerpt-hellip\"> [\u2026]<\/span><\/p>\n","protected":false},"featured_media":0,"template":"","meta":{"_monsterinsights_skip_tracking":false,"_monsterinsights_sitenote_active":false,"_monsterinsights_sitenote_note":"","_monsterinsights_sitenote_category":0},"product_brand":[],"product_cat":[12291,12711],"product_tag":[],"class_list":{"0":"post-753498","1":"product","2":"type-product","3":"status-publish","5":"product_cat-edebiyat","6":"product_cat-roman-oyku","7":"pa_cilt-ciltsiz","8":"pa_tur-kitap","9":"pa_yayinevi-can-yayinlari","10":"pa_yazar-simone-de-beauvoir","12":"first","13":"instock","14":"sale","15":"shipping-taxable","16":"purchasable","17":"product-type-simple"},"_links":{"self":[{"href":"https:\/\/roveyayinevi.com.tr\/index.php\/wp-json\/wp\/v2\/product\/753498","targetHints":{"allow":["GET"]}}],"collection":[{"href":"https:\/\/roveyayinevi.com.tr\/index.php\/wp-json\/wp\/v2\/product"}],"about":[{"href":"https:\/\/roveyayinevi.com.tr\/index.php\/wp-json\/wp\/v2\/types\/product"}],"wp:attachment":[{"href":"https:\/\/roveyayinevi.com.tr\/index.php\/wp-json\/wp\/v2\/media?parent=753498"}],"wp:term":[{"taxonomy":"product_brand","embeddable":true,"href":"https:\/\/roveyayinevi.com.tr\/index.php\/wp-json\/wp\/v2\/product_brand?post=753498"},{"taxonomy":"product_cat","embeddable":true,"href":"https:\/\/roveyayinevi.com.tr\/index.php\/wp-json\/wp\/v2\/product_cat?post=753498"},{"taxonomy":"product_tag","embeddable":true,"href":"https:\/\/roveyayinevi.com.tr\/index.php\/wp-json\/wp\/v2\/product_tag?post=753498"}],"curies":[{"name":"wp","href":"https:\/\/api.w.org\/{rel}","templated":true}]}}