{"id":753495,"date":"2025-08-28T05:44:57","date_gmt":"2025-08-28T02:44:57","guid":{"rendered":"https:\/\/roveyayinevi.com.tr\/index.php\/urun\/huzunlu-bekleyis\/"},"modified":"2026-04-16T03:06:49","modified_gmt":"2026-04-16T00:06:49","slug":"huzunlu-bekleyis","status":"publish","type":"product","link":"https:\/\/roveyayinevi.com.tr\/index.php\/urun\/huzunlu-bekleyis\/","title":{"rendered":"H\u00fcz\u00fcnl\u00fc Bekleyi\u015f"},"content":{"rendered":"<p>Seni \u00e7ok \u00f6zledim Annem Bahar\u0131 bekleyen \u00e7ocuklar gibi Gelmeyecek biliyorum Yine de seni bekliyorum   Kokunu, g\u00fcl\u00fc\u015f\u00fcn\u00fc, o siyah g\u00f6zlerini Kollar\u0131n\u0131 a\u00e7\u0131p sar\u0131l\u0131p koklay\u0131\u015f\u0131n\u0131 \u00d6zledim seni \u00e7ok \u00f6zledim Annesini bekleyen \u00e7ocuklar gibi   \u00d6zledim seni \u00e7ok \u00f6zledim Sar\u0131l\u0131p doya doya \u00f6pmek, kokunu i\u00e7ine \u00e7ekmek istiyorum Gelmeyecek biliyorum Yine de seni bekliyorum <\/p>\n","protected":false},"excerpt":{"rendered":"<p>Seni \u00e7ok \u00f6zledim Annem Bahar\u0131 bekleyen \u00e7ocuklar gibi Gelmeyecek biliyorum Yine de seni bekliyorum Kokunu, g\u00fcl\u00fc\u015f\u00fcn\u00fc, o siyah g\u00f6zlerini Kollar\u0131n\u0131 a\u00e7\u0131p sar\u0131l\u0131p koklay\u0131\u015f\u0131n\u0131 \u00d6zledim seni \u00e7ok<span class=\"excerpt-hellip\"> [\u2026]<\/span><\/p>\n","protected":false},"featured_media":0,"template":"","meta":{"_monsterinsights_skip_tracking":false,"_monsterinsights_sitenote_active":false,"_monsterinsights_sitenote_note":"","_monsterinsights_sitenote_category":0},"product_brand":[],"product_cat":[12291,12509],"product_tag":[],"class_list":{"0":"post-753495","1":"product","2":"type-product","3":"status-publish","5":"product_cat-edebiyat","6":"product_cat-siir","7":"pa_cilt-ciltsiz","8":"pa_tur-kitap","9":"pa_yayinevi-doksan-dokuz-yayinlari","10":"pa_yazar-sevim-gurun","12":"first","13":"instock","14":"sale","15":"shipping-taxable","16":"purchasable","17":"product-type-simple"},"_links":{"self":[{"href":"https:\/\/roveyayinevi.com.tr\/index.php\/wp-json\/wp\/v2\/product\/753495","targetHints":{"allow":["GET"]}}],"collection":[{"href":"https:\/\/roveyayinevi.com.tr\/index.php\/wp-json\/wp\/v2\/product"}],"about":[{"href":"https:\/\/roveyayinevi.com.tr\/index.php\/wp-json\/wp\/v2\/types\/product"}],"wp:attachment":[{"href":"https:\/\/roveyayinevi.com.tr\/index.php\/wp-json\/wp\/v2\/media?parent=753495"}],"wp:term":[{"taxonomy":"product_brand","embeddable":true,"href":"https:\/\/roveyayinevi.com.tr\/index.php\/wp-json\/wp\/v2\/product_brand?post=753495"},{"taxonomy":"product_cat","embeddable":true,"href":"https:\/\/roveyayinevi.com.tr\/index.php\/wp-json\/wp\/v2\/product_cat?post=753495"},{"taxonomy":"product_tag","embeddable":true,"href":"https:\/\/roveyayinevi.com.tr\/index.php\/wp-json\/wp\/v2\/product_tag?post=753495"}],"curies":[{"name":"wp","href":"https:\/\/api.w.org\/{rel}","templated":true}]}}