{"id":753492,"date":"2025-08-28T05:44:53","date_gmt":"2025-08-28T02:44:53","guid":{"rendered":"https:\/\/roveyayinevi.com.tr\/index.php\/urun\/seher-vakti-uyanmak\/"},"modified":"2026-04-16T03:06:49","modified_gmt":"2026-04-16T00:06:49","slug":"seher-vakti-uyanmak","status":"publish","type":"product","link":"https:\/\/roveyayinevi.com.tr\/index.php\/urun\/seher-vakti-uyanmak\/","title":{"rendered":"Seher Vakti Uyanmak"},"content":{"rendered":"<p>\u201cErken kalkman\u0131n bir tarifi var m\u0131?\u201d diye y\u0131llarca d\u00fc\u015f\u00fcnd\u00fcm. Bunun i\u00e7in ara\u015ft\u0131rmalar yapt\u0131m ve \u00e7e\u015fitli tarifler denedim. Hep bir \u015feyleri eksik veya fazla yap\u0131yordum. Bir t\u00fcrl\u00fc istedi\u011fim k\u0131vam\u0131 yakalayamam\u0131\u015ft\u0131m. Tam pes edecekken ikinci k\u0131z\u0131m\u0131n d\u00fcnyaya gelmesiyle eksi\u011fi bulmay\u0131 ba\u015fard\u0131m. D\u00f6rt y\u0131ld\u0131r bu tarifle yapar\u0131m ve beni hi\u00e7 \u015fa\u015f\u0131rtmaz. \u0130steyen herkese de y\u0131llard\u0131r bu tarifi verdim ve onlar da ziyadesiyle memnun kald\u0131lar.  Bu etkili tarifi \u015fimdi herkesle payla\u015fmak i\u00e7in bu kitab\u0131 yazd\u0131m. Yola \u00e7\u0131kmak, lezzetli bir hayat s\u00fcrmek ve hayallerine kavu\u015fmak isteyenler i\u00e7in\u2026 <\/p>\n","protected":false},"excerpt":{"rendered":"<p>\u201cErken kalkman\u0131n bir tarifi var m\u0131?\u201d diye y\u0131llarca d\u00fc\u015f\u00fcnd\u00fcm. Bunun i\u00e7in ara\u015ft\u0131rmalar yapt\u0131m ve \u00e7e\u015fitli tarifler denedim. Hep bir \u015feyleri eksik veya fazla yap\u0131yordum. Bir t\u00fcrl\u00fc<span class=\"excerpt-hellip\"> [\u2026]<\/span><\/p>\n","protected":false},"featured_media":0,"template":"","meta":{"_monsterinsights_skip_tracking":false,"_monsterinsights_sitenote_active":false,"_monsterinsights_sitenote_note":"","_monsterinsights_sitenote_category":0},"product_brand":[],"product_cat":[12364,12376],"product_tag":[],"class_list":{"0":"post-753492","1":"product","2":"type-product","3":"status-publish","5":"product_cat-genel-konular","6":"product_cat-kisisel-gelisim","7":"pa_cilt-ciltsiz","8":"pa_tur-kitap","9":"pa_yayinevi-nesil-yayinlari","10":"pa_yazar-fatma-nur-bayir","12":"first","13":"instock","14":"sale","15":"shipping-taxable","16":"purchasable","17":"product-type-simple"},"_links":{"self":[{"href":"https:\/\/roveyayinevi.com.tr\/index.php\/wp-json\/wp\/v2\/product\/753492","targetHints":{"allow":["GET"]}}],"collection":[{"href":"https:\/\/roveyayinevi.com.tr\/index.php\/wp-json\/wp\/v2\/product"}],"about":[{"href":"https:\/\/roveyayinevi.com.tr\/index.php\/wp-json\/wp\/v2\/types\/product"}],"wp:attachment":[{"href":"https:\/\/roveyayinevi.com.tr\/index.php\/wp-json\/wp\/v2\/media?parent=753492"}],"wp:term":[{"taxonomy":"product_brand","embeddable":true,"href":"https:\/\/roveyayinevi.com.tr\/index.php\/wp-json\/wp\/v2\/product_brand?post=753492"},{"taxonomy":"product_cat","embeddable":true,"href":"https:\/\/roveyayinevi.com.tr\/index.php\/wp-json\/wp\/v2\/product_cat?post=753492"},{"taxonomy":"product_tag","embeddable":true,"href":"https:\/\/roveyayinevi.com.tr\/index.php\/wp-json\/wp\/v2\/product_tag?post=753492"}],"curies":[{"name":"wp","href":"https:\/\/api.w.org\/{rel}","templated":true}]}}