{"id":753491,"date":"2025-08-28T05:44:52","date_gmt":"2025-08-28T02:44:52","guid":{"rendered":"https:\/\/roveyayinevi.com.tr\/index.php\/urun\/hasili\/"},"modified":"2026-04-16T03:06:48","modified_gmt":"2026-04-16T00:06:48","slug":"hasili","status":"publish","type":"product","link":"https:\/\/roveyayinevi.com.tr\/index.php\/urun\/hasili\/","title":{"rendered":"Has\u0131l\u0131"},"content":{"rendered":"<p>Zamans\u0131z zamanlarda, Kalabal\u0131klar i\u00e7erisinde yaln\u0131zken, G\u00f6z kapaklar\u0131n\u0131n uykuya hasret kald\u0131\u011f\u0131, Beyninin uyumana engel oldu\u011fu zamanlarda oku diye\u2026 Kendinde arad\u0131\u011f\u0131n \u015feyleri, benim de ya\u015fad\u0131\u011f\u0131m\u0131 bil diye yazd\u0131m. \u0130\u00e7inin derinliklerinde kaybolan, G\u00fcne\u015fin yakt\u0131\u011f\u0131 fikirleri toplayan, K\u00f6r d\u00fc\u011f\u00fcmle ba\u011flanm\u0131\u015f m\u0131sralar\u0131n yank\u0131lar\u0131n\u0131, Kendimi, seni, bizi, ba\u015fkalar\u0131n\u0131\u2026 Kendi cesedini bedeninde ta\u015f\u0131yanlar\u0131 yazd\u0131m. \u201cH\u00e2s\u0131l\u0131\u201d oku diye yazd\u0131m.  Okursun de\u011fil mi? <\/p>\n","protected":false},"excerpt":{"rendered":"<p>Zamans\u0131z zamanlarda, Kalabal\u0131klar i\u00e7erisinde yaln\u0131zken, G\u00f6z kapaklar\u0131n\u0131n uykuya hasret kald\u0131\u011f\u0131, Beyninin uyumana engel oldu\u011fu zamanlarda oku diye\u2026 Kendinde arad\u0131\u011f\u0131n \u015feyleri, benim de ya\u015fad\u0131\u011f\u0131m\u0131 bil diye yazd\u0131m.<span class=\"excerpt-hellip\"> [\u2026]<\/span><\/p>\n","protected":false},"featured_media":0,"template":"","meta":{"_monsterinsights_skip_tracking":false,"_monsterinsights_sitenote_active":false,"_monsterinsights_sitenote_note":"","_monsterinsights_sitenote_category":0},"product_brand":[],"product_cat":[12777,12291],"product_tag":[],"class_list":{"0":"post-753491","1":"product","2":"type-product","3":"status-publish","5":"product_cat-deneme","6":"product_cat-edebiyat","7":"pa_cilt-ciltsiz","8":"pa_tur-kitap","9":"pa_yayinevi-nesil-yayinlari","10":"pa_yazar-erhan-keklik","12":"first","13":"instock","14":"sale","15":"shipping-taxable","16":"purchasable","17":"product-type-simple"},"_links":{"self":[{"href":"https:\/\/roveyayinevi.com.tr\/index.php\/wp-json\/wp\/v2\/product\/753491","targetHints":{"allow":["GET"]}}],"collection":[{"href":"https:\/\/roveyayinevi.com.tr\/index.php\/wp-json\/wp\/v2\/product"}],"about":[{"href":"https:\/\/roveyayinevi.com.tr\/index.php\/wp-json\/wp\/v2\/types\/product"}],"wp:attachment":[{"href":"https:\/\/roveyayinevi.com.tr\/index.php\/wp-json\/wp\/v2\/media?parent=753491"}],"wp:term":[{"taxonomy":"product_brand","embeddable":true,"href":"https:\/\/roveyayinevi.com.tr\/index.php\/wp-json\/wp\/v2\/product_brand?post=753491"},{"taxonomy":"product_cat","embeddable":true,"href":"https:\/\/roveyayinevi.com.tr\/index.php\/wp-json\/wp\/v2\/product_cat?post=753491"},{"taxonomy":"product_tag","embeddable":true,"href":"https:\/\/roveyayinevi.com.tr\/index.php\/wp-json\/wp\/v2\/product_tag?post=753491"}],"curies":[{"name":"wp","href":"https:\/\/api.w.org\/{rel}","templated":true}]}}