{"id":753489,"date":"2025-08-28T05:44:49","date_gmt":"2025-08-28T02:44:49","guid":{"rendered":"https:\/\/roveyayinevi.com.tr\/index.php\/urun\/hayat-icin-felsefe-ve-baska-tehlikeli-durumlarda\/"},"modified":"2026-04-16T03:06:48","modified_gmt":"2026-04-16T00:06:48","slug":"hayat-icin-felsefe-ve-baska-tehlikeli-durumlarda","status":"publish","type":"product","link":"https:\/\/roveyayinevi.com.tr\/index.php\/urun\/hayat-icin-felsefe-ve-baska-tehlikeli-durumlarda\/","title":{"rendered":"Hayat \u0130\u00e7in Felsefe &#8211; ve Ba\u015fka Tehlikeli Durumlarda"},"content":{"rendered":"<p>Bir felsefe okulu d\u00fc\u015f\u00fcn\u00fcn ki antik d\u00fcnyan\u0131n en b\u00fcy\u00fck filozoflar\u0131ndan dersler al\u0131yor, onlarla sohbet ediyor, dertlerinizi payla\u015f\u0131yorsunuz, \u00fcstelik onlardan \u00f6\u011frendikleriniz sayesinde kendinizi, hayat\u0131, d\u00fcnyay\u0131 daha iyi anl\u0131yor ve b\u00fct\u00fcnl\u00fckl\u00fc ya\u015fam\u0131n ilkelerini ke\u015ffediyorsunuz&#8230; \u0130\u015fte Jules Evans Hayat \u0130\u00e7in Felsefe\u2019de bizim i\u00e7in tam da b\u00f6yle bir program olu\u015fturuyor ve felsefenin esasen ya\u015fama sanat\u0131 oldu\u011funu hat\u0131rlat\u0131yor. Peki bu kitapta hangi filozoflarla neleri ke\u015ffedece\u011fiz?   \u2022 Sokrates ile Sokak Felsefesi Sanat\u0131 \u2022 Epiktetos ile Kontrol\u00fc  Sa\u011flama Sanat\u0131 \u2022 Musonius Rufus ile Saha \u00c7al\u0131\u015fmas\u0131 Sanat\u0131 \u2022 Seneca ile Beklentileri Y\u00f6netme Sanat\u0131 \u2022 Epikouros ile \u00c2n\u0131n  Tad\u0131n\u0131 \u00c7\u0131karma Sanat\u0131 \u2022 Herakleitos ile Evreni Tefekk\u00fcr Sanat\u0131 \u2022 Pythagoras ile Haf\u0131za ve B\u00fcy\u00fc Sanat\u0131 \u2022 Skeptikler ile \u015e\u00fcphe Tohumlar\u0131 Ekme Sanat\u0131 \u2022 Diogenes ile Anar\u015fi Sanat\u0131 \u2022 Platon ile Adalet Sanat\u0131 \u2022 Ploutarkhos ile Kahramanl\u0131k Sanat\u0131 \u2022 Aristoteles ile Kendini Ger\u00e7ekle\u015ftirme Sanat\u0131 \u2022 Sokrates ile Bu D\u00fcnyadan Ayr\u0131lma Sanat\u0131 Jules Evans bu antik filozoflar\u0131n ya\u015fam felsefelerini modern hayattan \u00f6rneklerle de birle\u015ftiriyor; askerler, sporcular, psikologlar, bilimciler, ki\u015fisel geli\u015fimciler, siyaset\u00e7iler, anar\u015fistler, mistikler, macerac\u0131lar, ortak ya\u015fam topluluklar\u0131 ve kendini iyile\u015ftirip geli\u015ftirmeye \u00e7al\u0131\u015fan daha nice insan taraf\u0131ndan benimsenen antik ya\u015fam felsefelerinin g\u00fcn\u00fcm\u00fcz i\u00e7in \u00f6nemini ortaya koyuyor. Bununla beraber felsefenin basitle\u015ftirilmi\u015f, pazarlanabilir ve ideolojik versiyonlar\u0131na ele\u015ftirel yakla\u015f\u0131m\u0131 da esirgemiyor. Hayat \u0130\u00e7in Felsefe kendini ve d\u00fcnyay\u0131 hem anlamaya hem d\u00f6n\u00fc\u015ft\u00fcrmeye y\u00f6nelik e\u015fsiz bir rehber.   \u201cAntik d\u00fcnyada \u2018ki\u015fisel geli\u015fim\u2019 diyebilece\u011fimiz \u015fey bug\u00fcnk\u00fcnden daha fazla gayret gerektiriyordu ve daha pahal\u0131ya patl\u0131yordu. Zira psikolojik olan\u0131 etikle, siyasetle ve kozmik olanla ili\u015fkilendiriyordu. B\u00f6ylece insanlara sunulan, bir bilemedin iki ay uyguland\u0131ktan sonra yeni bir ki\u015fisel geli\u015fim furyas\u0131n\u0131n ba\u015flamas\u0131yla unutulup gidecek k\u0131sa vadeli \u00e7\u00f6z\u00fcmler de\u011fildi. Kal\u0131c\u0131 bir ya\u015fam tarz\u0131; y\u0131llar boyunca her g\u00fcn uygulanacak, benli\u011fi ve hatta toplumu radikal bi\u00e7imde d\u00f6n\u00fc\u015ft\u00fcrecek bir \u015fey \u00f6neriliyordu.\u201d<\/p>\n","protected":false},"excerpt":{"rendered":"<p>Bir felsefe okulu d\u00fc\u015f\u00fcn\u00fcn ki antik d\u00fcnyan\u0131n en b\u00fcy\u00fck filozoflar\u0131ndan dersler al\u0131yor, onlarla sohbet ediyor, dertlerinizi payla\u015f\u0131yorsunuz, \u00fcstelik onlardan \u00f6\u011frendikleriniz sayesinde kendinizi, hayat\u0131, d\u00fcnyay\u0131 daha iyi<span class=\"excerpt-hellip\"> [\u2026]<\/span><\/p>\n","protected":false},"featured_media":0,"template":"","meta":{"_monsterinsights_skip_tracking":false,"_monsterinsights_sitenote_active":false,"_monsterinsights_sitenote_note":"","_monsterinsights_sitenote_category":0},"product_brand":[],"product_cat":[12388],"product_tag":[],"class_list":{"0":"post-753489","1":"product","2":"type-product","3":"status-publish","5":"product_cat-felsefe","6":"pa_cilt-ciltsiz","7":"pa_tur-kitap","8":"pa_yayinevi-koridor-yayincilik","9":"pa_yazar-jules-evans","11":"first","12":"instock","13":"sale","14":"shipping-taxable","15":"purchasable","16":"product-type-simple"},"_links":{"self":[{"href":"https:\/\/roveyayinevi.com.tr\/index.php\/wp-json\/wp\/v2\/product\/753489","targetHints":{"allow":["GET"]}}],"collection":[{"href":"https:\/\/roveyayinevi.com.tr\/index.php\/wp-json\/wp\/v2\/product"}],"about":[{"href":"https:\/\/roveyayinevi.com.tr\/index.php\/wp-json\/wp\/v2\/types\/product"}],"wp:attachment":[{"href":"https:\/\/roveyayinevi.com.tr\/index.php\/wp-json\/wp\/v2\/media?parent=753489"}],"wp:term":[{"taxonomy":"product_brand","embeddable":true,"href":"https:\/\/roveyayinevi.com.tr\/index.php\/wp-json\/wp\/v2\/product_brand?post=753489"},{"taxonomy":"product_cat","embeddable":true,"href":"https:\/\/roveyayinevi.com.tr\/index.php\/wp-json\/wp\/v2\/product_cat?post=753489"},{"taxonomy":"product_tag","embeddable":true,"href":"https:\/\/roveyayinevi.com.tr\/index.php\/wp-json\/wp\/v2\/product_tag?post=753489"}],"curies":[{"name":"wp","href":"https:\/\/api.w.org\/{rel}","templated":true}]}}