{"id":753488,"date":"2025-08-28T05:44:48","date_gmt":"2025-08-28T02:44:48","guid":{"rendered":"https:\/\/roveyayinevi.com.tr\/index.php\/urun\/atalarimizdan-dersler\/"},"modified":"2026-04-16T03:06:48","modified_gmt":"2026-04-16T00:06:48","slug":"atalarimizdan-dersler","status":"publish","type":"product","link":"https:\/\/roveyayinevi.com.tr\/index.php\/urun\/atalarimizdan-dersler\/","title":{"rendered":"Atalar\u0131m\u0131zdan Dersler"},"content":{"rendered":"<p>Bir arkeolo\u011fun kaleminden muhte\u015fem bir eser! \u00c7ocuklara birbirinden g\u00fczel \u00e7izimlerle tarihi aktaran \u00e7\u0131\u011f\u0131r a\u00e7\u0131c\u0131 bir kitap. D\u00fcnyan\u0131n d\u00f6rt bir yan\u0131nda h\u00fck\u00fcm s\u00fcrm\u00fc\u015f birbirinden farkl\u0131 uygarl\u0131klar, yaratt\u0131klar\u0131 eserler, ya\u015fam bi\u00e7imlerine dair detayl\u0131 bilgiler ve elbette arkeolojik kal\u0131nt\u0131lar \u00fczerinden sunulan kan\u0131tlar\u2026. M\u00d6 7400-6500 y\u0131llar\u0131nda \u00c7atalh\u00f6y\u00fck\u2019te filizlenen toplumsal cinsiyet e\u015fitli\u011fi, modern d\u00fcnyan\u0131n kap\u0131s\u0131n\u0131 aralayan toplumsal bir ya\u015fam bi\u00e7iminin yans\u0131mas\u0131. Avustralya\u2019dan \u00c7in\u2019e, Fransa\u2019dan siyahi firavunlar\u0131n h\u00fck\u00fcm s\u00fcrd\u00fc\u011f\u00fc Modern Sudan\u2019a kadar birbirinden farkl\u0131 tarih\u00ee uygarl\u0131klar, arkeolojik kal\u0131nt\u0131lar muhte\u015fem \u00e7izimlerle kar\u015f\u0131n\u0131zda! Ayr\u0131ca, tarih \u00f6ncesi d\u00f6nemlerde ak\u0131llara durgunluk verici ticari a\u011flar, ula\u015f\u0131m yollar\u0131, k\u00fclt\u00fcrel etkile\u015fim ve daha fazlas\u0131! Unutulmu\u015f tarihlere ve yanl\u0131\u015f aktar\u0131lan hik\u00e2yelere \u0131\u015f\u0131k tutan arkeolog ve sunucu Raksha Dave ile e\u015fsiz bir yolculu\u011fa \u00e7\u0131kmaya haz\u0131r m\u0131s\u0131n\u0131z? <\/p>\n","protected":false},"excerpt":{"rendered":"<p>Bir arkeolo\u011fun kaleminden muhte\u015fem bir eser! \u00c7ocuklara birbirinden g\u00fczel \u00e7izimlerle tarihi aktaran \u00e7\u0131\u011f\u0131r a\u00e7\u0131c\u0131 bir kitap. D\u00fcnyan\u0131n d\u00f6rt bir yan\u0131nda h\u00fck\u00fcm s\u00fcrm\u00fc\u015f birbirinden farkl\u0131 uygarl\u0131klar, yaratt\u0131klar\u0131<span class=\"excerpt-hellip\"> [\u2026]<\/span><\/p>\n","protected":false},"featured_media":0,"template":"","meta":{"_monsterinsights_skip_tracking":false,"_monsterinsights_sitenote_active":false,"_monsterinsights_sitenote_note":"","_monsterinsights_sitenote_category":0},"product_brand":[],"product_cat":[12274,15842],"product_tag":[],"class_list":{"0":"post-753488","1":"product","2":"type-product","3":"status-publish","5":"product_cat-cocuk-ve-genclik-kitaplari","6":"product_cat-egitici-kitaplar","7":"pa_cilt-ciltsiz","8":"pa_tur-kitap","9":"pa_yayinevi-odtu-gelistirme-vakfi-yayincilik","10":"pa_yazar-raksha-dave","12":"first","13":"instock","14":"sale","15":"shipping-taxable","16":"purchasable","17":"product-type-simple"},"_links":{"self":[{"href":"https:\/\/roveyayinevi.com.tr\/index.php\/wp-json\/wp\/v2\/product\/753488","targetHints":{"allow":["GET"]}}],"collection":[{"href":"https:\/\/roveyayinevi.com.tr\/index.php\/wp-json\/wp\/v2\/product"}],"about":[{"href":"https:\/\/roveyayinevi.com.tr\/index.php\/wp-json\/wp\/v2\/types\/product"}],"wp:attachment":[{"href":"https:\/\/roveyayinevi.com.tr\/index.php\/wp-json\/wp\/v2\/media?parent=753488"}],"wp:term":[{"taxonomy":"product_brand","embeddable":true,"href":"https:\/\/roveyayinevi.com.tr\/index.php\/wp-json\/wp\/v2\/product_brand?post=753488"},{"taxonomy":"product_cat","embeddable":true,"href":"https:\/\/roveyayinevi.com.tr\/index.php\/wp-json\/wp\/v2\/product_cat?post=753488"},{"taxonomy":"product_tag","embeddable":true,"href":"https:\/\/roveyayinevi.com.tr\/index.php\/wp-json\/wp\/v2\/product_tag?post=753488"}],"curies":[{"name":"wp","href":"https:\/\/api.w.org\/{rel}","templated":true}]}}