{"id":753487,"date":"2025-08-28T05:44:47","date_gmt":"2025-08-28T02:44:47","guid":{"rendered":"https:\/\/roveyayinevi.com.tr\/index.php\/urun\/devrim-psikolojisi-uzerine\/"},"modified":"2026-04-16T03:06:48","modified_gmt":"2026-04-16T00:06:48","slug":"devrim-psikolojisi-uzerine","status":"publish","type":"product","link":"https:\/\/roveyayinevi.com.tr\/index.php\/urun\/devrim-psikolojisi-uzerine\/","title":{"rendered":"Devrim Psikolojisi \u00dczerine"},"content":{"rendered":"<p>Freud\u2019un meslekta\u015f\u0131, Avusturyal\u0131 Yahudi psikanalist Paul Federn\u2019in 1919\u2019da yay\u0131mlad\u0131\u011f\u0131 bu k\u0131sa makalede, psikanaliz kavramlar\u0131yla, otoriteye y\u00f6nelik toplumsal bir \u201citaatsizlik\u201d olarak devrimin olas\u0131 psikolojik arka planlar\u0131 inceleniyor. Devrim Psikolojisi \u00dczerine:Babas\u0131z Toplum, Federn\u2019in Oidipus kompleksini genel ve d\u00f6nemsel bir politik \u00e7er\u00e7evede yorumlamas\u0131d\u0131r. Y\u00f6neticinin \u201cbaba\u201d oldu\u011fu bir toplum d\u00fczeninde, haliyle, h\u00fck\u00fbmete y\u00f6nelik bir ba\u015fkald\u0131r\u0131, psikolojik olarak Oidipus\u2019un Laios\u2019u katlinden \u00e7ok farkl\u0131 olmasa gerek! \u201cDevlet d\u00fczeni, \u015fimdiye kadar aile d\u00fczeninin bir devam\u0131 mahiyetinde olmu\u015ftur. Ancak, toplumsal alandaki temel ahlaki de\u011ferlere y\u00f6nelik sayg\u0131n\u0131n olu\u015fum ve inki\u015faf\u0131nda t\u00fcm aile bireyleri e\u015fit derecede yer almam\u0131\u015ft\u0131r. \u00c7ocu\u011fun i\u00e7indeki otoriteye y\u00f6nelik t\u00fcm sayg\u0131n\u0131n temelini olu\u015fturan bu olgu, ahlak e\u011fitiminden ziyade, \u00e7ocu\u011fun babayla olan ili\u015fkisi ve baba kar\u015f\u0131s\u0131ndaki konumudur.\u201d <\/p>\n","protected":false},"excerpt":{"rendered":"<p>Freud\u2019un meslekta\u015f\u0131, Avusturyal\u0131 Yahudi psikanalist Paul Federn\u2019in 1919\u2019da yay\u0131mlad\u0131\u011f\u0131 bu k\u0131sa makalede, psikanaliz kavramlar\u0131yla, otoriteye y\u00f6nelik toplumsal bir \u201citaatsizlik\u201d olarak devrimin olas\u0131 psikolojik arka planlar\u0131 inceleniyor.<span class=\"excerpt-hellip\"> [\u2026]<\/span><\/p>\n","protected":false},"featured_media":0,"template":"","meta":{"_monsterinsights_skip_tracking":false,"_monsterinsights_sitenote_active":false,"_monsterinsights_sitenote_note":"","_monsterinsights_sitenote_category":0},"product_brand":[],"product_cat":[12357],"product_tag":[],"class_list":{"0":"post-753487","1":"product","2":"type-product","3":"status-publish","5":"product_cat-psikoloji","6":"pa_cilt-ciltsiz","7":"pa_tur-kitap","8":"pa_yayinevi-pinhan-yayincilik","9":"pa_yazar-paul-federn","11":"first","12":"instock","13":"sale","14":"shipping-taxable","15":"purchasable","16":"product-type-simple"},"_links":{"self":[{"href":"https:\/\/roveyayinevi.com.tr\/index.php\/wp-json\/wp\/v2\/product\/753487","targetHints":{"allow":["GET"]}}],"collection":[{"href":"https:\/\/roveyayinevi.com.tr\/index.php\/wp-json\/wp\/v2\/product"}],"about":[{"href":"https:\/\/roveyayinevi.com.tr\/index.php\/wp-json\/wp\/v2\/types\/product"}],"wp:attachment":[{"href":"https:\/\/roveyayinevi.com.tr\/index.php\/wp-json\/wp\/v2\/media?parent=753487"}],"wp:term":[{"taxonomy":"product_brand","embeddable":true,"href":"https:\/\/roveyayinevi.com.tr\/index.php\/wp-json\/wp\/v2\/product_brand?post=753487"},{"taxonomy":"product_cat","embeddable":true,"href":"https:\/\/roveyayinevi.com.tr\/index.php\/wp-json\/wp\/v2\/product_cat?post=753487"},{"taxonomy":"product_tag","embeddable":true,"href":"https:\/\/roveyayinevi.com.tr\/index.php\/wp-json\/wp\/v2\/product_tag?post=753487"}],"curies":[{"name":"wp","href":"https:\/\/api.w.org\/{rel}","templated":true}]}}