{"id":753486,"date":"2025-08-28T05:44:46","date_gmt":"2025-08-28T02:44:46","guid":{"rendered":"https:\/\/roveyayinevi.com.tr\/index.php\/urun\/maskesi-dusurulen-marksizm-yanilsamadan-yikima\/"},"modified":"2026-04-16T03:06:48","modified_gmt":"2026-04-16T00:06:48","slug":"maskesi-dusurulen-marksizm-yanilsamadan-yikima","status":"publish","type":"product","link":"https:\/\/roveyayinevi.com.tr\/index.php\/urun\/maskesi-dusurulen-marksizm-yanilsamadan-yikima\/","title":{"rendered":"Maskesi D\u00fc\u015f\u00fcr\u00fclen Marksizm \u2013Yan\u0131lsamadan Y\u0131k\u0131ma"},"content":{"rendered":"<p>Marksizm 19. y\u00fczy\u0131lda Sanayi Devrimi\u2019nin en ac\u0131mas\u0131z zamanlar\u0131nda, \u00e7ok zor ko\u015fullarda Avrupa\u2019da filizlendi. \u0130\u015f\u00e7ilere, yoksullara, ezilenlere birlik olma, emeklerini s\u00f6m\u00fcrenlere kar\u015f\u0131 ba\u015fkald\u0131rma \u00e7a\u011fr\u0131s\u0131nda bulundu. E\u015fitlik ve toplumsal adalet talebiyle fabrikalardan tezg\u00e2hlara, sokaklardan evlere kadar girmeyi ba\u015fard\u0131. Cenneti yery\u00fcz\u00fcne indirmeyi, insanca ve hak\u00e7a ya\u015famay\u0131 vaat etti. D\u00fcnyan\u0131n d\u00f6rt bir yan\u0131nda devrimlerin fitilini ate\u015fledi, devletlerin resm\u00ee ideolojisi h\u00e2line bile geldi. Avrupa\u2019n\u0131n ba\u015f\u0131na, bug\u00fcn bile savu\u015fturamad\u0131\u011f\u0131, kom\u00fcnizmin hayaletini musallat etti. Bu kitap, hayaletlere inanmayan, adanm\u0131\u015f bir kapitalistin g\u00f6z\u00fcnden Marksizmin nas\u0131l g\u00f6r\u00fcnd\u00fc\u011f\u00fcn\u00fc anlat\u0131yor. 20. y\u00fczy\u0131l\u0131n en \u00f6nemli iktisat\u00e7\u0131lar\u0131ndan biri olan Ludwig von Mises\u2019in 1952 y\u0131l\u0131nda ABD\u2019de verdi\u011fi dokuz dersten olu\u015fan bu \u00f6nemli \u00e7al\u0131\u015fma, Marksizmin yery\u00fcz\u00fcne cenneti indirme giri\u015fiminin nas\u0131l bir y\u0131k\u0131ma yol a\u00e7t\u0131\u011f\u0131n\u0131 g\u00f6stermeyi ama\u00e7l\u0131yor. Bu derslerde Mises, Marksizmin \u00e7eli\u015fkilerini, Marx\u2019\u0131n emek de\u011fer kuram\u0131n\u0131, tarihsel materyalizm anlay\u0131\u015f\u0131n\u0131, s\u0131n\u0131f m\u00fccadelesi fikrini, merkezden planlama politikas\u0131n\u0131 bir cerrah hassasiyetiyle par\u00e7alar\u0131na ay\u0131r\u0131yor. Bunu yaparken kapitalizmin ve para piyasalar\u0131n\u0131n nas\u0131l i\u015fledi\u011fine bir a\u00e7\u0131klama da getirerek liberal sistemin meziyetlerini ve a\u00e7mazlar\u0131n\u0131 da kendince g\u00f6zler \u00f6n\u00fcne seriyor. D\u00fc\u015fman karde\u015fler olan liberalizm ile sosyalizmin \u00e7eki\u015fmesini, konu hakk\u0131nda uzman olmayan okurlar\u0131n da anlayabilece\u011fi yal\u0131n bir dille betimleyerek kapitalizmi ve kapitalisti anlama k\u0131lavuzu sunuyor.<\/p>\n","protected":false},"excerpt":{"rendered":"<p>Marksizm 19. y\u00fczy\u0131lda Sanayi Devrimi\u2019nin en ac\u0131mas\u0131z zamanlar\u0131nda, \u00e7ok zor ko\u015fullarda Avrupa\u2019da filizlendi. \u0130\u015f\u00e7ilere, yoksullara, ezilenlere birlik olma, emeklerini s\u00f6m\u00fcrenlere kar\u015f\u0131 ba\u015fkald\u0131rma \u00e7a\u011fr\u0131s\u0131nda bulundu. E\u015fitlik ve<span class=\"excerpt-hellip\"> [\u2026]<\/span><\/p>\n","protected":false},"featured_media":0,"template":"","meta":{"_monsterinsights_skip_tracking":false,"_monsterinsights_sitenote_active":false,"_monsterinsights_sitenote_note":"","_monsterinsights_sitenote_category":0},"product_brand":[],"product_cat":[20333,13043],"product_tag":[],"class_list":{"0":"post-753486","1":"product","2":"type-product","3":"status-publish","5":"product_cat-diger-ekonomi","6":"product_cat-ekonomi","7":"pa_cilt-ciltsiz","8":"pa_tur-kitap","9":"pa_yayinevi-fol-kitap","10":"pa_yazar-ludwig-von-mises","12":"first","13":"instock","14":"sale","15":"shipping-taxable","16":"purchasable","17":"product-type-simple"},"_links":{"self":[{"href":"https:\/\/roveyayinevi.com.tr\/index.php\/wp-json\/wp\/v2\/product\/753486","targetHints":{"allow":["GET"]}}],"collection":[{"href":"https:\/\/roveyayinevi.com.tr\/index.php\/wp-json\/wp\/v2\/product"}],"about":[{"href":"https:\/\/roveyayinevi.com.tr\/index.php\/wp-json\/wp\/v2\/types\/product"}],"wp:attachment":[{"href":"https:\/\/roveyayinevi.com.tr\/index.php\/wp-json\/wp\/v2\/media?parent=753486"}],"wp:term":[{"taxonomy":"product_brand","embeddable":true,"href":"https:\/\/roveyayinevi.com.tr\/index.php\/wp-json\/wp\/v2\/product_brand?post=753486"},{"taxonomy":"product_cat","embeddable":true,"href":"https:\/\/roveyayinevi.com.tr\/index.php\/wp-json\/wp\/v2\/product_cat?post=753486"},{"taxonomy":"product_tag","embeddable":true,"href":"https:\/\/roveyayinevi.com.tr\/index.php\/wp-json\/wp\/v2\/product_tag?post=753486"}],"curies":[{"name":"wp","href":"https:\/\/api.w.org\/{rel}","templated":true}]}}