{"id":753485,"date":"2025-08-28T05:44:45","date_gmt":"2025-08-28T02:44:45","guid":{"rendered":"https:\/\/roveyayinevi.com.tr\/index.php\/urun\/felsefenin-temel-problemleri\/"},"modified":"2026-04-16T03:06:48","modified_gmt":"2026-04-16T00:06:48","slug":"felsefenin-temel-problemleri","status":"publish","type":"product","link":"https:\/\/roveyayinevi.com.tr\/index.php\/urun\/felsefenin-temel-problemleri\/","title":{"rendered":"Felsefenin Temel Problemleri"},"content":{"rendered":"<p>G. E. Moore&#8217;un yar\u0131m y\u00fczy\u0131l\u0131 a\u015fan entelekt\u00fcel ser\u00fcveninde \u00f6nem ta\u015f\u0131yan yaz\u0131lar\u0131n\u0131 bir araya getiren bu kitap modern felsefeyi \u015fekillendirmi\u015f temel sorunlara dair faydal\u0131 de\u011ferlendirmeler i\u00e7eriyor. Moore bu kitapta do\u011fru bilginin kaynaklar\u0131, ger\u00e7ekli\u011fi bilmenin ko\u015fullar\u0131, alg\u0131lama ile var olma aras\u0131nda varsay\u0131lan ili\u015fkilerin mahiyeti gibi konulara odaklan\u0131yor. \u00d6zellikle idealistlerle, ku\u015fkucularla, yer yer de faydac\u0131larla tart\u0131\u015f\u0131yor ve onlar\u0131n iddialar\u0131 kar\u015f\u0131s\u0131nda sa\u011fduyuya ve sezgilere dayanan bir bilgi teorisinin nas\u0131l uygulanabilece\u011fini g\u00f6steriyor. Bu s\u0131rada Berkeley ve Kant gibi modern felsefenin \u00f6nde gelen isimlerini de yeri geldik\u00e7e ele\u015ftirmekten geri durmuyor. Wittgenstein ve Russell ile birlikte analitik felsefenin \u00f6nc\u00fc isimleri aras\u0131nda say\u0131lan Moore, kavramlar\u0131 ve \u00f6nermeleri titizlikle \u00e7\u00f6z\u00fcmleyerek kesinli\u011fin ve do\u011frulu\u011fun ko\u015fullar\u0131n\u0131 tespit ediyor. Bu kitapta yer verilen makaleler, kesinlik, sa\u011fduyu, ku\u015fkuculuk gibi felsefe tarihinde \u00f6nemini hi\u00e7 yitirmemi\u015f konulara ve analitik felsefenin k\u00f6kenlerine ilgi duyan okurlara G. E. Moore\u2019un d\u00fc\u015f\u00fcncelerini, y\u00f6ntemini ve yakla\u015f\u0131mlar\u0131n\u0131 tan\u0131tacakt\u0131r.<\/p>\n","protected":false},"excerpt":{"rendered":"<p>G. E. Moore&#8217;un yar\u0131m y\u00fczy\u0131l\u0131 a\u015fan entelekt\u00fcel ser\u00fcveninde \u00f6nem ta\u015f\u0131yan yaz\u0131lar\u0131n\u0131 bir araya getiren bu kitap modern felsefeyi \u015fekillendirmi\u015f temel sorunlara dair faydal\u0131 de\u011ferlendirmeler i\u00e7eriyor. Moore<span class=\"excerpt-hellip\"> [\u2026]<\/span><\/p>\n","protected":false},"featured_media":0,"template":"","meta":{"_monsterinsights_skip_tracking":false,"_monsterinsights_sitenote_active":false,"_monsterinsights_sitenote_note":"","_monsterinsights_sitenote_category":0},"product_brand":[],"product_cat":[12388],"product_tag":[],"class_list":{"0":"post-753485","1":"product","2":"type-product","3":"status-publish","5":"product_cat-felsefe","6":"pa_cilt-ciltsiz","7":"pa_tur-kitap","8":"pa_yayinevi-fol-kitap","9":"pa_yazar-george-edward-moore","11":"first","12":"instock","13":"sale","14":"shipping-taxable","15":"purchasable","16":"product-type-simple"},"_links":{"self":[{"href":"https:\/\/roveyayinevi.com.tr\/index.php\/wp-json\/wp\/v2\/product\/753485","targetHints":{"allow":["GET"]}}],"collection":[{"href":"https:\/\/roveyayinevi.com.tr\/index.php\/wp-json\/wp\/v2\/product"}],"about":[{"href":"https:\/\/roveyayinevi.com.tr\/index.php\/wp-json\/wp\/v2\/types\/product"}],"wp:attachment":[{"href":"https:\/\/roveyayinevi.com.tr\/index.php\/wp-json\/wp\/v2\/media?parent=753485"}],"wp:term":[{"taxonomy":"product_brand","embeddable":true,"href":"https:\/\/roveyayinevi.com.tr\/index.php\/wp-json\/wp\/v2\/product_brand?post=753485"},{"taxonomy":"product_cat","embeddable":true,"href":"https:\/\/roveyayinevi.com.tr\/index.php\/wp-json\/wp\/v2\/product_cat?post=753485"},{"taxonomy":"product_tag","embeddable":true,"href":"https:\/\/roveyayinevi.com.tr\/index.php\/wp-json\/wp\/v2\/product_tag?post=753485"}],"curies":[{"name":"wp","href":"https:\/\/api.w.org\/{rel}","templated":true}]}}