{"id":753484,"date":"2025-08-28T05:44:44","date_gmt":"2025-08-28T02:44:44","guid":{"rendered":"https:\/\/roveyayinevi.com.tr\/index.php\/urun\/euthyphron-dindarlik-uzerine\/"},"modified":"2026-04-16T03:06:48","modified_gmt":"2026-04-16T00:06:48","slug":"euthyphron-dindarlik-uzerine","status":"publish","type":"product","link":"https:\/\/roveyayinevi.com.tr\/index.php\/urun\/euthyphron-dindarlik-uzerine\/","title":{"rendered":"Euthyphron \/ Dindarl\u0131k \u00dczerine"},"content":{"rendered":"<p>\u201c\u2018Tanr\u0131lara hizmet\u2019in en geni\u015f tart\u0131\u015fmas\u0131 Platon\u2019un Euthyphron\u2019unda bulunur.\u201d Jon Mikalson   \u201cEuthyphron a\u00e7\u0131k\u00e7a dindarl\u0131\u011f\u0131n ve dinsizli\u011fin ger\u00e7ek mahiyeti ile bunlara ili\u015fkin genel kabul g\u00f6ren anlay\u0131\u015flar\u0131 kar\u015f\u0131la\u015ft\u0131rmak i\u00e7in tasarlanm\u0131\u015ft\u0131r.\u201d Benjamin Jowett   \u201cSokrates\u2019in yetene\u011fi iyi tan\u0131mlar sa\u011flamak de\u011fil, k\u00f6t\u00fc tan\u0131mlar\u0131 te\u015fhir etmekten ibarettir.\u201d George Grote   Diyalog, Sokrates\u2019in Meletos ad\u0131nda gen\u00e7 bir Atinal\u0131n\u0131n dinsizlik su\u00e7lamas\u0131yla ona a\u00e7t\u0131\u011f\u0131 kovu\u015fturma i\u00e7in beklerken, babas\u0131n\u0131 cinayet su\u00e7lamas\u0131yla mahkemeye veren Euthyphron ad\u0131nda bir tan\u0131d\u0131\u011f\u0131yla tesad\u00fcfen kar\u015f\u0131la\u015fmas\u0131 sonucunda geli\u015fen konu\u015fmay\u0131 i\u00e7erir ve konu\u015fma \u2018dindarl\u0131k\u2019 kavram\u0131 etraf\u0131nda \u015fekillenir. Antik Yunanda \u2018dindarl\u0131k\u2019 ve \u2018kutsal olan\u2019\u0131n anlam\u0131 ve Platon d\u00fc\u015f\u00fcncesinde \u2018dindarl\u0131k\u2019\u0131n diyalektik geli\u015fimi a\u00e7\u0131s\u0131ndan kitap olduk\u00e7a \u00f6nemlidir. \u201cTanr\u0131 bir \u015feyi iyi oldu\u011fu i\u00e7in mi buyurur; yoksa Tanr\u0131 bir \u015feyi buyurdu\u011fu i\u00e7in mi o \u015fey iyi olur?\u201d \u015feklinde \u00f6zetlenen \u2018Euthyphron \u0130kilemi\u2019 de yine bu diyalogda temellerini bulur. Ayr\u0131ca Sokrates&#8217;in me\u015fhur Savunma&#8217;s\u0131n\u0131n hemen \u00f6ncesinde ger\u00e7ekle\u015fti\u011fi i\u00e7in bu diyalog d\u00f6nemin hukuk sisteminin yap\u0131s\u0131n\u0131 da anlamam\u0131z\u0131 sa\u011flar. Bu diyalog, di\u011fer t\u00fcm diyaloglar gibi, mutlak ve sorgulanmam\u0131\u015f, herkesin a\u015fina ve bilgi sahibi oldu\u011funa dair kendinden emin oldu\u011fu bir inanca kar\u015f\u0131 m\u00fccadele eden o Sokrates\u00e7i ruhla tasarlanm\u0131\u015ft\u0131r.<\/p>\n","protected":false},"excerpt":{"rendered":"<p>\u201c\u2018Tanr\u0131lara hizmet\u2019in en geni\u015f tart\u0131\u015fmas\u0131 Platon\u2019un Euthyphron\u2019unda bulunur.\u201d Jon Mikalson \u201cEuthyphron a\u00e7\u0131k\u00e7a dindarl\u0131\u011f\u0131n ve dinsizli\u011fin ger\u00e7ek mahiyeti ile bunlara ili\u015fkin genel kabul g\u00f6ren anlay\u0131\u015flar\u0131 kar\u015f\u0131la\u015ft\u0131rmak i\u00e7in<span class=\"excerpt-hellip\"> [\u2026]<\/span><\/p>\n","protected":false},"featured_media":0,"template":"","meta":{"_monsterinsights_skip_tracking":false,"_monsterinsights_sitenote_active":false,"_monsterinsights_sitenote_note":"","_monsterinsights_sitenote_category":0},"product_brand":[],"product_cat":[12388],"product_tag":[],"class_list":{"0":"post-753484","1":"product","2":"type-product","3":"status-publish","5":"product_cat-felsefe","6":"pa_cilt-ciltsiz","7":"pa_tur-kitap","8":"pa_yayinevi-fol-kitap","9":"pa_yazar-platon","11":"first","12":"instock","13":"sale","14":"shipping-taxable","15":"purchasable","16":"product-type-simple"},"_links":{"self":[{"href":"https:\/\/roveyayinevi.com.tr\/index.php\/wp-json\/wp\/v2\/product\/753484","targetHints":{"allow":["GET"]}}],"collection":[{"href":"https:\/\/roveyayinevi.com.tr\/index.php\/wp-json\/wp\/v2\/product"}],"about":[{"href":"https:\/\/roveyayinevi.com.tr\/index.php\/wp-json\/wp\/v2\/types\/product"}],"wp:attachment":[{"href":"https:\/\/roveyayinevi.com.tr\/index.php\/wp-json\/wp\/v2\/media?parent=753484"}],"wp:term":[{"taxonomy":"product_brand","embeddable":true,"href":"https:\/\/roveyayinevi.com.tr\/index.php\/wp-json\/wp\/v2\/product_brand?post=753484"},{"taxonomy":"product_cat","embeddable":true,"href":"https:\/\/roveyayinevi.com.tr\/index.php\/wp-json\/wp\/v2\/product_cat?post=753484"},{"taxonomy":"product_tag","embeddable":true,"href":"https:\/\/roveyayinevi.com.tr\/index.php\/wp-json\/wp\/v2\/product_tag?post=753484"}],"curies":[{"name":"wp","href":"https:\/\/api.w.org\/{rel}","templated":true}]}}