{"id":753478,"date":"2025-08-28T05:44:36","date_gmt":"2025-08-28T02:44:36","guid":{"rendered":"https:\/\/roveyayinevi.com.tr\/index.php\/urun\/kizilay-cemiyeti\/"},"modified":"2026-04-16T03:06:48","modified_gmt":"2026-04-16T00:06:48","slug":"kizilay-cemiyeti","status":"publish","type":"product","link":"https:\/\/roveyayinevi.com.tr\/index.php\/urun\/kizilay-cemiyeti\/","title":{"rendered":"K\u0131z\u0131lay Cemiyeti"},"content":{"rendered":"<p>\u0130nsanl\u0131\u011f\u0131n tarihi sava\u015fla ba\u015flar. Habil&#8217;le Kabil&#8217;den bu yana \u00f6lmek  ve \u00f6ld\u00fcrmek i\u00e7in ya\u015far insano\u011flu. Muharebe meydanlar\u0131 inleyen askerlerle dolar. 19.y\u00fczy\u0131lda ba\u015flar de\u011fi\u015fim. Uluslararas\u0131 kurulu\u015flar, akan kanlar\u0131 azaltmaya \u00e7al\u0131\u015f\u0131r. K\u0131z\u0131lha\u00e7, K\u0131z\u0131lay&#8217;a ilham olur. K\u0131z\u0131lay Cemiyeti, bir kurulu\u015fun hik\u00e2yesi. Ahmet Mithat Efendi&#8217;nin dilinden  b\u00fcy\u00fck bir hizmetin uzun s\u00fcreci. <\/p>\n","protected":false},"excerpt":{"rendered":"<p>\u0130nsanl\u0131\u011f\u0131n tarihi sava\u015fla ba\u015flar. Habil&#8217;le Kabil&#8217;den bu yana \u00f6lmek ve \u00f6ld\u00fcrmek i\u00e7in ya\u015far insano\u011flu. Muharebe meydanlar\u0131 inleyen askerlerle dolar. 19.y\u00fczy\u0131lda ba\u015flar de\u011fi\u015fim. Uluslararas\u0131 kurulu\u015flar, akan kanlar\u0131<span class=\"excerpt-hellip\"> [\u2026]<\/span><\/p>\n","protected":false},"featured_media":0,"template":"","meta":{"_monsterinsights_skip_tracking":false,"_monsterinsights_sitenote_active":false,"_monsterinsights_sitenote_note":"","_monsterinsights_sitenote_category":0},"product_brand":[],"product_cat":[12291,12711],"product_tag":[],"class_list":{"0":"post-753478","1":"product","2":"type-product","3":"status-publish","5":"product_cat-edebiyat","6":"product_cat-roman-oyku","7":"pa_cilt-ciltsiz","8":"pa_tur-kitap","9":"pa_yayinevi-sapiens-yayinlari","10":"pa_yazar-ahmet-mithat-efendi","12":"first","13":"instock","14":"sale","15":"shipping-taxable","16":"purchasable","17":"product-type-simple"},"_links":{"self":[{"href":"https:\/\/roveyayinevi.com.tr\/index.php\/wp-json\/wp\/v2\/product\/753478","targetHints":{"allow":["GET"]}}],"collection":[{"href":"https:\/\/roveyayinevi.com.tr\/index.php\/wp-json\/wp\/v2\/product"}],"about":[{"href":"https:\/\/roveyayinevi.com.tr\/index.php\/wp-json\/wp\/v2\/types\/product"}],"wp:attachment":[{"href":"https:\/\/roveyayinevi.com.tr\/index.php\/wp-json\/wp\/v2\/media?parent=753478"}],"wp:term":[{"taxonomy":"product_brand","embeddable":true,"href":"https:\/\/roveyayinevi.com.tr\/index.php\/wp-json\/wp\/v2\/product_brand?post=753478"},{"taxonomy":"product_cat","embeddable":true,"href":"https:\/\/roveyayinevi.com.tr\/index.php\/wp-json\/wp\/v2\/product_cat?post=753478"},{"taxonomy":"product_tag","embeddable":true,"href":"https:\/\/roveyayinevi.com.tr\/index.php\/wp-json\/wp\/v2\/product_tag?post=753478"}],"curies":[{"name":"wp","href":"https:\/\/api.w.org\/{rel}","templated":true}]}}