{"id":753474,"date":"2025-08-28T05:44:29","date_gmt":"2025-08-28T02:44:29","guid":{"rendered":"https:\/\/roveyayinevi.com.tr\/index.php\/urun\/niye-geldik-cihane\/"},"modified":"2026-04-16T03:06:48","modified_gmt":"2026-04-16T00:06:48","slug":"niye-geldik-cihane","status":"publish","type":"product","link":"https:\/\/roveyayinevi.com.tr\/index.php\/urun\/niye-geldik-cihane\/","title":{"rendered":"Niye Geldik Cihane?"},"content":{"rendered":"<p>K\u0131ymetli \u015fairlerimizin zihnimize cil\u00e2, kalbimize saf\u00e2 olan m\u0131sralar\u0131n\u0131 ho\u015fsohbet \u00fcslubuyla bizlere aktaran Hayati \u0130nan\u00e7, Niye Geldik Cihane? sorusuna yan\u0131t olacak yaz\u0131lar\u0131 ile hayat\u0131 anlamland\u0131rma \u00e7abam\u0131za ortak oluyor.   Yolunu \u015fa\u015f\u0131ranlar, yolda kalanlar, varmak istedi\u011fi yere hen\u00fcz karar veremeyenler i\u00e7in hakikate i\u015faret eden bir pusula niteli\u011findeki bu eser, T\u00fcrk\u00e7emizin g\u00fczelliklerini de g\u00f6zler \u00f6n\u00fcne seriyor. <\/p>\n","protected":false},"excerpt":{"rendered":"<p>K\u0131ymetli \u015fairlerimizin zihnimize cil\u00e2, kalbimize saf\u00e2 olan m\u0131sralar\u0131n\u0131 ho\u015fsohbet \u00fcslubuyla bizlere aktaran Hayati \u0130nan\u00e7, Niye Geldik Cihane? sorusuna yan\u0131t olacak yaz\u0131lar\u0131 ile hayat\u0131 anlamland\u0131rma \u00e7abam\u0131za ortak<span class=\"excerpt-hellip\"> [\u2026]<\/span><\/p>\n","protected":false},"featured_media":0,"template":"","meta":{"_monsterinsights_skip_tracking":false,"_monsterinsights_sitenote_active":false,"_monsterinsights_sitenote_note":"","_monsterinsights_sitenote_category":0},"product_brand":[],"product_cat":[12777,12291],"product_tag":[],"class_list":{"0":"post-753474","1":"product","2":"type-product","3":"status-publish","5":"product_cat-deneme","6":"product_cat-edebiyat","7":"pa_cilt-ciltsiz","8":"pa_tur-kitap","9":"pa_yayinevi-profil-kitap","10":"pa_yazar-hayati-inanc","12":"first","13":"instock","14":"sale","15":"shipping-taxable","16":"purchasable","17":"product-type-simple"},"_links":{"self":[{"href":"https:\/\/roveyayinevi.com.tr\/index.php\/wp-json\/wp\/v2\/product\/753474","targetHints":{"allow":["GET"]}}],"collection":[{"href":"https:\/\/roveyayinevi.com.tr\/index.php\/wp-json\/wp\/v2\/product"}],"about":[{"href":"https:\/\/roveyayinevi.com.tr\/index.php\/wp-json\/wp\/v2\/types\/product"}],"wp:attachment":[{"href":"https:\/\/roveyayinevi.com.tr\/index.php\/wp-json\/wp\/v2\/media?parent=753474"}],"wp:term":[{"taxonomy":"product_brand","embeddable":true,"href":"https:\/\/roveyayinevi.com.tr\/index.php\/wp-json\/wp\/v2\/product_brand?post=753474"},{"taxonomy":"product_cat","embeddable":true,"href":"https:\/\/roveyayinevi.com.tr\/index.php\/wp-json\/wp\/v2\/product_cat?post=753474"},{"taxonomy":"product_tag","embeddable":true,"href":"https:\/\/roveyayinevi.com.tr\/index.php\/wp-json\/wp\/v2\/product_tag?post=753474"}],"curies":[{"name":"wp","href":"https:\/\/api.w.org\/{rel}","templated":true}]}}