{"id":753471,"date":"2025-08-28T05:44:27","date_gmt":"2025-08-28T02:44:27","guid":{"rendered":"https:\/\/roveyayinevi.com.tr\/index.php\/urun\/gunumuz-dunyasinda-musluman-azinliklar-asya\/"},"modified":"2026-04-16T03:06:48","modified_gmt":"2026-04-16T00:06:48","slug":"gunumuz-dunyasinda-musluman-azinliklar-asya","status":"publish","type":"product","link":"https:\/\/roveyayinevi.com.tr\/index.php\/urun\/gunumuz-dunyasinda-musluman-azinliklar-asya\/","title":{"rendered":"G\u00fcn\u00fcm\u00fcz D\u00fcnyas\u0131nda M\u00fcsl\u00fcman Az\u0131nl\u0131klar: Asya"},"content":{"rendered":"<p>Bat\u0131l\u0131 s\u00f6m\u00fcrgeci g\u00fc\u00e7lerin \u015fekillendirmesi neticesinde bug\u00fcn Asya ve Uzak Do\u011fu\u2019da M\u00fcsl\u00fcmanlar suni yap\u0131land\u0131rmalar\u0131n i\u00e7ine at\u0131larak i\u00e7inden \u00e7\u0131k\u0131lmaz problemlerle kar\u015f\u0131 kar\u015f\u0131ya b\u0131rak\u0131lm\u0131\u015flard\u0131r. B\u00f6lgede ya\u015fayan M\u00fcsl\u00fcmanlar\u0131n problemleriyle dertlenmek ve onlar\u0131n sorunlar\u0131n\u0131 a\u015fmada yard\u0131mc\u0131 olmak en az\u0131ndan onlar\u0131n durumlar\u0131n\u0131 ortaya koymak ve insanl\u0131\u011f\u0131n bilgisini sa\u011flamak bizlerin g\u00f6revi olsa gerektir. Bu eserle Asya ve Uzak do\u011fuda yirmi \u00fclkede ya\u015fayan M\u00fcsl\u00fcman az\u0131nl\u0131klar\u0131n siyasi, sosyal, k\u00fclt\u00fcrel, din\u00ee ve ekonomik problemleri hakk\u0131nda insanlar\u0131n bilgilendirilmesi ve bilin\u00e7lendirmesi ama\u00e7lanm\u0131\u015ft\u0131r.<\/p>\n","protected":false},"excerpt":{"rendered":"<p>Bat\u0131l\u0131 s\u00f6m\u00fcrgeci g\u00fc\u00e7lerin \u015fekillendirmesi neticesinde bug\u00fcn Asya ve Uzak Do\u011fu\u2019da M\u00fcsl\u00fcmanlar suni yap\u0131land\u0131rmalar\u0131n i\u00e7ine at\u0131larak i\u00e7inden \u00e7\u0131k\u0131lmaz problemlerle kar\u015f\u0131 kar\u015f\u0131ya b\u0131rak\u0131lm\u0131\u015flard\u0131r. B\u00f6lgede ya\u015fayan M\u00fcsl\u00fcmanlar\u0131n problemleriyle dertlenmek<span class=\"excerpt-hellip\"> [\u2026]<\/span><\/p>\n","protected":false},"featured_media":0,"template":"","meta":{"_monsterinsights_skip_tracking":false,"_monsterinsights_sitenote_active":false,"_monsterinsights_sitenote_note":"","_monsterinsights_sitenote_category":0},"product_brand":[],"product_cat":[12718,12719],"product_tag":[],"class_list":{"0":"post-753471","1":"product","2":"type-product","3":"status-publish","5":"product_cat-din","6":"product_cat-islam","7":"pa_cilt-ciltsiz","8":"pa_tur-kitap","9":"pa_yayinevi-otto-yayinlari","10":"pa_yazar-kolektif","12":"first","13":"instock","14":"sale","15":"shipping-taxable","16":"purchasable","17":"product-type-simple"},"_links":{"self":[{"href":"https:\/\/roveyayinevi.com.tr\/index.php\/wp-json\/wp\/v2\/product\/753471","targetHints":{"allow":["GET"]}}],"collection":[{"href":"https:\/\/roveyayinevi.com.tr\/index.php\/wp-json\/wp\/v2\/product"}],"about":[{"href":"https:\/\/roveyayinevi.com.tr\/index.php\/wp-json\/wp\/v2\/types\/product"}],"wp:attachment":[{"href":"https:\/\/roveyayinevi.com.tr\/index.php\/wp-json\/wp\/v2\/media?parent=753471"}],"wp:term":[{"taxonomy":"product_brand","embeddable":true,"href":"https:\/\/roveyayinevi.com.tr\/index.php\/wp-json\/wp\/v2\/product_brand?post=753471"},{"taxonomy":"product_cat","embeddable":true,"href":"https:\/\/roveyayinevi.com.tr\/index.php\/wp-json\/wp\/v2\/product_cat?post=753471"},{"taxonomy":"product_tag","embeddable":true,"href":"https:\/\/roveyayinevi.com.tr\/index.php\/wp-json\/wp\/v2\/product_tag?post=753471"}],"curies":[{"name":"wp","href":"https:\/\/api.w.org\/{rel}","templated":true}]}}