{"id":753469,"date":"2025-08-28T05:44:25","date_gmt":"2025-08-28T02:44:25","guid":{"rendered":"https:\/\/roveyayinevi.com.tr\/index.php\/urun\/gunumuz-dunyasinda-musluman-azinliklar-afrika\/"},"modified":"2026-04-16T03:06:48","modified_gmt":"2026-04-16T00:06:48","slug":"gunumuz-dunyasinda-musluman-azinliklar-afrika","status":"publish","type":"product","link":"https:\/\/roveyayinevi.com.tr\/index.php\/urun\/gunumuz-dunyasinda-musluman-azinliklar-afrika\/","title":{"rendered":"G\u00fcn\u00fcm\u00fcz D\u00fcnyas\u0131nda M\u00fcsl\u00fcman Az\u0131nl\u0131klar: Afrika"},"content":{"rendered":"<p>Eski d\u00fcnyan\u0131n bir \u00fcyesi olan Afrika, tarih boyunca sahip oldu\u011fu zenginliklerle an\u0131lm\u0131\u015ft\u0131r. Bununla birlikte \u00f6zellikle son y\u00fcz y\u0131lda Afrika\u2019n\u0131n ad\u0131 a\u00e7l\u0131k, yoksulluk, i\u00e7 sava\u015flar ve d\u0131\u015f m\u00fcdahalelerle an\u0131l\u0131r olmu\u015ftur. Sahip olduklar\u0131yla ad\u0131n\u0131n insan zihninde yapt\u0131\u011f\u0131 \u00e7a\u011fr\u0131\u015f\u0131m aras\u0131ndaki tezat, akla \u00e7e\u015fitli sorular getirmektedir. Bu sorular\u0131n ba\u015f\u0131nda da sahip olunan zenginliklerin nerede kullan\u0131ld\u0131\u011f\u0131 gelmektedir. Bu ve benzeri sorular\u0131n ula\u015ft\u0131\u011f\u0131 ortak cevaplar s\u00f6m\u00fcrge d\u00f6neminde ya\u015fananlar\u0131 i\u015faret etmektedir. Afrikal\u0131lar, kendilerini var eden de\u011ferlerden uzakla\u015ft\u0131r\u0131larak onlar i\u00e7in bi\u00e7ilen role inand\u0131r\u0131lmaya \u00e7al\u0131\u015f\u0131lm\u0131\u015flard\u0131r. Afrika k\u0131tas\u0131ndan silinmeye, Afrikal\u0131lara unutturulmaya \u00e7al\u0131\u015f\u0131lan hususlardan birisi de \u0130slam dinidir. <\/p>\n","protected":false},"excerpt":{"rendered":"<p>Eski d\u00fcnyan\u0131n bir \u00fcyesi olan Afrika, tarih boyunca sahip oldu\u011fu zenginliklerle an\u0131lm\u0131\u015ft\u0131r. Bununla birlikte \u00f6zellikle son y\u00fcz y\u0131lda Afrika\u2019n\u0131n ad\u0131 a\u00e7l\u0131k, yoksulluk, i\u00e7 sava\u015flar ve d\u0131\u015f<span class=\"excerpt-hellip\"> [\u2026]<\/span><\/p>\n","protected":false},"featured_media":0,"template":"","meta":{"_monsterinsights_skip_tracking":false,"_monsterinsights_sitenote_active":false,"_monsterinsights_sitenote_note":"","_monsterinsights_sitenote_category":0},"product_brand":[],"product_cat":[12718,12719],"product_tag":[],"class_list":{"0":"post-753469","1":"product","2":"type-product","3":"status-publish","5":"product_cat-din","6":"product_cat-islam","7":"pa_cilt-ciltsiz","8":"pa_tur-kitap","9":"pa_yayinevi-otto-yayinlari","10":"pa_yazar-kolektif","12":"first","13":"instock","14":"sale","15":"shipping-taxable","16":"purchasable","17":"product-type-simple"},"_links":{"self":[{"href":"https:\/\/roveyayinevi.com.tr\/index.php\/wp-json\/wp\/v2\/product\/753469","targetHints":{"allow":["GET"]}}],"collection":[{"href":"https:\/\/roveyayinevi.com.tr\/index.php\/wp-json\/wp\/v2\/product"}],"about":[{"href":"https:\/\/roveyayinevi.com.tr\/index.php\/wp-json\/wp\/v2\/types\/product"}],"wp:attachment":[{"href":"https:\/\/roveyayinevi.com.tr\/index.php\/wp-json\/wp\/v2\/media?parent=753469"}],"wp:term":[{"taxonomy":"product_brand","embeddable":true,"href":"https:\/\/roveyayinevi.com.tr\/index.php\/wp-json\/wp\/v2\/product_brand?post=753469"},{"taxonomy":"product_cat","embeddable":true,"href":"https:\/\/roveyayinevi.com.tr\/index.php\/wp-json\/wp\/v2\/product_cat?post=753469"},{"taxonomy":"product_tag","embeddable":true,"href":"https:\/\/roveyayinevi.com.tr\/index.php\/wp-json\/wp\/v2\/product_tag?post=753469"}],"curies":[{"name":"wp","href":"https:\/\/api.w.org\/{rel}","templated":true}]}}