{"id":753468,"date":"2025-08-28T05:44:23","date_gmt":"2025-08-28T02:44:23","guid":{"rendered":"https:\/\/roveyayinevi.com.tr\/index.php\/urun\/yikimin-dokunusu\/"},"modified":"2026-04-16T03:06:48","modified_gmt":"2026-04-16T00:06:48","slug":"yikimin-dokunusu","status":"publish","type":"product","link":"https:\/\/roveyayinevi.com.tr\/index.php\/urun\/yikimin-dokunusu\/","title":{"rendered":"Y\u0131k\u0131m\u0131n Dokunu\u015fu"},"content":{"rendered":"<p>\u201cBEN\u0130M \u0130\u00c7\u0130N SAVA\u015eMAYACA\u011eINI MI S\u00d6YL\u00dcYORSUN?\u201d HADES \u0130\u00c7 GE\u00c7\u0130R\u0130P PARMA\u011eINI TANRI\u00c7ANIN YANA\u011eINDA GEZD\u0130RD\u0130. \u201cSEVG\u0130L\u0130M, SEN\u0130N \u0130\u00c7\u0130N BU D\u00dcNYAYI YAKARDIM.\u201d Hades\u2019le ili\u015fkisi ortaya \u00e7\u0131kt\u0131ktan hemen sonra pe\u015flerini b\u0131rakmayan medya f\u0131rt\u0131nas\u0131, Persephone\u2019nin normal olan hayat\u0131n\u0131 alt\u00fcst etmeye ba\u015flam\u0131\u015ft\u0131. \u00dcstelik Bahar Tanr\u0131\u00e7as\u0131 kimli\u011fi de if\u015fa olma tehdidi alt\u0131ndayd\u0131. \u00d6l\u00fcler Tanr\u0131s\u0131 Hades\u2019in ise omuzlar\u0131nda ge\u00e7mi\u015fin korkun\u00e7 bir y\u00fck\u00fc vard\u0131 ve herkes Persephone\u2019yi ondan uzakla\u015ft\u0131rmak i\u00e7in bu ge\u00e7mi\u015fi ortaya sermeye \u00e7ok hevesliydi. Deh\u015fet veren bir trajedi Persephone\u2019nin kalbini parampar\u00e7a etti\u011finde ve yard\u0131m i\u00e7in Hades\u2019e gitmesine ra\u011fmen \u00d6l\u00fcler Tanr\u0131s\u0131 onu reddetti\u011finde, i\u015fler daha da k\u00f6t\u00fcye gidecekti. \u00c7aresiz kalan Persephone ipleri kendi eline al\u0131p ciddi sonu\u00e7lar\u0131 olan pazarl\u0131klara giri\u015fmek \u00fczereydi. Hem Hades\u2019in hi\u00e7 bilmedi\u011fi bir yan\u0131yla hem de ezici bir kay\u0131pla y\u00fczle\u015fen Persephone, ger\u00e7ekten Hades\u2019in krali\u00e7esi olup olamayaca\u011f\u0131n\u0131 merak etmeye ba\u015flam\u0131\u015ft\u0131.<\/p>\n","protected":false},"excerpt":{"rendered":"<p>\u201cBEN\u0130M \u0130\u00c7\u0130N SAVA\u015eMAYACA\u011eINI MI S\u00d6YL\u00dcYORSUN?\u201d HADES \u0130\u00c7 GE\u00c7\u0130R\u0130P PARMA\u011eINI TANRI\u00c7ANIN YANA\u011eINDA GEZD\u0130RD\u0130. \u201cSEVG\u0130L\u0130M, SEN\u0130N \u0130\u00c7\u0130N BU D\u00dcNYAYI YAKARDIM.\u201d Hades\u2019le ili\u015fkisi ortaya \u00e7\u0131kt\u0131ktan hemen sonra pe\u015flerini b\u0131rakmayan<span class=\"excerpt-hellip\"> [\u2026]<\/span><\/p>\n","protected":false},"featured_media":0,"template":"","meta":{"_monsterinsights_skip_tracking":false,"_monsterinsights_sitenote_active":false,"_monsterinsights_sitenote_note":"","_monsterinsights_sitenote_category":0},"product_brand":[],"product_cat":[12291,14777],"product_tag":[],"class_list":{"0":"post-753468","1":"product","2":"type-product","3":"status-publish","5":"product_cat-edebiyat","6":"product_cat-fantastik","7":"pa_cilt-ciltsiz","8":"pa_tur-kitap","9":"pa_yayinevi-marti-yayinlari","10":"pa_yazar-scarlett-st-clair","12":"first","13":"instock","14":"sale","15":"shipping-taxable","16":"purchasable","17":"product-type-simple"},"_links":{"self":[{"href":"https:\/\/roveyayinevi.com.tr\/index.php\/wp-json\/wp\/v2\/product\/753468","targetHints":{"allow":["GET"]}}],"collection":[{"href":"https:\/\/roveyayinevi.com.tr\/index.php\/wp-json\/wp\/v2\/product"}],"about":[{"href":"https:\/\/roveyayinevi.com.tr\/index.php\/wp-json\/wp\/v2\/types\/product"}],"wp:attachment":[{"href":"https:\/\/roveyayinevi.com.tr\/index.php\/wp-json\/wp\/v2\/media?parent=753468"}],"wp:term":[{"taxonomy":"product_brand","embeddable":true,"href":"https:\/\/roveyayinevi.com.tr\/index.php\/wp-json\/wp\/v2\/product_brand?post=753468"},{"taxonomy":"product_cat","embeddable":true,"href":"https:\/\/roveyayinevi.com.tr\/index.php\/wp-json\/wp\/v2\/product_cat?post=753468"},{"taxonomy":"product_tag","embeddable":true,"href":"https:\/\/roveyayinevi.com.tr\/index.php\/wp-json\/wp\/v2\/product_tag?post=753468"}],"curies":[{"name":"wp","href":"https:\/\/api.w.org\/{rel}","templated":true}]}}