{"id":753467,"date":"2025-08-28T05:44:22","date_gmt":"2025-08-28T02:44:22","guid":{"rendered":"https:\/\/roveyayinevi.com.tr\/index.php\/urun\/kaybolan-meslekler-1-yorganin-ustasi-mi-olur\/"},"modified":"2026-04-16T03:06:48","modified_gmt":"2026-04-16T00:06:48","slug":"kaybolan-meslekler-1-yorganin-ustasi-mi-olur","status":"publish","type":"product","link":"https:\/\/roveyayinevi.com.tr\/index.php\/urun\/kaybolan-meslekler-1-yorganin-ustasi-mi-olur\/","title":{"rendered":"Kaybolan Meslekler &#8211; 1 Yorgan\u0131n Ustas\u0131 M\u0131 Olur?"},"content":{"rendered":"<p>\u201cKaybolan mesleklerin izinde bizi yeni maceralar bekliyor.\u201d Kronik \u00c7ocuk, Kaybolan Meslekler serisiyle geleneksel sanat ustalar\u0131n\u0131n pe\u015fine d\u00fc\u015f\u00fcyor. G\u00fcl \u00c7etin\u2019in hem yaz\u0131p hem resimledi\u011fi seri, unutulmaya y\u00fcz tutmu\u015f mesleklere odaklanarak herkesi zanaatk\u00e2rlara sayg\u0131 duru\u015funa davet ediyor.   Serinin ilk kitab\u0131 Yorgan\u0131n Ustas\u0131 m\u0131 Olur? yorgan ustas\u0131yla tan\u0131\u015fan Atlas\u2019\u0131n yorganc\u0131l\u0131k mesle\u011fini ke\u015ffini konu ediniyor. Daha \u00f6nce hi\u00e7 duymad\u0131\u011f\u0131 bu meslek kar\u015f\u0131s\u0131nda olduk\u00e7a \u015fa\u015f\u0131ran Atlas, yorganc\u0131 Ya\u015far Usta\u2019yla birlikte \u00e7al\u0131\u015farak yorgan dikmeyi \u00f6\u011freniyor. Yorgan dikmenin p\u00fcf noktalar\u0131 nelerdir? Ka\u00e7 \u00e7e\u015fit yorgan vard\u0131r? Halla\u00e7 nedir? Eskiden yorganlar nas\u0131l kullan\u0131l\u0131rd\u0131? Bir yorgan ustas\u0131n\u0131n en iyi i\u015f arkada\u015flar\u0131 hangi ara\u00e7lard\u0131r?   Yorgan\u0131n Ustas\u0131 m\u0131 Olur? sizi reng\u00e2renk, pofuduk bir d\u00fcnyaya davet ediyor. Atlas\u2019la birlikte bilmedi\u011finiz bir d\u00fcnyan\u0131n kap\u0131s\u0131n\u0131 aralayacak, renklerin ve birbirinden g\u00fczel motiflerin aras\u0131nda s\u0131cac\u0131k bir hik\u00e2yenin kahraman\u0131 olacaks\u0131n\u0131z.   M\u00fcfredat temalar\u0131: M\u0130LL\u00ee K\u00dcLT\u00dcR\u00dcM\u00dcZ \u2022 \u0130LET\u0130\u015e\u0130M \u2022 SANAT \u2022 ERDEMLER \u2022 HAYAL G\u00dcC\u00dc VE G\u0130ZEMLER \u2022 ZAMAN VE MEK\u00c2N \u2022 B\u0130REY VE TOPLUM <\/p>\n","protected":false},"excerpt":{"rendered":"<p>\u201cKaybolan mesleklerin izinde bizi yeni maceralar bekliyor.\u201d Kronik \u00c7ocuk, Kaybolan Meslekler serisiyle geleneksel sanat ustalar\u0131n\u0131n pe\u015fine d\u00fc\u015f\u00fcyor. G\u00fcl \u00c7etin\u2019in hem yaz\u0131p hem resimledi\u011fi seri, unutulmaya y\u00fcz<span class=\"excerpt-hellip\"> [\u2026]<\/span><\/p>\n","protected":false},"featured_media":0,"template":"","meta":{"_monsterinsights_skip_tracking":false,"_monsterinsights_sitenote_active":false,"_monsterinsights_sitenote_note":"","_monsterinsights_sitenote_category":0},"product_brand":[],"product_cat":[12275,12274],"product_tag":[],"class_list":{"0":"post-753467","1":"product","2":"type-product","3":"status-publish","5":"product_cat-6-12-yas-kitaplari","6":"product_cat-cocuk-ve-genclik-kitaplari","7":"pa_cilt-ciltsiz","8":"pa_tur-kitap","9":"pa_yayinevi-kronik-kitap","10":"pa_yazar-gul-cetin","12":"first","13":"instock","14":"sale","15":"shipping-taxable","16":"purchasable","17":"product-type-simple"},"_links":{"self":[{"href":"https:\/\/roveyayinevi.com.tr\/index.php\/wp-json\/wp\/v2\/product\/753467","targetHints":{"allow":["GET"]}}],"collection":[{"href":"https:\/\/roveyayinevi.com.tr\/index.php\/wp-json\/wp\/v2\/product"}],"about":[{"href":"https:\/\/roveyayinevi.com.tr\/index.php\/wp-json\/wp\/v2\/types\/product"}],"wp:attachment":[{"href":"https:\/\/roveyayinevi.com.tr\/index.php\/wp-json\/wp\/v2\/media?parent=753467"}],"wp:term":[{"taxonomy":"product_brand","embeddable":true,"href":"https:\/\/roveyayinevi.com.tr\/index.php\/wp-json\/wp\/v2\/product_brand?post=753467"},{"taxonomy":"product_cat","embeddable":true,"href":"https:\/\/roveyayinevi.com.tr\/index.php\/wp-json\/wp\/v2\/product_cat?post=753467"},{"taxonomy":"product_tag","embeddable":true,"href":"https:\/\/roveyayinevi.com.tr\/index.php\/wp-json\/wp\/v2\/product_tag?post=753467"}],"curies":[{"name":"wp","href":"https:\/\/api.w.org\/{rel}","templated":true}]}}