{"id":753464,"date":"2025-08-28T05:44:18","date_gmt":"2025-08-28T02:44:18","guid":{"rendered":"https:\/\/roveyayinevi.com.tr\/index.php\/urun\/beyinden-bedene-cocuk-odakli-ebeveynlik\/"},"modified":"2026-04-16T03:06:48","modified_gmt":"2026-04-16T00:06:48","slug":"beyinden-bedene-cocuk-odakli-ebeveynlik","status":"publish","type":"product","link":"https:\/\/roveyayinevi.com.tr\/index.php\/urun\/beyinden-bedene-cocuk-odakli-ebeveynlik\/","title":{"rendered":"Beyinden Bedene \u00c7ocuk Odakl\u0131 Ebeveynlik"},"content":{"rendered":"<p>\u201cBu kitab\u0131n her evde, erken \u00e7ocukluk ortam\u0131nda ve ilkokulda olmas\u0131 gerekiyor.\u201d\u2014MAGGIE DENT     N\u00f6robilim ve \u00c7ocuk Psikolojisi Merce\u011findenBir \u00c7ocu\u011fun Zorlay\u0131c\u0131 Davran\u0131\u015flar\u0131n\u0131 Anlamak   Anne-babalar\u0131n nesiller boyu sorduklar\u0131 sorular \u00e7o\u011funlukla \u00e7ok benzerdir\u2014muhtemelen sizler de ayn\u0131 sorular\u0131 soruyorsunuzdur: \u00b7         K\u0131z\u0131m neden benimle i\u015fbirli\u011fi yapmay\u0131 ya da beni dinlemeyi reddediyor? \u00b7         O\u011flumun davran\u0131\u015flar\u0131n\u0131 \u00f6nceden tahmin edebilmek neden bu kadar g\u00fc\u00e7? \u00b7         \u00c7ocuklar\u0131m yemek konusunda neden bu kadar se\u00e7ici? \u00b7         K\u0131z\u0131m geceleri neden aral\u0131ks\u0131z uyuyam\u0131yor? \u00b7         \u00c7ocu\u011fumla aramdaki s\u0131n\u0131rlar\u0131 en uygun \u015fekilde nas\u0131l \u00e7izmeliyim? \u00b7         Ondan beklentilerimin \u00e7ok mu -ya da az m\u0131- oldu\u011funu nas\u0131l anlayabilirim? \u00b7         Karde\u015fleriyle aras\u0131nda bitmek bilmeyen bu rekabetin \u00f6n\u00fcne nas\u0131l ge\u00e7erim?   Bu t\u00fcr endi\u015feleri payla\u015fan ebeveynlerin ayn\u0131 zamanda derinden hissettikleri ortak arzu da \u00e7ocuklar\u0131n\u0131 metanetli, kendinden emin, mutlu ve ba\u011f\u0131ms\u0131z bireyler olarak yeti\u015ftirmek&#8230; Ama nas\u0131l? S\u0131rt\u0131n\u0131 bilime yaslam\u0131\u015f, ayn\u0131 zamanda pratik ve anla\u015f\u0131l\u0131r \u00fcslubuyla Beyinden Bedene \u00c7ocuk Odakl\u0131 Ebeveynlik, bedeni ve beyni b\u00fct\u00fcnc\u00fcl \u015fekilde ele alarak \u00e7ocuklar\u0131n davran\u0131\u015flar\u0131n\u0131n alt\u0131nda nelerin yatt\u0131\u011f\u0131na ve onlar\u0131n geli\u015fimlerine i\u015fbirlik\u00e7i \u015fekilde nas\u0131l yard\u0131mc\u0131 olunaca\u011f\u0131na dair devrim niteli\u011finde bir \u00e7al\u0131\u015fma\u2026 Y\u0131llar\u0131n\u0131 bu alana vermi\u015f klinik psikolog Dr. Mona Delahooke\u2019nin kaleminden, bir \u00e7ocu\u011fun beyninin bedeninden ayr\u0131 olmad\u0131\u011f\u0131n\u0131 vurgulayan, biyoloji ve psikolojiyi harmanlayan yepyeni bir ebeveynlik anlay\u0131\u015f\u0131\u2026 Bu kitapla odak noktan\u0131z\u0131 davran\u0131\u015flara de\u011fil, davran\u0131\u015f\u0131n alt\u0131nda yatan etkenlere nas\u0131l kayd\u0131rabilece\u011finizi \u00f6\u011frenecek; b\u00f6ylece \u00e7aban\u0131z\u0131 herhangi bir ebeveynlik yakla\u015f\u0131m\u0131n\u0131 kavramaya \u00e7al\u0131\u015fmaktan ziyade \u00e7ocu\u011funuzu anlamaya y\u00f6nlendirebileceksiniz. Bu kitap, \u00e7ocuklar\u0131n\u0131n kontrol d\u0131\u015f\u0131 davran\u0131\u015flar\u0131yla m\u00fccadele eden ya da \u00e7\u0131kmazda hisseden her ebeveyn i\u00e7in\u2026 <\/p>\n","protected":false},"excerpt":{"rendered":"<p>\u201cBu kitab\u0131n her evde, erken \u00e7ocukluk ortam\u0131nda ve ilkokulda olmas\u0131 gerekiyor.\u201d\u2014MAGGIE DENT N\u00f6robilim ve \u00c7ocuk Psikolojisi Merce\u011findenBir \u00c7ocu\u011fun Zorlay\u0131c\u0131 Davran\u0131\u015flar\u0131n\u0131 Anlamak Anne-babalar\u0131n nesiller boyu sorduklar\u0131 sorular<span class=\"excerpt-hellip\"> [\u2026]<\/span><\/p>\n","protected":false},"featured_media":0,"template":"","meta":{"_monsterinsights_skip_tracking":false,"_monsterinsights_sitenote_active":false,"_monsterinsights_sitenote_note":"","_monsterinsights_sitenote_category":0},"product_brand":[],"product_cat":[12357],"product_tag":[],"class_list":{"0":"post-753464","1":"product","2":"type-product","3":"status-publish","5":"product_cat-psikoloji","6":"pa_cilt-ciltsiz","7":"pa_tur-kitap","8":"pa_yayinevi-kronik-kitap","9":"pa_yazar-mona-delahooke","11":"first","12":"instock","13":"sale","14":"shipping-taxable","15":"purchasable","16":"product-type-simple"},"_links":{"self":[{"href":"https:\/\/roveyayinevi.com.tr\/index.php\/wp-json\/wp\/v2\/product\/753464","targetHints":{"allow":["GET"]}}],"collection":[{"href":"https:\/\/roveyayinevi.com.tr\/index.php\/wp-json\/wp\/v2\/product"}],"about":[{"href":"https:\/\/roveyayinevi.com.tr\/index.php\/wp-json\/wp\/v2\/types\/product"}],"wp:attachment":[{"href":"https:\/\/roveyayinevi.com.tr\/index.php\/wp-json\/wp\/v2\/media?parent=753464"}],"wp:term":[{"taxonomy":"product_brand","embeddable":true,"href":"https:\/\/roveyayinevi.com.tr\/index.php\/wp-json\/wp\/v2\/product_brand?post=753464"},{"taxonomy":"product_cat","embeddable":true,"href":"https:\/\/roveyayinevi.com.tr\/index.php\/wp-json\/wp\/v2\/product_cat?post=753464"},{"taxonomy":"product_tag","embeddable":true,"href":"https:\/\/roveyayinevi.com.tr\/index.php\/wp-json\/wp\/v2\/product_tag?post=753464"}],"curies":[{"name":"wp","href":"https:\/\/api.w.org\/{rel}","templated":true}]}}