{"id":753463,"date":"2025-08-28T05:44:17","date_gmt":"2025-08-28T02:44:17","guid":{"rendered":"https:\/\/roveyayinevi.com.tr\/index.php\/urun\/istanbul-gunleri\/"},"modified":"2026-04-16T03:06:48","modified_gmt":"2026-04-16T00:06:48","slug":"istanbul-gunleri","status":"publish","type":"product","link":"https:\/\/roveyayinevi.com.tr\/index.php\/urun\/istanbul-gunleri\/","title":{"rendered":"\u0130stanbul G\u00fcnleri"},"content":{"rendered":"<p>HAMMER&#8217;\u0130N \u0130STANBUL SEYAHATNAMES\u0130 \u201cRenkli veya alt\u0131nla kaplanm\u0131\u015f kafeslerle denize do\u011fru uzanan cumbal\u0131 pencereler, g\u00f6k mavisi zemin \u00fczerindeki yald\u0131zl\u0131 kitabeler, uzun servi a\u011fa\u00e7lar\u0131 ve ayn\u0131 \u00f6l\u00e7\u00fcde y\u00fcksek ve narin bacalar minarelerle kar\u0131\u015fm\u0131\u015f, sihirli bir fenerden ge\u00e7er gibi denizin ucundaki manzara ve arkas\u0131ndaki yedi tepeye yay\u0131lm\u0131\u015f imparatorun \u015fehri, limandan a\u00e7\u0131lan mimari fantezinin d\u00fczensiz bir g\u00f6r\u00fcnt\u00fcs\u00fc Binbir Gece\u2019den hayal edilmi\u015f tasvir gibiydi. Kubbelerin ve minarelerin kar\u0131\u015f\u0131m\u0131, surlar ve sultan\u0131n saray\u0131n\u0131n servileri ve kubbeleri, limandaki direkler ile minareler korusu, ilk bak\u0131\u015fta fark\u0131na var\u0131lamayacak kadar muazzam ve heybetli idi. Kendimi do\u011fu d\u00fcnyas\u0131n\u0131n yeni intibalar denizine at\u0131verdim ve b\u00fcy\u00fck bir g\u00f6n\u00fcl rahatl\u0131\u011f\u0131 ile kar\u015f\u0131ma gelen her dalga ile yeni bir hayata kula\u00e7 att\u0131m.\u201d Joseph Von Hammer-Purgstall Tarih boyunca \u0130stanbul, do\u011fudan ve bat\u0131dan gelen bir\u00e7ok seyyah\u0131 b\u00fcy\u00fclemi\u015ftir. Bo\u011fazi\u00e7i k\u0131y\u0131lar\u0131, Fatih, \u00dcsk\u00fcdar, tarihi yar\u0131mada, surlar ve daha pek \u00e7ok yer seyyahlara ilham vermi\u015f, onlar\u0131n tekrar ve tekrar bu kadim \u015fehri ziyaret etmesine ya da hayallere dalmas\u0131na neden olmu\u015ftur. \u0130stanbul\u2019a dair kalem oynatanlar aras\u0131nda bir isim vard\u0131r ki Osmanl\u0131 co\u011frafyas\u0131na pek \u00e7ok y\u00f6n\u00fcyle hayranl\u0131k duymu\u015f, \u015fahsiyetini \u015fark ilgisi ve sevgisiyle b\u00fct\u00fcnle\u015ftirmi\u015ftir: Joseph von Hammer-Purgstall. Osmanl\u0131 seyahatn\u00e2melerini Avrupa\u2019ya ilk kez tan\u0131tan, merakl\u0131lar\u0131n ve tarih\u00e7ilerin h\u00e2l\u00e2 zevkle okudu\u011fu bir Osmanl\u0131 Tarihi\u2019ne imza atan, II. Mahmud\u2019un ni\u015f\u00e2n-\u0131 iftih\u00e2r ile taltif etti\u011fi bu d\u00fcnyaca \u00fcnl\u00fc Avusturyal\u0131 \u015farkiyat\u00e7\u0131 i\u00e7in \u0130stanbul, tarifsiz bir sevda gibidir. Hammer, 1799\u2019da \u0130stanbul\u2019a diplomatik bir g\u00f6revle terc\u00fcman olarak g\u00f6nderilmi\u015ftir. 1802\u2019de ise el\u00e7ilik sekreteri olmu\u015ftur. \u0130stanbul\u2019daki ikameti, 1806\u2019da Bo\u011fdan\u2019\u0131n Ya\u015f \u015fehrine Avusturya konsolosu olarak tayiniyle son bulmu\u015f, b\u00f6ylece bir daha \u0130stanbul\u2019a ve \u015eark \u00fclkelerine d\u00f6nememi\u015ftir. \u0130stanbul G\u00fcnleri; Hammer\u2019in \u015fark iklimine olan merak\u0131n\u0131, Osmanl\u0131 co\u011frafyas\u0131na olan d\u00fc\u015fk\u00fcnl\u00fc\u011f\u00fcn\u00fc ve \u0130stanbul\u2019a olan sevgisini, \u00f6zlemini en ince detaylar\u0131yla g\u00f6zler \u00f6n\u00fcne seriyor. Okurlar kitab\u0131n sayfalar\u0131 aras\u0131nda ilerledik\u00e7e Hammer\u2019in derin tarih bilgisine ve g\u00f6zlem yetene\u011fine hayran kal\u0131rken, Osmanl\u0131 \u0130mparatorlu\u011fu&#8217;nun son d\u00f6nemlerinde \u0130stanbul&#8217;daki ya\u015fam tarz\u0131, sosyal hayat ve g\u00fcnl\u00fck rutinler hakk\u0131nda elde edece\u011fi benzersiz bilgilerle de d\u00f6nemin atmosferini t\u00fcm canl\u0131l\u0131\u011f\u0131yla ya\u015f\u0131yor. Hammer; Viyana civar\u0131ndaki mezar ta\u015f\u0131nda Joseph olan ismini Y\u00fbsuf olarak kullanmas\u0131yla, kabrini bir H\u0131ristiyan mezar\u0131ndan \u00e7ok \u0130stanbul\u2019daki ulem\u00e2 kabirlerine benzetmesiyle \u015eark\u2019\u0131n \u201cManevi O\u011flu\u201d olmu\u015ftur. \u0130stanbul G\u00fcnleri hem b\u00f6ylesine bir tarih\u00e7inin \u0130stanbul\u2019a sundu\u011fu bir arma\u011fan hem de \u0130stanbul tutkunlar\u0131n\u0131n ba\u015fucundan eksik etmeyece\u011fi bir kaynak\u2026 <\/p>\n","protected":false},"excerpt":{"rendered":"<p>HAMMER&#8217;\u0130N \u0130STANBUL SEYAHATNAMES\u0130 \u201cRenkli veya alt\u0131nla kaplanm\u0131\u015f kafeslerle denize do\u011fru uzanan cumbal\u0131 pencereler, g\u00f6k mavisi zemin \u00fczerindeki yald\u0131zl\u0131 kitabeler, uzun servi a\u011fa\u00e7lar\u0131 ve ayn\u0131 \u00f6l\u00e7\u00fcde y\u00fcksek<span class=\"excerpt-hellip\"> [\u2026]<\/span><\/p>\n","protected":false},"featured_media":0,"template":"","meta":{"_monsterinsights_skip_tracking":false,"_monsterinsights_sitenote_active":false,"_monsterinsights_sitenote_note":"","_monsterinsights_sitenote_category":0},"product_brand":[],"product_cat":[12304],"product_tag":[],"class_list":{"0":"post-753463","1":"product","2":"type-product","3":"status-publish","5":"product_cat-tarih","6":"pa_cilt-ciltsiz","7":"pa_tur-kitap","8":"pa_yayinevi-kronik-kitap","9":"pa_yazar-joseph-von-hammer-purgstall","11":"first","12":"instock","13":"sale","14":"shipping-taxable","15":"purchasable","16":"product-type-simple"},"_links":{"self":[{"href":"https:\/\/roveyayinevi.com.tr\/index.php\/wp-json\/wp\/v2\/product\/753463","targetHints":{"allow":["GET"]}}],"collection":[{"href":"https:\/\/roveyayinevi.com.tr\/index.php\/wp-json\/wp\/v2\/product"}],"about":[{"href":"https:\/\/roveyayinevi.com.tr\/index.php\/wp-json\/wp\/v2\/types\/product"}],"wp:attachment":[{"href":"https:\/\/roveyayinevi.com.tr\/index.php\/wp-json\/wp\/v2\/media?parent=753463"}],"wp:term":[{"taxonomy":"product_brand","embeddable":true,"href":"https:\/\/roveyayinevi.com.tr\/index.php\/wp-json\/wp\/v2\/product_brand?post=753463"},{"taxonomy":"product_cat","embeddable":true,"href":"https:\/\/roveyayinevi.com.tr\/index.php\/wp-json\/wp\/v2\/product_cat?post=753463"},{"taxonomy":"product_tag","embeddable":true,"href":"https:\/\/roveyayinevi.com.tr\/index.php\/wp-json\/wp\/v2\/product_tag?post=753463"}],"curies":[{"name":"wp","href":"https:\/\/api.w.org\/{rel}","templated":true}]}}